{"id":140,"date":"2024-01-01T16:35:26","date_gmt":"2024-01-01T16:35:26","guid":{"rendered":"https:\/\/fashionuniform.ro\/?page_id=140"},"modified":"2024-01-12T14:03:45","modified_gmt":"2024-01-12T14:03:45","slug":"school-uniforms","status":"publish","type":"page","link":"https:\/\/fashionuniform.ro\/?page_id=140","title":{"rendered":"School Uniforms"},"content":{"rendered":"\t\t<div data-elementor-type=\"wp-page\" data-elementor-id=\"140\" class=\"elementor elementor-140\">\n\t\t\t\t<div class=\"elementor-element elementor-element-960a410 e-con-full e-flex e-con e-parent\" data-id=\"960a410\" data-element_type=\"container\">\n\t\t<div class=\"elementor-element elementor-element-7bd9160 e-flex e-con-boxed e-con e-child\" data-id=\"7bd9160\" data-element_type=\"container\">\n\t\t\t\t\t<div class=\"e-con-inner\">\n\t\t\t\t<div class=\"elementor-element elementor-element-f1b855a elementor-widget elementor-widget-heading\" data-id=\"f1b855a\" data-element_type=\"widget\" data-widget_type=\"heading.default\">\n\t\t\t\t<div class=\"elementor-widget-container\">\n\t\t\t<style>\/*! elementor - v3.22.0 - 26-06-2024 *\/\n.elementor-heading-title{padding:0;margin:0;line-height:1}.elementor-widget-heading .elementor-heading-title[class*=elementor-size-]>a{color:inherit;font-size:inherit;line-height:inherit}.elementor-widget-heading .elementor-heading-title.elementor-size-small{font-size:15px}.elementor-widget-heading .elementor-heading-title.elementor-size-medium{font-size:19px}.elementor-widget-heading .elementor-heading-title.elementor-size-large{font-size:29px}.elementor-widget-heading .elementor-heading-title.elementor-size-xl{font-size:39px}.elementor-widget-heading .elementor-heading-title.elementor-size-xxl{font-size:59px}<\/style><h2 class=\"elementor-heading-title elementor-size-default\">Uniformele \u0218colare<\/h2>\t\t<\/div>\n\t\t\t\t<\/div>\n\t\t\t\t\t<\/div>\n\t\t\t\t<\/div>\n\t\t\t\t<div class=\"elementor-element elementor-element-29b2190 elementor-arrows-position-inside elementor-pagination-position-outside elementor-widget elementor-widget-image-carousel\" data-id=\"29b2190\" data-element_type=\"widget\" data-settings=\"{&quot;slides_to_show&quot;:&quot;1&quot;,&quot;autoplay_speed&quot;:4000,&quot;navigation&quot;:&quot;both&quot;,&quot;autoplay&quot;:&quot;yes&quot;,&quot;pause_on_hover&quot;:&quot;yes&quot;,&quot;pause_on_interaction&quot;:&quot;yes&quot;,&quot;infinite&quot;:&quot;yes&quot;,&quot;effect&quot;:&quot;slide&quot;,&quot;speed&quot;:500}\" data-widget_type=\"image-carousel.default\">\n\t\t\t\t<div class=\"elementor-widget-container\">\n\t\t\t<style>\/*! elementor - v3.22.0 - 26-06-2024 *\/\n.elementor-widget-image-carousel .swiper,.elementor-widget-image-carousel .swiper-container{position:static}.elementor-widget-image-carousel .swiper-container .swiper-slide figure,.elementor-widget-image-carousel .swiper .swiper-slide figure{line-height:inherit}.elementor-widget-image-carousel .swiper-slide{text-align:center}.elementor-image-carousel-wrapper:not(.swiper-container-initialized):not(.swiper-initialized) .swiper-slide{max-width:calc(100% \/ var(--e-image-carousel-slides-to-show, 3))}<\/style>\t\t<div class=\"elementor-image-carousel-wrapper swiper\" dir=\"ltr\">\n\t\t\t<div class=\"elementor-image-carousel swiper-wrapper\" aria-live=\"off\">\n\t\t\t\t\t\t\t\t<div class=\"swiper-slide\" role=\"group\" aria-roledescription=\"slide\" aria-label=\"1 of 3\"><figure class=\"swiper-slide-inner\"><img decoding=\"async\" class=\"swiper-slide-image\" src=\"https:\/\/fashionuniform.ro\/wp-content\/uploads\/2024\/01\/SCHOOL-1-3.jpg\" alt=\"SCHOOL 1 (3)\" \/><\/figure><\/div><div class=\"swiper-slide\" role=\"group\" aria-roledescription=\"slide\" aria-label=\"2 of 3\"><figure class=\"swiper-slide-inner\"><img decoding=\"async\" class=\"swiper-slide-image\" src=\"https:\/\/fashionuniform.ro\/wp-content\/uploads\/2024\/01\/SCHOOL-1-2.jpg\" alt=\"SCHOOL 1 (2)\" \/><\/figure><\/div><div class=\"swiper-slide\" role=\"group\" aria-roledescription=\"slide\" aria-label=\"3 of 3\"><figure class=\"swiper-slide-inner\"><img decoding=\"async\" class=\"swiper-slide-image\" src=\"https:\/\/fashionuniform.ro\/wp-content\/uploads\/2024\/01\/SCHOOL-1-1.jpg\" alt=\"SCHOOL 1 (1)\" \/><\/figure><\/div>\t\t\t<\/div>\n\t\t\t\t\t\t\t\t\t\t\t\t<div class=\"elementor-swiper-button elementor-swiper-button-prev\" role=\"button\" tabindex=\"0\">\n\t\t\t\t\t\t<svg aria-hidden=\"true\" class=\"e-font-icon-svg e-eicon-chevron-left\" viewBox=\"0 0 1000 1000\" xmlns=\"http:\/\/www.w3.org\/2000\/svg\"><path d=\"M646 125C629 125 613 133 604 142L308 442C296 454 292 471 292 487 292 504 296 521 308 533L604 854C617 867 629 875 646 875 663 875 679 871 692 858 704 846 713 829 713 812 713 796 708 779 692 767L438 487 692 225C700 217 708 204 708 187 708 171 704 154 692 142 675 129 663 125 646 125Z\"><\/path><\/svg>\t\t\t\t\t<\/div>\n\t\t\t\t\t<div class=\"elementor-swiper-button elementor-swiper-button-next\" role=\"button\" tabindex=\"0\">\n\t\t\t\t\t\t<svg aria-hidden=\"true\" class=\"e-font-icon-svg e-eicon-chevron-right\" viewBox=\"0 0 1000 1000\" xmlns=\"http:\/\/www.w3.org\/2000\/svg\"><path d=\"M696 533C708 521 713 504 713 487 713 471 708 454 696 446L400 146C388 133 375 125 354 125 338 125 325 129 313 142 300 154 292 171 292 187 292 204 296 221 308 233L563 492 304 771C292 783 288 800 288 817 288 833 296 850 308 863 321 871 338 875 354 875 371 875 388 867 400 854L696 533Z\"><\/path><\/svg>\t\t\t\t\t<\/div>\n\t\t\t\t\n\t\t\t\t\t\t\t\t\t<div class=\"swiper-pagination\"><\/div>\n\t\t\t\t\t\t\t\t\t<\/div>\n\t\t\t\t<\/div>\n\t\t\t\t<\/div>\n\t\t\t\t<div class=\"elementor-element elementor-element-0a8999d elementor-widget-divider--view-line elementor-widget elementor-widget-divider\" data-id=\"0a8999d\" data-element_type=\"widget\" data-widget_type=\"divider.default\">\n\t\t\t\t<div class=\"elementor-widget-container\">\n\t\t\t<style>\/*! elementor - v3.22.0 - 26-06-2024 *\/\n.elementor-widget-divider{--divider-border-style:none;--divider-border-width:1px;--divider-color:#0c0d0e;--divider-icon-size:20px;--divider-element-spacing:10px;--divider-pattern-height:24px;--divider-pattern-size:20px;--divider-pattern-url:none;--divider-pattern-repeat:repeat-x}.elementor-widget-divider .elementor-divider{display:flex}.elementor-widget-divider .elementor-divider__text{font-size:15px;line-height:1;max-width:95%}.elementor-widget-divider .elementor-divider__element{margin:0 var(--divider-element-spacing);flex-shrink:0}.elementor-widget-divider .elementor-icon{font-size:var(--divider-icon-size)}.elementor-widget-divider .elementor-divider-separator{display:flex;margin:0;direction:ltr}.elementor-widget-divider--view-line_icon .elementor-divider-separator,.elementor-widget-divider--view-line_text .elementor-divider-separator{align-items:center}.elementor-widget-divider--view-line_icon .elementor-divider-separator:after,.elementor-widget-divider--view-line_icon .elementor-divider-separator:before,.elementor-widget-divider--view-line_text .elementor-divider-separator:after,.elementor-widget-divider--view-line_text .elementor-divider-separator:before{display:block;content:\"\";border-block-end:0;flex-grow:1;border-block-start:var(--divider-border-width) var(--divider-border-style) var(--divider-color)}.elementor-widget-divider--element-align-left .elementor-divider .elementor-divider-separator>.elementor-divider__svg:first-of-type{flex-grow:0;flex-shrink:100}.elementor-widget-divider--element-align-left .elementor-divider-separator:before{content:none}.elementor-widget-divider--element-align-left .elementor-divider__element{margin-left:0}.elementor-widget-divider--element-align-right .elementor-divider .elementor-divider-separator>.elementor-divider__svg:last-of-type{flex-grow:0;flex-shrink:100}.elementor-widget-divider--element-align-right .elementor-divider-separator:after{content:none}.elementor-widget-divider--element-align-right .elementor-divider__element{margin-right:0}.elementor-widget-divider--element-align-start .elementor-divider .elementor-divider-separator>.elementor-divider__svg:first-of-type{flex-grow:0;flex-shrink:100}.elementor-widget-divider--element-align-start .elementor-divider-separator:before{content:none}.elementor-widget-divider--element-align-start .elementor-divider__element{margin-inline-start:0}.elementor-widget-divider--element-align-end .elementor-divider .elementor-divider-separator>.elementor-divider__svg:last-of-type{flex-grow:0;flex-shrink:100}.elementor-widget-divider--element-align-end .elementor-divider-separator:after{content:none}.elementor-widget-divider--element-align-end .elementor-divider__element{margin-inline-end:0}.elementor-widget-divider:not(.elementor-widget-divider--view-line_text):not(.elementor-widget-divider--view-line_icon) .elementor-divider-separator{border-block-start:var(--divider-border-width) var(--divider-border-style) var(--divider-color)}.elementor-widget-divider--separator-type-pattern{--divider-border-style:none}.elementor-widget-divider--separator-type-pattern.elementor-widget-divider--view-line .elementor-divider-separator,.elementor-widget-divider--separator-type-pattern:not(.elementor-widget-divider--view-line) .elementor-divider-separator:after,.elementor-widget-divider--separator-type-pattern:not(.elementor-widget-divider--view-line) .elementor-divider-separator:before,.elementor-widget-divider--separator-type-pattern:not([class*=elementor-widget-divider--view]) .elementor-divider-separator{width:100%;min-height:var(--divider-pattern-height);-webkit-mask-size:var(--divider-pattern-size) 100%;mask-size:var(--divider-pattern-size) 100%;-webkit-mask-repeat:var(--divider-pattern-repeat);mask-repeat:var(--divider-pattern-repeat);background-color:var(--divider-color);-webkit-mask-image:var(--divider-pattern-url);mask-image:var(--divider-pattern-url)}.elementor-widget-divider--no-spacing{--divider-pattern-size:auto}.elementor-widget-divider--bg-round{--divider-pattern-repeat:round}.rtl .elementor-widget-divider .elementor-divider__text{direction:rtl}.e-con-inner>.elementor-widget-divider,.e-con>.elementor-widget-divider{width:var(--container-widget-width,100%);--flex-grow:var(--container-widget-flex-grow)}<\/style>\t\t<div class=\"elementor-divider\">\n\t\t\t<span class=\"elementor-divider-separator\">\n\t\t\t\t\t\t<\/span>\n\t\t<\/div>\n\t\t\t\t<\/div>\n\t\t\t\t<\/div>\n\t\t\t\t<\/div>\n\t\t<div class=\"elementor-element elementor-element-2055a45 e-flex e-con-boxed e-con e-parent\" data-id=\"2055a45\" data-element_type=\"container\">\n\t\t\t\t\t<div class=\"e-con-inner\">\n\t\t\t\t<div class=\"elementor-element elementor-element-65a74b8 elementor-widget elementor-widget-text-editor\" data-id=\"65a74b8\" data-element_type=\"widget\" data-widget_type=\"text-editor.default\">\n\t\t\t\t<div class=\"elementor-widget-container\">\n\t\t\t<style>\/*! elementor - v3.22.0 - 26-06-2024 *\/\n.elementor-widget-text-editor.elementor-drop-cap-view-stacked .elementor-drop-cap{background-color:#69727d;color:#fff}.elementor-widget-text-editor.elementor-drop-cap-view-framed .elementor-drop-cap{color:#69727d;border:3px solid;background-color:transparent}.elementor-widget-text-editor:not(.elementor-drop-cap-view-default) .elementor-drop-cap{margin-top:8px}.elementor-widget-text-editor:not(.elementor-drop-cap-view-default) .elementor-drop-cap-letter{width:1em;height:1em}.elementor-widget-text-editor .elementor-drop-cap{float:left;text-align:center;line-height:1;font-size:50px}.elementor-widget-text-editor .elementor-drop-cap-letter{display:inline-block}<\/style>\t\t\t\t<h4><strong>\u00cen\u0103l\u021barea educa\u021biei prin unitate:<\/strong><\/h4><h6><strong>Necesitatea \u0219i excelen\u021ba uniformei \u0219colare<\/strong><\/h6><p>Exist\u0103 o constant\u0103 care reprezint\u0103 piatra de temelie a disciplinei, unit\u0103\u021bii \u0219i m\u00e2ndriei \u00een peisajul educa\u021bional \u00een continu\u0103 evolu\u021bie: uniformele \u0219colare. Un element crucial \u00een promovarea unui mediu de \u00eenv\u0103\u021bare favorabil, uniformele \u0219colare dep\u0103\u0219esc simplele coduri vestimentare; ele reprezint\u0103 simboluri ale egalit\u0103\u021bii, identit\u0103\u021bii \u0219i angajamentului fa\u021b\u0103 de excelen\u021ba academic\u0103. La <strong>FashionUniform.ro<\/strong> , recunoa\u0219tem impactul profund pe care uniformele \u0219colare bine concepute \u0219i de calitate \u00eel pot avea asupra parcursului educa\u021bional al elevilor. Misiunea noastr\u0103 nu este doar de a oferi o varietate de uniforme, ci \u0219i de a ridica esen\u021ba vie\u021bii academice prin \u00eembr\u0103c\u0103minte care reflect\u0103 sensibilitatea modern\u0103, durabilitatea \u0219i incluziunea.<\/p><h6><strong>Necesitate dincolo de estetic\u0103: <\/strong><\/h6><p><strong>Impactul uniformelor \u0219colare asupra educa\u021biei<\/strong><\/p><p>Dincolo de atractivitatea lor aparent\u0103, uniformele \u0219colare joac\u0103 un rol crucial \u00een modelarea experien\u021bei educa\u021bionale a elevilor. Prin eliminarea diferen\u021belor socio-economice, uniformele creeaz\u0103 condi\u021bii de egalitate \u00een care to\u021bi elevii sunt egali, favoriz\u00e2nd un mediu de incluziune \u0219i respect reciproc. Acest efect egalizator este deosebit de puternic \u00een reducerea bullying-ului \u0219i \u00een promovarea unui sentiment de comunitate. Atunci c\u00e2nd elevii \u00ee\u0219i poart\u0103 uniformele, ei devin parte a ceva mai mare, o c\u0103utare colectiv\u0103 a cunoa\u0219terii, a cre\u0219terii \u0219i a valorilor comune.<\/p><p>Impactul psihologic al uniformelor \u0219colare este la fel de remarcabil. Uniformele \u00eei ajut\u0103 pe elevi s\u0103 \u00ee\u0219i dezvolte o imagine de sine pozitiv\u0103, insufl\u00e2ndu-le un sentiment de m\u00e2ndrie \u0219i de apartenen\u021b\u0103. Acest lucru contribuie la crearea unei atmosfere favorabile \u00eenv\u0103\u021b\u0103rii, \u00een care accentul se mut\u0103 de la aparen\u021be la c\u0103ut\u0103rile intelectuale. Cercet\u0103rile au ar\u0103tat \u00een mod constant c\u0103 uniformele \u0219colare sunt asociate cu o mai bun\u0103 disciplin\u0103, prezen\u021b\u0103 \u0219i rezultate academice. La FashionUniform.ro , \u00een\u021belegem profunzimea acestor efecte \u0219i ne str\u0103duim s\u0103 oferim uniforme care nu sunt doar \u00eembr\u0103c\u0103minte, ci instrumente de schimbare pozitiv\u0103 \u00een via\u021ba elevilor.<\/p><p><strong>Calitate, varietate \u0219i atrac\u021bie modern\u0103: Caracteristicile distinctive ale uniformelor noastre \u0219colare<\/strong><\/p><p>\u00cen centrul angajamentului nostru de a \u00eembun\u0103t\u0103\u021bi educa\u021bia se afl\u0103 dedicarea noastr\u0103 de a produce uniforme \u0219colare de cea mai \u00eenalt\u0103 calitate. Credem c\u0103 durabilitatea este la fel de important\u0103 ca \u0219i designul, iar uniformele noastre sunt construite pentru a rezista la rigorile vie\u021bii \u0219colare de zi cu zi, men\u021bin\u00e2nd \u00een acela\u0219i timp un aspect estetic atractiv. \u021aes\u0103turile pe care le folosim sunt selectate cu aten\u021bie pentru confort, respirabilitate \u0219i u\u0219urin\u021b\u0103 \u00een \u00eengrijire, permi\u021b\u00e2ndu-le elevilor s\u0103 se concentreze asupra studiilor f\u0103r\u0103 distrageri.<\/p><p>Diversitatea este un alt pilon al ofertei noastre. Recunosc\u00e2nd c\u0103 fiecare institu\u021bie de \u00eenv\u0103\u021b\u0103m\u00e2nt are propria identitate \u0219i cerin\u021be unice, oferim o gam\u0103 larg\u0103 de stiluri, culori \u0219i op\u021biuni de personalizare. De la modele tradi\u021bionale, care evoc\u0103 un sentiment de patrimoniu, la stiluri moderne \u0219i elegante, care rezoneaz\u0103 cu sensibilit\u0103\u021bile contemporane, colec\u021bia noastr\u0103 se adreseaz\u0103 diferitelor preferin\u021be ale \u0219colilor \u0219i studen\u021bilor. Angajamentul nostru fa\u021b\u0103 de diversitate se extinde dincolo de aspectul estetic; oferim o gam\u0103 de m\u0103rimi pentru a ne asigura c\u0103 fiecare elev, indiferent de tipul de corp, poate g\u0103si o uniform\u0103 confortabil\u0103.<\/p><p>\u00cembr\u0103\u021bi\u0219\u00e2nd epoca modern\u0103, uniformele noastre \u0219colare merg dincolo de conven\u021bional. \u00cen\u021belegem c\u0103 elevii din ziua de azi apreciaz\u0103 exprimarea de sine \u0219i individualitatea. <strong>Modelele noastre \u00eencorporeaz\u0103 tendin\u021bele moderne, permi\u021b\u00e2nd elevilor s\u0103 poarte uniforme care s\u0103 le reflecte personalitatea, respect\u00e2nd \u00een acela\u0219i timp regulile \u0219colii.<\/strong> Acest echilibru \u00eentre tradi\u021bie \u0219i modernitate este evident \u00een fiecare cus\u0103tur\u0103, buton \u0219i alegere de culoare, ceea ce face ca uniformele noastre s\u0103 fie at\u00e2t atemporale, c\u00e2t \u0219i relevante.<\/p><h5>Al\u0103tura\u021bi-v\u0103 experien\u021bei FashionUniform.ro<\/h5><p>\u00cen timp ce porni\u021bi \u00een c\u0103l\u0103toria de a v\u0103 \u00eembun\u0103t\u0103\u021bi institu\u021bia de \u00eenv\u0103\u021b\u0103m\u00e2nt cu uniforme \u0219colare de calitate, diverse \u0219i moderne, v\u0103 invit\u0103m s\u0103 explora\u021bi ofertele cuprinz\u0103toare ale FashionUniform.ro . Angajamentul nostru fa\u021b\u0103 de excelen\u021b\u0103 se extinde nu numai la produsele noastre, ci \u0219i la serviciile noastre pentru clien\u021bi. Contacta\u021bi-ne ast\u0103zi \u0219i haide\u021bi s\u0103 colabor\u0103m pentru a \u00eembun\u0103t\u0103\u021bi experien\u021ba educa\u021bional\u0103 a elevilor dumneavoastr\u0103. \u00cempreun\u0103, s\u0103 \u00eencuraj\u0103m un mediu \u00een care uniformele sunt mai mult dec\u00e2t ni\u0219te haine, ele sunt simboluri ale unit\u0103\u021bii, m\u00e2ndriei \u0219i urm\u0103ririi cunoa\u0219terii. Contacta\u021bi-ne la <strong>Hello@fashionuniform.ro<\/strong> \u0219i porni\u021bi \u00eentr-o c\u0103l\u0103torie transformatoare cu<strong> FashionUniform.ro .<\/strong><\/p>\t\t\t\t\t\t<\/div>\n\t\t\t\t<\/div>\n\t\t\t\t\t<\/div>\n\t\t\t\t<\/div>\n\t\t<div class=\"elementor-element elementor-element-c0d2cbb e-flex e-con-boxed e-con e-parent\" data-id=\"c0d2cbb\" data-element_type=\"container\">\n\t\t\t\t\t<div class=\"e-con-inner\">\n\t\t\t\t<div class=\"elementor-element elementor-element-bfb06d8 elementor-button-info elementor-align-center elementor-widget elementor-widget-button\" data-id=\"bfb06d8\" data-element_type=\"widget\" data-widget_type=\"button.default\">\n\t\t\t\t<div class=\"elementor-widget-container\">\n\t\t\t\t\t<div class=\"elementor-button-wrapper\">\n\t\t\t<a class=\"elementor-button elementor-button-link elementor-size-lg\" href=\"https:\/\/fashionuniform.ro\/?page_id=20\">\n\t\t\t\t\t\t<span class=\"elementor-button-content-wrapper\">\n\t\t\t\t\t\t<span class=\"elementor-button-icon\">\n\t\t\t\t<svg aria-hidden=\"true\" class=\"e-font-icon-svg e-fas-phone\" viewBox=\"0 0 512 512\" xmlns=\"http:\/\/www.w3.org\/2000\/svg\"><path d=\"M493.4 24.6l-104-24c-11.3-2.6-22.9 3.3-27.5 13.9l-48 112c-4.2 9.8-1.4 21.3 6.9 28l60.6 49.6c-36 76.7-98.9 140.5-177.2 177.2l-49.6-60.6c-6.8-8.3-18.2-11.1-28-6.9l-112 48C3.9 366.5-2 378.1.6 389.4l24 104C27.1 504.2 36.7 512 48 512c256.1 0 464-207.5 464-464 0-11.2-7.7-20.9-18.6-23.4z\"><\/path><\/svg>\t\t\t<\/span>\n\t\t\t\t\t\t\t\t\t<span class=\"elementor-button-text\">Suna\u021bi acum<\/span>\n\t\t\t\t\t<\/span>\n\t\t\t\t\t<\/a>\n\t\t<\/div>\n\t\t\t\t<\/div>\n\t\t\t\t<\/div>\n\t\t\t\t\t<\/div>\n\t\t\t\t<\/div>\n\t\t\t\t<\/div>\n\t\t","protected":false},"excerpt":{"rendered":"<p>Uniformele \u0218colare \u00cen\u0103l\u021barea educa\u021biei prin unitate: Necesitatea \u0219i excelen\u021ba uniformei \u0219colare Exist\u0103 o constant\u0103 care reprezint\u0103 piatra de temelie a disciplinei, unit\u0103\u021bii \u0219i m\u00e2ndriei \u00een peisajul educa\u021bional \u00een continu\u0103 evolu\u021bie: uniformele \u0219colare. Un element crucial \u00een promovarea unui mediu de \u00eenv\u0103\u021bare favorabil, uniformele \u0219colare dep\u0103\u0219esc simplele coduri vestimentare; ele reprezint\u0103 simboluri ale egalit\u0103\u021bii, identit\u0103\u021bii \u0219i [&hellip;]<\/p>\n","protected":false},"author":1,"featured_media":0,"parent":0,"menu_order":0,"comment_status":"closed","ping_status":"closed","template":"","meta":{"footnotes":""},"class_list":["post-140","page","type-page","status-publish","hentry"],"_links":{"self":[{"href":"https:\/\/fashionuniform.ro\/index.php?rest_route=\/wp\/v2\/pages\/140","targetHints":{"allow":["GET"]}}],"collection":[{"href":"https:\/\/fashionuniform.ro\/index.php?rest_route=\/wp\/v2\/pages"}],"about":[{"href":"https:\/\/fashionuniform.ro\/index.php?rest_route=\/wp\/v2\/types\/page"}],"author":[{"embeddable":true,"href":"https:\/\/fashionuniform.ro\/index.php?rest_route=\/wp\/v2\/users\/1"}],"replies":[{"embeddable":true,"href":"https:\/\/fashionuniform.ro\/index.php?rest_route=%2Fwp%2Fv2%2Fcomments&post=140"}],"version-history":[{"count":46,"href":"https:\/\/fashionuniform.ro\/index.php?rest_route=\/wp\/v2\/pages\/140\/revisions"}],"predecessor-version":[{"id":544,"href":"https:\/\/fashionuniform.ro\/index.php?rest_route=\/wp\/v2\/pages\/140\/revisions\/544"}],"wp:attachment":[{"href":"https:\/\/fashionuniform.ro\/index.php?rest_route=%2Fwp%2Fv2%2Fmedia&parent=140"}],"curies":[{"name":"wp","href":"https:\/\/api.w.org\/{rel}","templated":true}]}}