{"id":214,"date":"2024-01-01T19:46:01","date_gmt":"2024-01-01T19:46:01","guid":{"rendered":"https:\/\/fashionuniform.ro\/?page_id=214"},"modified":"2024-02-25T19:17:15","modified_gmt":"2024-02-25T19:17:15","slug":"industrial-uniforms","status":"publish","type":"page","link":"https:\/\/fashionuniform.ro\/?page_id=214","title":{"rendered":"Industrial Uniforms"},"content":{"rendered":"\t\t<div data-elementor-type=\"wp-page\" data-elementor-id=\"214\" class=\"elementor elementor-214\">\n\t\t\t\t<div class=\"elementor-element elementor-element-06c3c6e e-flex e-con-boxed e-con e-parent\" data-id=\"06c3c6e\" data-element_type=\"container\">\n\t\t\t\t\t<div class=\"e-con-inner\">\n\t\t\t\t<div class=\"elementor-element elementor-element-9b5dbb8 elementor-widget elementor-widget-heading\" data-id=\"9b5dbb8\" data-element_type=\"widget\" data-widget_type=\"heading.default\">\n\t\t\t\t<div class=\"elementor-widget-container\">\n\t\t\t<style>\/*! elementor - v3.22.0 - 26-06-2024 *\/\n.elementor-heading-title{padding:0;margin:0;line-height:1}.elementor-widget-heading .elementor-heading-title[class*=elementor-size-]>a{color:inherit;font-size:inherit;line-height:inherit}.elementor-widget-heading .elementor-heading-title.elementor-size-small{font-size:15px}.elementor-widget-heading .elementor-heading-title.elementor-size-medium{font-size:19px}.elementor-widget-heading .elementor-heading-title.elementor-size-large{font-size:29px}.elementor-widget-heading .elementor-heading-title.elementor-size-xl{font-size:39px}.elementor-widget-heading .elementor-heading-title.elementor-size-xxl{font-size:59px}<\/style><h2 class=\"elementor-heading-title elementor-size-default\">Uniforme industriale \/ uniforme de lucru<\/h2>\t\t<\/div>\n\t\t\t\t<\/div>\n\t\t\t\t\t<\/div>\n\t\t\t\t<\/div>\n\t\t<div class=\"elementor-element elementor-element-960a410 e-con-full e-flex e-con e-parent\" data-id=\"960a410\" data-element_type=\"container\">\n\t\t\t\t<div class=\"elementor-element elementor-element-29b2190 elementor-widget__width-inherit elementor-arrows-position-inside elementor-pagination-position-outside elementor-widget elementor-widget-image-carousel\" data-id=\"29b2190\" data-element_type=\"widget\" data-settings=\"{&quot;slides_to_show&quot;:&quot;3&quot;,&quot;autoplay_speed&quot;:4000,&quot;navigation&quot;:&quot;both&quot;,&quot;autoplay&quot;:&quot;yes&quot;,&quot;pause_on_hover&quot;:&quot;yes&quot;,&quot;pause_on_interaction&quot;:&quot;yes&quot;,&quot;infinite&quot;:&quot;yes&quot;,&quot;speed&quot;:500}\" data-widget_type=\"image-carousel.default\">\n\t\t\t\t<div class=\"elementor-widget-container\">\n\t\t\t<style>\/*! elementor - v3.22.0 - 26-06-2024 *\/\n.elementor-widget-image-carousel .swiper,.elementor-widget-image-carousel .swiper-container{position:static}.elementor-widget-image-carousel .swiper-container .swiper-slide figure,.elementor-widget-image-carousel .swiper .swiper-slide figure{line-height:inherit}.elementor-widget-image-carousel .swiper-slide{text-align:center}.elementor-image-carousel-wrapper:not(.swiper-container-initialized):not(.swiper-initialized) .swiper-slide{max-width:calc(100% \/ var(--e-image-carousel-slides-to-show, 3))}<\/style>\t\t<div class=\"elementor-image-carousel-wrapper swiper\" dir=\"ltr\">\n\t\t\t<div class=\"elementor-image-carousel swiper-wrapper swiper-image-stretch\" aria-live=\"off\">\n\t\t\t\t\t\t\t\t<div class=\"swiper-slide\" role=\"group\" aria-roledescription=\"slide\" aria-label=\"1 of 14\"><figure class=\"swiper-slide-inner\"><img decoding=\"async\" class=\"swiper-slide-image\" src=\"https:\/\/fashionuniform.ro\/wp-content\/uploads\/2024\/01\/Poppins-10-e1708888401996.jpg\" alt=\"Poppins (10)\" \/><\/figure><\/div><div class=\"swiper-slide\" role=\"group\" aria-roledescription=\"slide\" aria-label=\"2 of 14\"><figure class=\"swiper-slide-inner\"><img decoding=\"async\" class=\"swiper-slide-image\" src=\"https:\/\/fashionuniform.ro\/wp-content\/uploads\/2024\/01\/iu-768x593.jpg\" alt=\"iu\" \/><\/figure><\/div><div class=\"swiper-slide\" role=\"group\" aria-roledescription=\"slide\" aria-label=\"3 of 14\"><figure class=\"swiper-slide-inner\"><img decoding=\"async\" class=\"swiper-slide-image\" src=\"https:\/\/fashionuniform.ro\/wp-content\/uploads\/2024\/02\/Poppins-18-e1708888434548.jpg\" alt=\"Poppins (18)\" \/><\/figure><\/div><div class=\"swiper-slide\" role=\"group\" aria-roledescription=\"slide\" aria-label=\"4 of 14\"><figure class=\"swiper-slide-inner\"><img decoding=\"async\" class=\"swiper-slide-image\" src=\"https:\/\/fashionuniform.ro\/wp-content\/uploads\/2024\/01\/E1.jpg\" alt=\"E1\" \/><\/figure><\/div><div class=\"swiper-slide\" role=\"group\" aria-roledescription=\"slide\" aria-label=\"5 of 14\"><figure class=\"swiper-slide-inner\"><img decoding=\"async\" class=\"swiper-slide-image\" src=\"https:\/\/fashionuniform.ro\/wp-content\/uploads\/2024\/01\/E-BASLIK.jpg\" alt=\"E BA\u015eLIK\" \/><\/figure><\/div><div class=\"swiper-slide\" role=\"group\" aria-roledescription=\"slide\" aria-label=\"6 of 14\"><figure class=\"swiper-slide-inner\"><img decoding=\"async\" class=\"swiper-slide-image\" src=\"https:\/\/fashionuniform.ro\/wp-content\/uploads\/2024\/02\/Poppins-16-e1708888421461.jpg\" alt=\"Poppins (16)\" \/><\/figure><\/div><div class=\"swiper-slide\" role=\"group\" aria-roledescription=\"slide\" aria-label=\"7 of 14\"><figure class=\"swiper-slide-inner\"><img decoding=\"async\" class=\"swiper-slide-image\" src=\"https:\/\/fashionuniform.ro\/wp-content\/uploads\/2024\/01\/E3.jpg\" alt=\"E3\" \/><\/figure><\/div><div class=\"swiper-slide\" role=\"group\" aria-roledescription=\"slide\" aria-label=\"8 of 14\"><figure class=\"swiper-slide-inner\"><img decoding=\"async\" class=\"swiper-slide-image\" src=\"https:\/\/fashionuniform.ro\/wp-content\/uploads\/2024\/02\/Poppins-20-e1708888466753.jpg\" alt=\"Poppins (20)\" \/><\/figure><\/div><div class=\"swiper-slide\" role=\"group\" aria-roledescription=\"slide\" aria-label=\"9 of 14\"><figure class=\"swiper-slide-inner\"><img decoding=\"async\" class=\"swiper-slide-image\" src=\"https:\/\/fashionuniform.ro\/wp-content\/uploads\/2024\/01\/b3-1-768x768.jpg\" alt=\"b3\" \/><\/figure><\/div><div class=\"swiper-slide\" role=\"group\" aria-roledescription=\"slide\" aria-label=\"10 of 14\"><figure class=\"swiper-slide-inner\"><img decoding=\"async\" class=\"swiper-slide-image\" src=\"https:\/\/fashionuniform.ro\/wp-content\/uploads\/2024\/01\/m2-2.jpg\" alt=\"m2\" \/><\/figure><\/div><div class=\"swiper-slide\" role=\"group\" aria-roledescription=\"slide\" aria-label=\"11 of 14\"><figure class=\"swiper-slide-inner\"><img decoding=\"async\" class=\"swiper-slide-image\" src=\"https:\/\/fashionuniform.ro\/wp-content\/uploads\/2024\/01\/b5.jpg\" alt=\"b5\" \/><\/figure><\/div><div class=\"swiper-slide\" role=\"group\" aria-roledescription=\"slide\" aria-label=\"12 of 14\"><figure class=\"swiper-slide-inner\"><img decoding=\"async\" class=\"swiper-slide-image\" src=\"https:\/\/fashionuniform.ro\/wp-content\/uploads\/2024\/01\/ar1-768x768.webp\" alt=\"ar1\" \/><\/figure><\/div><div class=\"swiper-slide\" role=\"group\" aria-roledescription=\"slide\" aria-label=\"13 of 14\"><figure class=\"swiper-slide-inner\"><img decoding=\"async\" class=\"swiper-slide-image\" src=\"https:\/\/fashionuniform.ro\/wp-content\/uploads\/2024\/01\/ar-768x768.jpg\" alt=\"ar\" \/><\/figure><\/div><div class=\"swiper-slide\" role=\"group\" aria-roledescription=\"slide\" aria-label=\"14 of 14\"><figure class=\"swiper-slide-inner\"><img decoding=\"async\" class=\"swiper-slide-image\" src=\"https:\/\/fashionuniform.ro\/wp-content\/uploads\/2024\/01\/b1-1.jpg\" alt=\"b1\" \/><\/figure><\/div>\t\t\t<\/div>\n\t\t\t\t\t\t\t\t\t\t\t\t<div class=\"elementor-swiper-button elementor-swiper-button-prev\" role=\"button\" tabindex=\"0\">\n\t\t\t\t\t\t<svg aria-hidden=\"true\" class=\"e-font-icon-svg e-eicon-chevron-left\" viewBox=\"0 0 1000 1000\" xmlns=\"http:\/\/www.w3.org\/2000\/svg\"><path d=\"M646 125C629 125 613 133 604 142L308 442C296 454 292 471 292 487 292 504 296 521 308 533L604 854C617 867 629 875 646 875 663 875 679 871 692 858 704 846 713 829 713 812 713 796 708 779 692 767L438 487 692 225C700 217 708 204 708 187 708 171 704 154 692 142 675 129 663 125 646 125Z\"><\/path><\/svg>\t\t\t\t\t<\/div>\n\t\t\t\t\t<div class=\"elementor-swiper-button elementor-swiper-button-next\" role=\"button\" tabindex=\"0\">\n\t\t\t\t\t\t<svg aria-hidden=\"true\" class=\"e-font-icon-svg e-eicon-chevron-right\" viewBox=\"0 0 1000 1000\" xmlns=\"http:\/\/www.w3.org\/2000\/svg\"><path d=\"M696 533C708 521 713 504 713 487 713 471 708 454 696 446L400 146C388 133 375 125 354 125 338 125 325 129 313 142 300 154 292 171 292 187 292 204 296 221 308 233L563 492 304 771C292 783 288 800 288 817 288 833 296 850 308 863 321 871 338 875 354 875 371 875 388 867 400 854L696 533Z\"><\/path><\/svg>\t\t\t\t\t<\/div>\n\t\t\t\t\n\t\t\t\t\t\t\t\t\t<div class=\"swiper-pagination\"><\/div>\n\t\t\t\t\t\t\t\t\t<\/div>\n\t\t\t\t<\/div>\n\t\t\t\t<\/div>\n\t\t\t\t<div class=\"elementor-element elementor-element-0a8999d elementor-widget-divider--view-line elementor-widget elementor-widget-divider\" data-id=\"0a8999d\" data-element_type=\"widget\" data-widget_type=\"divider.default\">\n\t\t\t\t<div class=\"elementor-widget-container\">\n\t\t\t<style>\/*! elementor - v3.22.0 - 26-06-2024 *\/\n.elementor-widget-divider{--divider-border-style:none;--divider-border-width:1px;--divider-color:#0c0d0e;--divider-icon-size:20px;--divider-element-spacing:10px;--divider-pattern-height:24px;--divider-pattern-size:20px;--divider-pattern-url:none;--divider-pattern-repeat:repeat-x}.elementor-widget-divider .elementor-divider{display:flex}.elementor-widget-divider .elementor-divider__text{font-size:15px;line-height:1;max-width:95%}.elementor-widget-divider .elementor-divider__element{margin:0 var(--divider-element-spacing);flex-shrink:0}.elementor-widget-divider .elementor-icon{font-size:var(--divider-icon-size)}.elementor-widget-divider .elementor-divider-separator{display:flex;margin:0;direction:ltr}.elementor-widget-divider--view-line_icon .elementor-divider-separator,.elementor-widget-divider--view-line_text .elementor-divider-separator{align-items:center}.elementor-widget-divider--view-line_icon .elementor-divider-separator:after,.elementor-widget-divider--view-line_icon .elementor-divider-separator:before,.elementor-widget-divider--view-line_text .elementor-divider-separator:after,.elementor-widget-divider--view-line_text .elementor-divider-separator:before{display:block;content:\"\";border-block-end:0;flex-grow:1;border-block-start:var(--divider-border-width) var(--divider-border-style) var(--divider-color)}.elementor-widget-divider--element-align-left .elementor-divider .elementor-divider-separator>.elementor-divider__svg:first-of-type{flex-grow:0;flex-shrink:100}.elementor-widget-divider--element-align-left .elementor-divider-separator:before{content:none}.elementor-widget-divider--element-align-left .elementor-divider__element{margin-left:0}.elementor-widget-divider--element-align-right .elementor-divider .elementor-divider-separator>.elementor-divider__svg:last-of-type{flex-grow:0;flex-shrink:100}.elementor-widget-divider--element-align-right .elementor-divider-separator:after{content:none}.elementor-widget-divider--element-align-right .elementor-divider__element{margin-right:0}.elementor-widget-divider--element-align-start .elementor-divider .elementor-divider-separator>.elementor-divider__svg:first-of-type{flex-grow:0;flex-shrink:100}.elementor-widget-divider--element-align-start .elementor-divider-separator:before{content:none}.elementor-widget-divider--element-align-start .elementor-divider__element{margin-inline-start:0}.elementor-widget-divider--element-align-end .elementor-divider .elementor-divider-separator>.elementor-divider__svg:last-of-type{flex-grow:0;flex-shrink:100}.elementor-widget-divider--element-align-end .elementor-divider-separator:after{content:none}.elementor-widget-divider--element-align-end .elementor-divider__element{margin-inline-end:0}.elementor-widget-divider:not(.elementor-widget-divider--view-line_text):not(.elementor-widget-divider--view-line_icon) .elementor-divider-separator{border-block-start:var(--divider-border-width) var(--divider-border-style) var(--divider-color)}.elementor-widget-divider--separator-type-pattern{--divider-border-style:none}.elementor-widget-divider--separator-type-pattern.elementor-widget-divider--view-line .elementor-divider-separator,.elementor-widget-divider--separator-type-pattern:not(.elementor-widget-divider--view-line) .elementor-divider-separator:after,.elementor-widget-divider--separator-type-pattern:not(.elementor-widget-divider--view-line) .elementor-divider-separator:before,.elementor-widget-divider--separator-type-pattern:not([class*=elementor-widget-divider--view]) .elementor-divider-separator{width:100%;min-height:var(--divider-pattern-height);-webkit-mask-size:var(--divider-pattern-size) 100%;mask-size:var(--divider-pattern-size) 100%;-webkit-mask-repeat:var(--divider-pattern-repeat);mask-repeat:var(--divider-pattern-repeat);background-color:var(--divider-color);-webkit-mask-image:var(--divider-pattern-url);mask-image:var(--divider-pattern-url)}.elementor-widget-divider--no-spacing{--divider-pattern-size:auto}.elementor-widget-divider--bg-round{--divider-pattern-repeat:round}.rtl .elementor-widget-divider .elementor-divider__text{direction:rtl}.e-con-inner>.elementor-widget-divider,.e-con>.elementor-widget-divider{width:var(--container-widget-width,100%);--flex-grow:var(--container-widget-flex-grow)}<\/style>\t\t<div class=\"elementor-divider\">\n\t\t\t<span class=\"elementor-divider-separator\">\n\t\t\t\t\t\t<\/span>\n\t\t<\/div>\n\t\t\t\t<\/div>\n\t\t\t\t<\/div>\n\t\t\t\t<\/div>\n\t\t<div class=\"elementor-element elementor-element-2055a45 e-flex e-con-boxed e-con e-parent\" data-id=\"2055a45\" data-element_type=\"container\">\n\t\t\t\t\t<div class=\"e-con-inner\">\n\t\t\t\t<div class=\"elementor-element elementor-element-65a74b8 elementor-widget elementor-widget-text-editor\" data-id=\"65a74b8\" data-element_type=\"widget\" data-widget_type=\"text-editor.default\">\n\t\t\t\t<div class=\"elementor-widget-container\">\n\t\t\t<style>\/*! elementor - v3.22.0 - 26-06-2024 *\/\n.elementor-widget-text-editor.elementor-drop-cap-view-stacked .elementor-drop-cap{background-color:#69727d;color:#fff}.elementor-widget-text-editor.elementor-drop-cap-view-framed .elementor-drop-cap{color:#69727d;border:3px solid;background-color:transparent}.elementor-widget-text-editor:not(.elementor-drop-cap-view-default) .elementor-drop-cap{margin-top:8px}.elementor-widget-text-editor:not(.elementor-drop-cap-view-default) .elementor-drop-cap-letter{width:1em;height:1em}.elementor-widget-text-editor .elementor-drop-cap{float:left;text-align:center;line-height:1;font-size:50px}.elementor-widget-text-editor .elementor-drop-cap-letter{display:inline-block}<\/style>\t\t\t\t<h4>Bine a\u021bi venit pe FashionUniform.ro, unde redefinim esen\u021ba \u00eens\u0103\u0219i a \u00eembr\u0103c\u0103mintei de lucru industriale.<\/h4><p><br \/><strong>\u00cen lumea dinamic\u0103 a comer\u021bului, semnifica\u021bia uniformelor transcende simpla estetic\u0103; este un simbol al unit\u0103\u021bii, siguran\u021bei \u0219i profesionalismului.<\/strong> C\u0103l\u0103toria noastr\u0103 \u00eencepe cu o \u00een\u021belegere profund\u0103 a rolului esen\u021bial pe care \u00eel joac\u0103 uniformele \u00een peisajul industrial. Recunoa\u0219tem nevoia de \u00eembr\u0103c\u0103minte care nu numai c\u0103 asigur\u0103 bun\u0103starea lucr\u0103torilor, dar eman\u0103 \u0219i un aspect modern \u0219i sofisticat. La <strong>FashionUniform.ro<\/strong> , ne m\u00e2ndrim cu confec\u021bionarea de uniforme industriale care \u00eembin\u0103 perfect calitatea, varietatea \u0219i stilul contemporan, stabilind un nou standard \u00een domeniul \u021binutelor de lucru.<\/p><p><br \/>\u00cen sectoarele industriale competitive \u0219i cu ritm rapid din zilele noastre, siguran\u021ba \u0219i bun\u0103starea lucr\u0103torilor sunt primordiale. Uniformele industriale servesc ca o component\u0103 crucial\u0103 \u00een crearea unui mediu de lucru sigur \u0219i conform. Dincolo de caracteristicile evidente de protec\u021bie, uniformele noastre sunt concepute cu meticulozitate pentru a satisface nevoile specifice ale diferitelor industrii, asigur\u00e2nd c\u0103 fiecare articol de \u00eembr\u0103c\u0103minte ofer\u0103 func\u021bionalitate \u0219i durabilitate optime. Fie c\u0103 este vorba de materiale rezistente la fl\u0103c\u0103ri pentru cei care lucreaz\u0103 \u00een medii periculoase sau de \u021bes\u0103turi cu vizibilitate ridicat\u0103 pentru o siguran\u021b\u0103 sporit\u0103 \u00een condi\u021bii de lumin\u0103 sc\u0103zut\u0103, gama noastr\u0103 de uniforme industriale este o dovad\u0103 a angajamentului nostru de a proteja for\u021ba de munc\u0103.<\/p><p><br \/>Calitatea este piatra de temelie a <strong>FashionUniform.ro<\/strong> , iar uniformele noastre industriale exemplific\u0103 acest angajament. Ne aprovizion\u0103m cu materiale de calitate superioar\u0103 pentru a ne asigura c\u0103 fiecare articol de \u00eembr\u0103c\u0103minte rezist\u0103 la rigorile din mediile industriale, oferind \u00een acela\u0219i timp un confort de neegalat. Dedicarea noastr\u0103 pentru calitate se extinde la fiecare detaliu, de la cus\u0103turi \u00eent\u0103rite la elemente de design inovatoare. Acest accent pus pe durabilitate nu numai c\u0103 spore\u0219te longevitatea uniformelor, dar reflect\u0103 \u0219i angajamentul nostru de a contribui la practicile durabile prin reducerea frecven\u021bei de \u00eenlocuire. <strong>La FashionUniform.ro , credem c\u0103 o uniform\u0103 fiabil\u0103 \u0219i durabil\u0103 nu este doar o pies\u0103 de \u00eembr\u0103c\u0103minte, ci o dovad\u0103 a angajamentului nostru de nezdruncinat fa\u021b\u0103 de excelen\u021b\u0103.<\/strong><\/p><p><br \/>Diversitatea este un aspect cheie al colec\u021biei noastre de uniforme industriale, recunosc\u00e2nd faptul c\u0103 diferite industrii necesit\u0103 solu\u021bii diferite. Gama noastr\u0103 extins\u0103 se adreseaz\u0103 unei multitudini de profesii, de la produc\u021bie \u0219i construc\u021bii la asisten\u021b\u0103 medical\u0103 \u0219i ospitalitate. Fiecare uniform\u0103 este conceput\u0103 cu aten\u021bie pentru a satisface cerin\u021bele unice ale locului de munc\u0103, oferind \u00een acela\u0219i timp un aspect consistent \u0219i profesional. Op\u021biunile noastre personalizabile permit \u00eentreprinderilor s\u0103 \u00eencorporeze identitatea m\u0103rcii lor \u00een uniforme, promov\u00e2nd un sentiment de unitate \u00een r\u00e2ndul angaja\u021bilor. <strong>Estetica modern\u0103 a uniformelor noastre industriale le diferen\u021biaz\u0103, provoc\u00e2nd no\u021biunea tradi\u021bional\u0103 de \u00eembr\u0103c\u0103minte de lucru ca fiind pur utilitar\u0103.<\/strong> \u00cen\u021belegem c\u0103 aspectul for\u021bei de munc\u0103 contribuie la imaginea general\u0103 a unei companii, iar uniformele noastre sunt adaptate pentru a reflecta un ethos contemporan \u0219i orientat spre viitor.<\/p><p><br \/>\u00centr-o epoc\u0103 \u00een care prima impresie conteaz\u0103, atractivitatea vizual\u0103 a uniformelor industriale nu mai este un aspect secundar. La FashionUniform.ro , recunoa\u0219tem c\u0103 o \u00eenf\u0103\u021bi\u0219are modern\u0103 \u0219i elegant\u0103 poate avea un impact pozitiv asupra moralului angaja\u021bilor \u0219i poate proiecta o imagine pozitiv\u0103 pentru clien\u021bi \u0219i clien\u021bi. <strong>Echipa noastr\u0103 de design combin\u0103 func\u021bionalitatea cu moda, cre\u00e2nd uniforme industriale care nu numai c\u0103 prioritizeaz\u0103 siguran\u021ba, ci \u0219i ridic\u0103 aspectul general al for\u021bei de munc\u0103.<\/strong> Liniile elegante, t\u0103ieturile contemporane \u0219i aten\u021bia la detalii ale uniformelor noastre fac din acestea o declara\u021bie de profesionalism \u0219i modernitate. Credem c\u0103 \u00eembr\u0103c\u0103mintea de lucru nu ar trebui s\u0103 fie un compromis \u00eentre siguran\u021b\u0103 \u0219i stil, iar uniformele noastre industriale le \u00eembin\u0103 perfect pe cele dou\u0103, stabilind un nou standard \u00een industrie.<\/p><p><br \/>\u00cen timp ce naviga\u021bi pe site-ul nostru, explora\u021bi gama divers\u0103 de uniforme industriale pe care o oferim \u0219i descoperi\u021bi cum redefinim \u00eembr\u0103c\u0103mintea de lucru pentru for\u021ba de munc\u0103 modern\u0103. La <strong>FashionUniform.ro<\/strong> , angajamentul nostru fa\u021b\u0103 de calitate, varietate \u0219i design contemporan este evident \u00een fiecare cus\u0103tur\u0103. V\u0103 invit\u0103m s\u0103 ne contacta\u021bi \u0219i s\u0103 explora\u021bi modul \u00een care uniformele noastre industriale pot ridica imaginea \u0219i standardele de siguran\u021b\u0103 ale for\u021bei dumneavoastr\u0103 de munc\u0103. <strong>Contacta\u021bi-ne ast\u0103zi pentru a discuta despre nevoile dvs. specifice \u0219i l\u0103sa\u021bi FashionUniform.ro s\u0103 fie partenerul dvs. \u00een crearea unui mediu de lucru mai sigur, mai stilat \u0219i extrem de profesionist.<\/strong><\/p>\t\t\t\t\t\t<\/div>\n\t\t\t\t<\/div>\n\t\t\t\t\t<\/div>\n\t\t\t\t<\/div>\n\t\t<div class=\"elementor-element elementor-element-c0d2cbb e-flex e-con-boxed e-con e-parent\" data-id=\"c0d2cbb\" data-element_type=\"container\">\n\t\t\t\t\t<div class=\"e-con-inner\">\n\t\t\t\t<div class=\"elementor-element elementor-element-bfb06d8 elementor-button-info elementor-align-center elementor-widget elementor-widget-button\" data-id=\"bfb06d8\" data-element_type=\"widget\" data-widget_type=\"button.default\">\n\t\t\t\t<div class=\"elementor-widget-container\">\n\t\t\t\t\t<div class=\"elementor-button-wrapper\">\n\t\t\t<a class=\"elementor-button elementor-button-link elementor-size-lg\" href=\"https:\/\/fashionuniform.ro\/?page_id=20\">\n\t\t\t\t\t\t<span class=\"elementor-button-content-wrapper\">\n\t\t\t\t\t\t<span class=\"elementor-button-icon\">\n\t\t\t\t<svg aria-hidden=\"true\" class=\"e-font-icon-svg e-fas-phone\" viewBox=\"0 0 512 512\" xmlns=\"http:\/\/www.w3.org\/2000\/svg\"><path d=\"M493.4 24.6l-104-24c-11.3-2.6-22.9 3.3-27.5 13.9l-48 112c-4.2 9.8-1.4 21.3 6.9 28l60.6 49.6c-36 76.7-98.9 140.5-177.2 177.2l-49.6-60.6c-6.8-8.3-18.2-11.1-28-6.9l-112 48C3.9 366.5-2 378.1.6 389.4l24 104C27.1 504.2 36.7 512 48 512c256.1 0 464-207.5 464-464 0-11.2-7.7-20.9-18.6-23.4z\"><\/path><\/svg>\t\t\t<\/span>\n\t\t\t\t\t\t\t\t\t<span class=\"elementor-button-text\">Suna\u021bi acum<\/span>\n\t\t\t\t\t<\/span>\n\t\t\t\t\t<\/a>\n\t\t<\/div>\n\t\t\t\t<\/div>\n\t\t\t\t<\/div>\n\t\t\t\t\t<\/div>\n\t\t\t\t<\/div>\n\t\t\t\t<\/div>\n\t\t","protected":false},"excerpt":{"rendered":"<p>Uniforme industriale \/ uniforme de lucru Bine a\u021bi venit pe FashionUniform.ro, unde redefinim esen\u021ba \u00eens\u0103\u0219i a \u00eembr\u0103c\u0103mintei de lucru industriale. \u00cen lumea dinamic\u0103 a comer\u021bului, semnifica\u021bia uniformelor transcende simpla estetic\u0103; este un simbol al unit\u0103\u021bii, siguran\u021bei \u0219i profesionalismului. C\u0103l\u0103toria noastr\u0103 \u00eencepe cu o \u00een\u021belegere profund\u0103 a rolului esen\u021bial pe care \u00eel joac\u0103 uniformele \u00een peisajul [&hellip;]<\/p>\n","protected":false},"author":1,"featured_media":0,"parent":0,"menu_order":0,"comment_status":"closed","ping_status":"closed","template":"","meta":{"footnotes":""},"class_list":["post-214","page","type-page","status-publish","hentry"],"_links":{"self":[{"href":"https:\/\/fashionuniform.ro\/index.php?rest_route=\/wp\/v2\/pages\/214","targetHints":{"allow":["GET"]}}],"collection":[{"href":"https:\/\/fashionuniform.ro\/index.php?rest_route=\/wp\/v2\/pages"}],"about":[{"href":"https:\/\/fashionuniform.ro\/index.php?rest_route=\/wp\/v2\/types\/page"}],"author":[{"embeddable":true,"href":"https:\/\/fashionuniform.ro\/index.php?rest_route=\/wp\/v2\/users\/1"}],"replies":[{"embeddable":true,"href":"https:\/\/fashionuniform.ro\/index.php?rest_route=%2Fwp%2Fv2%2Fcomments&post=214"}],"version-history":[{"count":19,"href":"https:\/\/fashionuniform.ro\/index.php?rest_route=\/wp\/v2\/pages\/214\/revisions"}],"predecessor-version":[{"id":913,"href":"https:\/\/fashionuniform.ro\/index.php?rest_route=\/wp\/v2\/pages\/214\/revisions\/913"}],"wp:attachment":[{"href":"https:\/\/fashionuniform.ro\/index.php?rest_route=%2Fwp%2Fv2%2Fmedia&parent=214"}],"curies":[{"name":"wp","href":"https:\/\/api.w.org\/{rel}","templated":true}]}}