{"id":223,"date":"2024-01-01T19:59:50","date_gmt":"2024-01-01T19:59:50","guid":{"rendered":"https:\/\/fashionuniform.ro\/?page_id=223"},"modified":"2024-01-12T14:10:15","modified_gmt":"2024-01-12T14:10:15","slug":"security-uniforms","status":"publish","type":"page","link":"https:\/\/fashionuniform.ro\/?page_id=223","title":{"rendered":"Security Uniforms"},"content":{"rendered":"\t\t<div data-elementor-type=\"wp-page\" data-elementor-id=\"223\" class=\"elementor elementor-223\">\n\t\t\t\t<div class=\"elementor-element elementor-element-06c3c6e e-flex e-con-boxed e-con e-parent\" data-id=\"06c3c6e\" data-element_type=\"container\">\n\t\t\t\t\t<div class=\"e-con-inner\">\n\t\t\t\t<div class=\"elementor-element elementor-element-9b5dbb8 elementor-widget elementor-widget-heading\" data-id=\"9b5dbb8\" data-element_type=\"widget\" data-widget_type=\"heading.default\">\n\t\t\t\t<div class=\"elementor-widget-container\">\n\t\t\t<style>\/*! elementor - v3.22.0 - 26-06-2024 *\/\n.elementor-heading-title{padding:0;margin:0;line-height:1}.elementor-widget-heading .elementor-heading-title[class*=elementor-size-]>a{color:inherit;font-size:inherit;line-height:inherit}.elementor-widget-heading .elementor-heading-title.elementor-size-small{font-size:15px}.elementor-widget-heading .elementor-heading-title.elementor-size-medium{font-size:19px}.elementor-widget-heading .elementor-heading-title.elementor-size-large{font-size:29px}.elementor-widget-heading .elementor-heading-title.elementor-size-xl{font-size:39px}.elementor-widget-heading .elementor-heading-title.elementor-size-xxl{font-size:59px}<\/style><h2 class=\"elementor-heading-title elementor-size-default\">Uniforme de Securitate<\/h2>\t\t<\/div>\n\t\t\t\t<\/div>\n\t\t\t\t\t<\/div>\n\t\t\t\t<\/div>\n\t\t<div class=\"elementor-element elementor-element-960a410 e-con-full e-flex e-con e-parent\" data-id=\"960a410\" data-element_type=\"container\">\n\t\t\t\t<div class=\"elementor-element elementor-element-29b2190 elementor-arrows-position-inside elementor-pagination-position-outside elementor-widget elementor-widget-image-carousel\" data-id=\"29b2190\" data-element_type=\"widget\" data-settings=\"{&quot;slides_to_show&quot;:&quot;1&quot;,&quot;autoplay_speed&quot;:4000,&quot;navigation&quot;:&quot;both&quot;,&quot;autoplay&quot;:&quot;yes&quot;,&quot;pause_on_hover&quot;:&quot;yes&quot;,&quot;pause_on_interaction&quot;:&quot;yes&quot;,&quot;infinite&quot;:&quot;yes&quot;,&quot;effect&quot;:&quot;slide&quot;,&quot;speed&quot;:500}\" data-widget_type=\"image-carousel.default\">\n\t\t\t\t<div class=\"elementor-widget-container\">\n\t\t\t<style>\/*! elementor - v3.22.0 - 26-06-2024 *\/\n.elementor-widget-image-carousel .swiper,.elementor-widget-image-carousel .swiper-container{position:static}.elementor-widget-image-carousel .swiper-container .swiper-slide figure,.elementor-widget-image-carousel .swiper .swiper-slide figure{line-height:inherit}.elementor-widget-image-carousel .swiper-slide{text-align:center}.elementor-image-carousel-wrapper:not(.swiper-container-initialized):not(.swiper-initialized) .swiper-slide{max-width:calc(100% \/ var(--e-image-carousel-slides-to-show, 3))}<\/style>\t\t<div class=\"elementor-image-carousel-wrapper swiper\" dir=\"ltr\">\n\t\t\t<div class=\"elementor-image-carousel swiper-wrapper swiper-image-stretch\" aria-live=\"off\">\n\t\t\t\t\t\t\t\t<div class=\"swiper-slide\" role=\"group\" aria-roledescription=\"slide\" aria-label=\"1 of 4\"><figure class=\"swiper-slide-inner\"><img decoding=\"async\" class=\"swiper-slide-image\" src=\"https:\/\/fashionuniform.ro\/wp-content\/uploads\/2024\/01\/su.jpg\" alt=\"su\" \/><\/figure><\/div><div class=\"swiper-slide\" role=\"group\" aria-roledescription=\"slide\" aria-label=\"2 of 4\"><figure class=\"swiper-slide-inner\"><img decoding=\"async\" class=\"swiper-slide-image\" src=\"https:\/\/fashionuniform.ro\/wp-content\/uploads\/2024\/01\/S4.jpg\" alt=\"S4\" \/><\/figure><\/div><div class=\"swiper-slide\" role=\"group\" aria-roledescription=\"slide\" aria-label=\"3 of 4\"><figure class=\"swiper-slide-inner\"><img decoding=\"async\" class=\"swiper-slide-image\" src=\"https:\/\/fashionuniform.ro\/wp-content\/uploads\/2024\/01\/S2.jpg\" alt=\"S2\" \/><\/figure><\/div><div class=\"swiper-slide\" role=\"group\" aria-roledescription=\"slide\" aria-label=\"4 of 4\"><figure class=\"swiper-slide-inner\"><img decoding=\"async\" class=\"swiper-slide-image\" src=\"https:\/\/fashionuniform.ro\/wp-content\/uploads\/2024\/01\/S1.jpg\" alt=\"S1\" \/><\/figure><\/div>\t\t\t<\/div>\n\t\t\t\t\t\t\t\t\t\t\t\t<div class=\"elementor-swiper-button elementor-swiper-button-prev\" role=\"button\" tabindex=\"0\">\n\t\t\t\t\t\t<svg aria-hidden=\"true\" class=\"e-font-icon-svg e-eicon-chevron-left\" viewBox=\"0 0 1000 1000\" xmlns=\"http:\/\/www.w3.org\/2000\/svg\"><path d=\"M646 125C629 125 613 133 604 142L308 442C296 454 292 471 292 487 292 504 296 521 308 533L604 854C617 867 629 875 646 875 663 875 679 871 692 858 704 846 713 829 713 812 713 796 708 779 692 767L438 487 692 225C700 217 708 204 708 187 708 171 704 154 692 142 675 129 663 125 646 125Z\"><\/path><\/svg>\t\t\t\t\t<\/div>\n\t\t\t\t\t<div class=\"elementor-swiper-button elementor-swiper-button-next\" role=\"button\" tabindex=\"0\">\n\t\t\t\t\t\t<svg aria-hidden=\"true\" class=\"e-font-icon-svg e-eicon-chevron-right\" viewBox=\"0 0 1000 1000\" xmlns=\"http:\/\/www.w3.org\/2000\/svg\"><path d=\"M696 533C708 521 713 504 713 487 713 471 708 454 696 446L400 146C388 133 375 125 354 125 338 125 325 129 313 142 300 154 292 171 292 187 292 204 296 221 308 233L563 492 304 771C292 783 288 800 288 817 288 833 296 850 308 863 321 871 338 875 354 875 371 875 388 867 400 854L696 533Z\"><\/path><\/svg>\t\t\t\t\t<\/div>\n\t\t\t\t\n\t\t\t\t\t\t\t\t\t<div class=\"swiper-pagination\"><\/div>\n\t\t\t\t\t\t\t\t\t<\/div>\n\t\t\t\t<\/div>\n\t\t\t\t<\/div>\n\t\t\t\t<div class=\"elementor-element elementor-element-0a8999d elementor-widget-divider--view-line elementor-widget elementor-widget-divider\" data-id=\"0a8999d\" data-element_type=\"widget\" data-widget_type=\"divider.default\">\n\t\t\t\t<div class=\"elementor-widget-container\">\n\t\t\t<style>\/*! elementor - v3.22.0 - 26-06-2024 *\/\n.elementor-widget-divider{--divider-border-style:none;--divider-border-width:1px;--divider-color:#0c0d0e;--divider-icon-size:20px;--divider-element-spacing:10px;--divider-pattern-height:24px;--divider-pattern-size:20px;--divider-pattern-url:none;--divider-pattern-repeat:repeat-x}.elementor-widget-divider .elementor-divider{display:flex}.elementor-widget-divider .elementor-divider__text{font-size:15px;line-height:1;max-width:95%}.elementor-widget-divider .elementor-divider__element{margin:0 var(--divider-element-spacing);flex-shrink:0}.elementor-widget-divider .elementor-icon{font-size:var(--divider-icon-size)}.elementor-widget-divider .elementor-divider-separator{display:flex;margin:0;direction:ltr}.elementor-widget-divider--view-line_icon .elementor-divider-separator,.elementor-widget-divider--view-line_text .elementor-divider-separator{align-items:center}.elementor-widget-divider--view-line_icon .elementor-divider-separator:after,.elementor-widget-divider--view-line_icon .elementor-divider-separator:before,.elementor-widget-divider--view-line_text .elementor-divider-separator:after,.elementor-widget-divider--view-line_text .elementor-divider-separator:before{display:block;content:\"\";border-block-end:0;flex-grow:1;border-block-start:var(--divider-border-width) var(--divider-border-style) var(--divider-color)}.elementor-widget-divider--element-align-left .elementor-divider .elementor-divider-separator>.elementor-divider__svg:first-of-type{flex-grow:0;flex-shrink:100}.elementor-widget-divider--element-align-left .elementor-divider-separator:before{content:none}.elementor-widget-divider--element-align-left .elementor-divider__element{margin-left:0}.elementor-widget-divider--element-align-right .elementor-divider .elementor-divider-separator>.elementor-divider__svg:last-of-type{flex-grow:0;flex-shrink:100}.elementor-widget-divider--element-align-right .elementor-divider-separator:after{content:none}.elementor-widget-divider--element-align-right .elementor-divider__element{margin-right:0}.elementor-widget-divider--element-align-start .elementor-divider .elementor-divider-separator>.elementor-divider__svg:first-of-type{flex-grow:0;flex-shrink:100}.elementor-widget-divider--element-align-start .elementor-divider-separator:before{content:none}.elementor-widget-divider--element-align-start .elementor-divider__element{margin-inline-start:0}.elementor-widget-divider--element-align-end .elementor-divider .elementor-divider-separator>.elementor-divider__svg:last-of-type{flex-grow:0;flex-shrink:100}.elementor-widget-divider--element-align-end .elementor-divider-separator:after{content:none}.elementor-widget-divider--element-align-end .elementor-divider__element{margin-inline-end:0}.elementor-widget-divider:not(.elementor-widget-divider--view-line_text):not(.elementor-widget-divider--view-line_icon) .elementor-divider-separator{border-block-start:var(--divider-border-width) var(--divider-border-style) var(--divider-color)}.elementor-widget-divider--separator-type-pattern{--divider-border-style:none}.elementor-widget-divider--separator-type-pattern.elementor-widget-divider--view-line .elementor-divider-separator,.elementor-widget-divider--separator-type-pattern:not(.elementor-widget-divider--view-line) .elementor-divider-separator:after,.elementor-widget-divider--separator-type-pattern:not(.elementor-widget-divider--view-line) .elementor-divider-separator:before,.elementor-widget-divider--separator-type-pattern:not([class*=elementor-widget-divider--view]) .elementor-divider-separator{width:100%;min-height:var(--divider-pattern-height);-webkit-mask-size:var(--divider-pattern-size) 100%;mask-size:var(--divider-pattern-size) 100%;-webkit-mask-repeat:var(--divider-pattern-repeat);mask-repeat:var(--divider-pattern-repeat);background-color:var(--divider-color);-webkit-mask-image:var(--divider-pattern-url);mask-image:var(--divider-pattern-url)}.elementor-widget-divider--no-spacing{--divider-pattern-size:auto}.elementor-widget-divider--bg-round{--divider-pattern-repeat:round}.rtl .elementor-widget-divider .elementor-divider__text{direction:rtl}.e-con-inner>.elementor-widget-divider,.e-con>.elementor-widget-divider{width:var(--container-widget-width,100%);--flex-grow:var(--container-widget-flex-grow)}<\/style>\t\t<div class=\"elementor-divider\">\n\t\t\t<span class=\"elementor-divider-separator\">\n\t\t\t\t\t\t<\/span>\n\t\t<\/div>\n\t\t\t\t<\/div>\n\t\t\t\t<\/div>\n\t\t\t\t<\/div>\n\t\t<div class=\"elementor-element elementor-element-2055a45 e-flex e-con-boxed e-con e-parent\" data-id=\"2055a45\" data-element_type=\"container\">\n\t\t\t\t\t<div class=\"e-con-inner\">\n\t\t\t\t<div class=\"elementor-element elementor-element-65a74b8 elementor-widget elementor-widget-text-editor\" data-id=\"65a74b8\" data-element_type=\"widget\" data-widget_type=\"text-editor.default\">\n\t\t\t\t<div class=\"elementor-widget-container\">\n\t\t\t<style>\/*! elementor - v3.22.0 - 26-06-2024 *\/\n.elementor-widget-text-editor.elementor-drop-cap-view-stacked .elementor-drop-cap{background-color:#69727d;color:#fff}.elementor-widget-text-editor.elementor-drop-cap-view-framed .elementor-drop-cap{color:#69727d;border:3px solid;background-color:transparent}.elementor-widget-text-editor:not(.elementor-drop-cap-view-default) .elementor-drop-cap{margin-top:8px}.elementor-widget-text-editor:not(.elementor-drop-cap-view-default) .elementor-drop-cap-letter{width:1em;height:1em}.elementor-widget-text-editor .elementor-drop-cap{float:left;text-align:center;line-height:1;font-size:50px}.elementor-widget-text-editor .elementor-drop-cap-letter{display:inline-block}<\/style>\t\t\t\t<h4>Cre\u0219te\u021bi-v\u0103 prezen\u021ba de securitate cu uniformele noastre excep\u021bionale de securitate privat\u0103<\/h4><p>\u00centr-o lume \u00een care securitatea este primordial\u0103, semnifica\u021bia unei uniforme bine lucrate \u0219i profesionale nu poate fi exagerat\u0103. Acesta serve\u0219te ca un simbol puternic al autorit\u0103\u021bii, unit\u0103\u021bii \u0219i preg\u0103tirii. La FashionUniform.ro , \u00een\u021belegem rolul vital pe care \u00eel joac\u0103 securitatea privat\u0103 \u00een protejarea oamenilor \u0219i a bunurilor \u0219i suntem dedica\u021bi s\u0103 furniz\u0103m uniforme de top care nu numai c\u0103 \u00eendeplinesc standardele industriei, ci \u0219i dep\u0103\u0219esc a\u0219tept\u0103rile. Angajamentul nostru fa\u021b\u0103 de <strong>calitate, diversitate \u0219i estetic\u0103<\/strong> modern\u0103 ne deosebe\u0219te ca destina\u021bie principal\u0103 pentru cei care doresc s\u0103-\u0219i sporeasc\u0103 prezen\u021ba de securitate.<\/p><p><strong>Necesitatea uniformelor profesionale:<\/strong><\/p><p>Personalul de securitate privat\u0103 este gardienii de prim\u0103 linie ai siguran\u021bei \u0219i ordinii, c\u0103rora li se \u00eencredin\u021beaz\u0103 responsabilitatea de a proteja persoanele, afacerile \u0219i evenimentele. O uniform\u0103 profesional\u0103 nu este doar o pies\u0103 vestimentar\u0103; este o afirma\u021bie care comunic\u0103 autoritate \u0219i d\u0103 \u00eencredere. Uniformele creeaz\u0103 un sentiment de coeziune \u00eentre echipele de securitate, promov\u00e2nd un spirit de echip\u0103 puternic \u0219i un front unit. <strong>Dincolo de impactul psihologic, uniformele servesc \u0219i unor scopuri practice, oferind func\u021bionalitate, durabilitate \u0219i u\u0219urin\u021b\u0103 de identificare \u00een situa\u021bii dinamice \u0219i poten\u021bial de mare stres.<\/strong><\/p><p>La FashionUniform.ro , recunoa\u0219tem necesitatea echip\u0103rii profesioni\u0219tilor \u00een securitate cu uniforme care dep\u0103\u0219esc simpla func\u021bionalitate. Design-urile noastre sunt \u00eengrijite cu aten\u021bie pentru a g\u0103si echilibrul potrivit \u00eentre confort \u0219i autoritate, asigur\u00e2nd c\u0103 personalul de securitate \u00ee\u0219i poate \u00eendeplini sarcinile cu \u00eencredere \u0219i u\u0219urin\u021b\u0103. De la \u021bes\u0103turi durabile p\u00e2n\u0103 la buzunare amplasate strategic pentru echipamente esen\u021biale, uniformele noastre sunt realizate cu meticulozitate pentru a r\u0103spunde nevoilor unice ale industriei de securitate privat\u0103. C\u00e2nd alege\u021bi uniformele noastre, nu investi\u021bi doar \u00een \u00eembr\u0103c\u0103minte; investi\u021bi \u00een siguran\u021ba \u0219i profesionalismul echipei dumneavoastr\u0103 de securitate.<\/p><p><strong>Calitate, diversitate \u0219i atractivitate modern\u0103:<\/strong><\/p><p>Una dintre pietrele de temelie ale FashionUniform.ro \u00a0este angajamentul nostru neclintit fa\u021b\u0103 de calitate. Ne aprovizion\u0103m cu cele mai bune materiale pentru a crea uniforme care s\u0103 reziste rigorilor profesiei de securitate. Aten\u021bia noastr\u0103 pentru detalii se extinde la fiecare cus\u0103tur\u0103, asigur\u00e2ndu-ne c\u0103 uniformele noastre nu sunt doar durabile, ci \u0219i confortabile pentru purtare prelungit\u0103. Fie c\u0103 este vorba de o uniform\u0103 clasic\u0103 de agent de securitate sau de un ansamblu specializat pentru o unitate tactic\u0103, fiecare \u00eembr\u0103c\u0103minte este supus\u0103 unor teste riguroase pentru a \u00eendeplini \u0219i dep\u0103\u0219i standardele din industrie.<\/p><p>Diversitatea este un alt element cheie care diferen\u021biaz\u0103 gama noastr\u0103 de uniforme de securitate privat\u0103. <strong>\u00cen\u021belegem c\u0103 diferitele roluri de securitate necesit\u0103 caracteristici \u0219i design diferite.<\/strong> De aceea, catalogul nostru include o selec\u021bie cuprinz\u0103toare de uniforme care satisfac diverse nevoi \u2013 de la \u021binute tradi\u021bionale de agent de securitate p\u00e2n\u0103 la op\u021biuni specializate pentru supraveghere, management de evenimente sau protec\u021bie executiv\u0103. Angajamentul nostru fa\u021b\u0103 de diversitate asigur\u0103 c\u0103 fiecare client, indiferent de cerin\u021bele specifice de securitate, poate g\u0103si uniforma perfect\u0103 care se aliniaz\u0103 nevoilor sale opera\u021bionale \u0219i identit\u0103\u021bii organiza\u021bionale.<\/p><p>Pe l\u00e2ng\u0103 calitate \u0219i diversitate, ne m\u00e2ndrim cu atractivitatea modern\u0103 a uniformelor noastre de securitate privat\u0103. <strong>Recunosc\u00e2nd c\u0103 primele impresii conteaz\u0103, design-urile noastre ating echilibrul perfect \u00eentre profesionalism \u0219i estetica contemporan\u0103.<\/strong> \u00cen\u021belegem c\u0103 o uniform\u0103 modern\u0103 \u0219i atr\u0103g\u0103toare din punct de vedere vizual nu numai c\u0103 \u00eembun\u0103t\u0103\u021be\u0219te imaginea echipei tale de securitate, dar contribuie \u0219i la o percep\u021bie public\u0103 pozitiv\u0103 \u0219i accesibil\u0103. Designerii no\u0219tri sunt la curent cu cele mai recente tendin\u021be \u0219i progrese tehnologice pentru a se asigura c\u0103 uniformele noastre nu numai c\u0103 \u00eendeplinesc standardele industriei, ci \u0219i reflect\u0103 avangarda \u00eembr\u0103c\u0103mintei de securitate.<\/p><p><strong>Contacta\u021bi-ne pentru a v\u0103 ridica standardul de securitate<\/strong>:<\/p><p>Pe m\u0103sur\u0103 ce porni\u021bi \u00een c\u0103l\u0103toria de consolidare a securit\u0103\u021bii \u00een cadrul organiza\u021biei dvs., ave\u021bi \u00eencredere \u00een FashionUniform.ro \u00a0pentru a v\u0103 oferi uniformele care \u00eentruchipeaz\u0103 profesionalismul, func\u021bionalitatea \u0219i stilul modern. Ridica\u021bi-v\u0103 standardul de securitate cu gama noastr\u0103 excep\u021bional\u0103 de uniforme de securitate privat\u0103 \u2013 unde calitatea se \u00eent\u00e2lne\u0219te cu diversitatea, iar tradi\u021bia se \u00eembin\u0103 perfect cu un avantaj contemporan.<\/p><p>Pentru \u00eentreb\u0103ri, comenzi personalizate sau pentru a explora catalogul nostru extins, nu ezita\u021bi s\u0103 ne contacta\u021bi.<\/p><p>Echipa noastr\u0103 dedicat\u0103 de la FashionUniform.ro este gata s\u0103 v\u0103 ajute \u00een g\u0103sirea uniformelor perfecte care se aliniaz\u0103 nevoilor dumneavoastr\u0103 unice de securitate.<\/p><p><strong>Contacteaz\u0103-ne ast\u0103zi de la Hello@FashionUniform.ro \u0219i las\u0103-ne s\u0103 fim partenerul t\u0103u \u00een sporirea siguran\u021bei \u0219i profesionalismului echipei tale de securitate.<\/strong><\/p><p>\u00cempreun\u0103, putem face o impresie de durat\u0103 care impune respect \u0219i insufl\u0103 \u00eencredere celor pe care \u00eei servi\u021bi.<\/p>\t\t\t\t\t\t<\/div>\n\t\t\t\t<\/div>\n\t\t\t\t\t<\/div>\n\t\t\t\t<\/div>\n\t\t<div class=\"elementor-element elementor-element-c0d2cbb e-flex e-con-boxed e-con e-parent\" data-id=\"c0d2cbb\" data-element_type=\"container\">\n\t\t\t\t\t<div class=\"e-con-inner\">\n\t\t\t\t<div class=\"elementor-element elementor-element-bfb06d8 elementor-button-info elementor-align-center elementor-widget elementor-widget-button\" data-id=\"bfb06d8\" data-element_type=\"widget\" data-widget_type=\"button.default\">\n\t\t\t\t<div class=\"elementor-widget-container\">\n\t\t\t\t\t<div class=\"elementor-button-wrapper\">\n\t\t\t<a class=\"elementor-button elementor-button-link elementor-size-lg\" href=\"https:\/\/fashionuniform.ro\/?page_id=20\">\n\t\t\t\t\t\t<span class=\"elementor-button-content-wrapper\">\n\t\t\t\t\t\t<span class=\"elementor-button-icon\">\n\t\t\t\t<svg aria-hidden=\"true\" class=\"e-font-icon-svg e-fas-phone\" viewBox=\"0 0 512 512\" xmlns=\"http:\/\/www.w3.org\/2000\/svg\"><path d=\"M493.4 24.6l-104-24c-11.3-2.6-22.9 3.3-27.5 13.9l-48 112c-4.2 9.8-1.4 21.3 6.9 28l60.6 49.6c-36 76.7-98.9 140.5-177.2 177.2l-49.6-60.6c-6.8-8.3-18.2-11.1-28-6.9l-112 48C3.9 366.5-2 378.1.6 389.4l24 104C27.1 504.2 36.7 512 48 512c256.1 0 464-207.5 464-464 0-11.2-7.7-20.9-18.6-23.4z\"><\/path><\/svg>\t\t\t<\/span>\n\t\t\t\t\t\t\t\t\t<span class=\"elementor-button-text\">Suna\u021bi acum<\/span>\n\t\t\t\t\t<\/span>\n\t\t\t\t\t<\/a>\n\t\t<\/div>\n\t\t\t\t<\/div>\n\t\t\t\t<\/div>\n\t\t\t\t\t<\/div>\n\t\t\t\t<\/div>\n\t\t\t\t<\/div>\n\t\t","protected":false},"excerpt":{"rendered":"<p>Uniforme de Securitate Cre\u0219te\u021bi-v\u0103 prezen\u021ba de securitate cu uniformele noastre excep\u021bionale de securitate privat\u0103 \u00centr-o lume \u00een care securitatea este primordial\u0103, semnifica\u021bia unei uniforme bine lucrate \u0219i profesionale nu poate fi exagerat\u0103. Acesta serve\u0219te ca un simbol puternic al autorit\u0103\u021bii, unit\u0103\u021bii \u0219i preg\u0103tirii. La FashionUniform.ro , \u00een\u021belegem rolul vital pe care \u00eel joac\u0103 securitatea privat\u0103 [&hellip;]<\/p>\n","protected":false},"author":1,"featured_media":0,"parent":0,"menu_order":0,"comment_status":"closed","ping_status":"closed","template":"","meta":{"footnotes":""},"class_list":["post-223","page","type-page","status-publish","hentry"],"_links":{"self":[{"href":"https:\/\/fashionuniform.ro\/index.php?rest_route=\/wp\/v2\/pages\/223","targetHints":{"allow":["GET"]}}],"collection":[{"href":"https:\/\/fashionuniform.ro\/index.php?rest_route=\/wp\/v2\/pages"}],"about":[{"href":"https:\/\/fashionuniform.ro\/index.php?rest_route=\/wp\/v2\/types\/page"}],"author":[{"embeddable":true,"href":"https:\/\/fashionuniform.ro\/index.php?rest_route=\/wp\/v2\/users\/1"}],"replies":[{"embeddable":true,"href":"https:\/\/fashionuniform.ro\/index.php?rest_route=%2Fwp%2Fv2%2Fcomments&post=223"}],"version-history":[{"count":16,"href":"https:\/\/fashionuniform.ro\/index.php?rest_route=\/wp\/v2\/pages\/223\/revisions"}],"predecessor-version":[{"id":556,"href":"https:\/\/fashionuniform.ro\/index.php?rest_route=\/wp\/v2\/pages\/223\/revisions\/556"}],"wp:attachment":[{"href":"https:\/\/fashionuniform.ro\/index.php?rest_route=%2Fwp%2Fv2%2Fmedia&parent=223"}],"curies":[{"name":"wp","href":"https:\/\/api.w.org\/{rel}","templated":true}]}}