{"id":573,"date":"2024-01-20T08:40:15","date_gmt":"2024-01-20T08:40:15","guid":{"rendered":"https:\/\/fashionuniform.ro\/?page_id=573"},"modified":"2024-01-21T09:45:04","modified_gmt":"2024-01-21T09:45:04","slug":"pantaloni","status":"publish","type":"page","link":"https:\/\/fashionuniform.ro\/?page_id=573","title":{"rendered":"Pantaloni"},"content":{"rendered":"\t\t<div data-elementor-type=\"wp-page\" data-elementor-id=\"573\" class=\"elementor elementor-573\">\n\t\t\t\t<div class=\"elementor-element elementor-element-5b56eea e-con-full e-flex e-con e-parent\" data-id=\"5b56eea\" data-element_type=\"container\">\n\t\t\t\t<div class=\"elementor-element elementor-element-e85a2dd elementor-widget elementor-widget-heading\" data-id=\"e85a2dd\" data-element_type=\"widget\" data-widget_type=\"heading.default\">\n\t\t\t\t<div class=\"elementor-widget-container\">\n\t\t\t<style>\/*! elementor - v3.22.0 - 26-06-2024 *\/\n.elementor-heading-title{padding:0;margin:0;line-height:1}.elementor-widget-heading .elementor-heading-title[class*=elementor-size-]>a{color:inherit;font-size:inherit;line-height:inherit}.elementor-widget-heading .elementor-heading-title.elementor-size-small{font-size:15px}.elementor-widget-heading .elementor-heading-title.elementor-size-medium{font-size:19px}.elementor-widget-heading .elementor-heading-title.elementor-size-large{font-size:29px}.elementor-widget-heading .elementor-heading-title.elementor-size-xl{font-size:39px}.elementor-widget-heading .elementor-heading-title.elementor-size-xxl{font-size:59px}<\/style><h2 class=\"elementor-heading-title elementor-size-default\">Pantoloni-Scurt<\/h2>\t\t<\/div>\n\t\t\t\t<\/div>\n\t\t\t\t<div class=\"elementor-element elementor-element-d5eb4fb elementor-widget elementor-widget-image-gallery\" data-id=\"d5eb4fb\" data-element_type=\"widget\" data-widget_type=\"image-gallery.default\">\n\t\t\t\t<div class=\"elementor-widget-container\">\n\t\t\t<style>\/*! elementor - v3.22.0 - 26-06-2024 *\/\n.elementor-image-gallery .gallery-item{display:inline-block;text-align:center;vertical-align:top;width:100%;max-width:100%;margin:0 auto}.elementor-image-gallery .gallery-item img{margin:0 auto}.elementor-image-gallery .gallery-item .gallery-caption{margin:0}.elementor-image-gallery figure img{display:block}.elementor-image-gallery figure figcaption{width:100%}.gallery-spacing-custom .elementor-image-gallery .gallery-icon{padding:0}@media (min-width:768px){.elementor-image-gallery .gallery-columns-2 .gallery-item{max-width:50%}.elementor-image-gallery .gallery-columns-3 .gallery-item{max-width:33.33%}.elementor-image-gallery .gallery-columns-4 .gallery-item{max-width:25%}.elementor-image-gallery .gallery-columns-5 .gallery-item{max-width:20%}.elementor-image-gallery .gallery-columns-6 .gallery-item{max-width:16.666%}.elementor-image-gallery .gallery-columns-7 .gallery-item{max-width:14.28%}.elementor-image-gallery .gallery-columns-8 .gallery-item{max-width:12.5%}.elementor-image-gallery .gallery-columns-9 .gallery-item{max-width:11.11%}.elementor-image-gallery .gallery-columns-10 .gallery-item{max-width:10%}}@media (min-width:480px) and (max-width:767px){.elementor-image-gallery .gallery.gallery-columns-2 .gallery-item,.elementor-image-gallery .gallery.gallery-columns-3 .gallery-item,.elementor-image-gallery .gallery.gallery-columns-4 .gallery-item,.elementor-image-gallery .gallery.gallery-columns-5 .gallery-item,.elementor-image-gallery .gallery.gallery-columns-6 .gallery-item,.elementor-image-gallery .gallery.gallery-columns-7 .gallery-item,.elementor-image-gallery .gallery.gallery-columns-8 .gallery-item,.elementor-image-gallery .gallery.gallery-columns-9 .gallery-item,.elementor-image-gallery .gallery.gallery-columns-10 .gallery-item{max-width:50%}}@media (max-width:479px){.elementor-image-gallery .gallery.gallery-columns-2 .gallery-item,.elementor-image-gallery .gallery.gallery-columns-3 .gallery-item,.elementor-image-gallery .gallery.gallery-columns-4 .gallery-item,.elementor-image-gallery .gallery.gallery-columns-5 .gallery-item,.elementor-image-gallery .gallery.gallery-columns-6 .gallery-item,.elementor-image-gallery .gallery.gallery-columns-7 .gallery-item,.elementor-image-gallery .gallery.gallery-columns-8 .gallery-item,.elementor-image-gallery .gallery.gallery-columns-9 .gallery-item,.elementor-image-gallery .gallery.gallery-columns-10 .gallery-item{max-width:100%}}<\/style>\t\t<div class=\"elementor-image-gallery\">\n\t\t\t<div id='gallery-1' class='gallery galleryid-573 gallery-columns-3 gallery-size-large'><figure class='gallery-item'>\n\t\t\t<div class='gallery-icon portrait'>\n\t\t\t\t<a data-elementor-open-lightbox=\"yes\" data-elementor-lightbox-slideshow=\"d5eb4fb\" data-elementor-lightbox-title=\"6\" data-e-action-hash=\"#elementor-action%3Aaction%3Dlightbox%26settings%3DeyJpZCI6NzAzLCJ1cmwiOiJodHRwczpcL1wvZmFzaGlvbnVuaWZvcm0ucm9cL3dwLWNvbnRlbnRcL3VwbG9hZHNcLzIwMjRcLzAxXC82LTEuanBnIiwic2xpZGVzaG93IjoiZDVlYjRmYiJ9\" href='https:\/\/fashionuniform.ro\/wp-content\/uploads\/2024\/01\/6-1.jpg'><img fetchpriority=\"high\" decoding=\"async\" width=\"682\" height=\"1024\" src=\"https:\/\/fashionuniform.ro\/wp-content\/uploads\/2024\/01\/6-1-682x1024.jpg\" class=\"attachment-large size-large\" alt=\"\" srcset=\"https:\/\/fashionuniform.ro\/wp-content\/uploads\/2024\/01\/6-1-682x1024.jpg 682w, https:\/\/fashionuniform.ro\/wp-content\/uploads\/2024\/01\/6-1-200x300.jpg 200w, https:\/\/fashionuniform.ro\/wp-content\/uploads\/2024\/01\/6-1.jpg 699w\" sizes=\"(max-width: 682px) 100vw, 682px\" \/><\/a>\n\t\t\t<\/div><\/figure><figure class='gallery-item'>\n\t\t\t<div class='gallery-icon portrait'>\n\t\t\t\t<a data-elementor-open-lightbox=\"yes\" data-elementor-lightbox-slideshow=\"d5eb4fb\" data-elementor-lightbox-title=\"1\" data-e-action-hash=\"#elementor-action%3Aaction%3Dlightbox%26settings%3DeyJpZCI6Njk4LCJ1cmwiOiJodHRwczpcL1wvZmFzaGlvbnVuaWZvcm0ucm9cL3dwLWNvbnRlbnRcL3VwbG9hZHNcLzIwMjRcLzAxXC8xLmpwZyIsInNsaWRlc2hvdyI6ImQ1ZWI0ZmIifQ%3D%3D\" href='https:\/\/fashionuniform.ro\/wp-content\/uploads\/2024\/01\/1.jpg'><img decoding=\"async\" width=\"682\" height=\"1024\" src=\"https:\/\/fashionuniform.ro\/wp-content\/uploads\/2024\/01\/1-682x1024.jpg\" class=\"attachment-large size-large\" alt=\"\" srcset=\"https:\/\/fashionuniform.ro\/wp-content\/uploads\/2024\/01\/1-682x1024.jpg 682w, https:\/\/fashionuniform.ro\/wp-content\/uploads\/2024\/01\/1-200x300.jpg 200w, https:\/\/fashionuniform.ro\/wp-content\/uploads\/2024\/01\/1.jpg 699w\" sizes=\"(max-width: 682px) 100vw, 682px\" \/><\/a>\n\t\t\t<\/div><\/figure><figure class='gallery-item'>\n\t\t\t<div class='gallery-icon portrait'>\n\t\t\t\t<a data-elementor-open-lightbox=\"yes\" data-elementor-lightbox-slideshow=\"d5eb4fb\" data-elementor-lightbox-title=\"5\" data-e-action-hash=\"#elementor-action%3Aaction%3Dlightbox%26settings%3DeyJpZCI6NzAyLCJ1cmwiOiJodHRwczpcL1wvZmFzaGlvbnVuaWZvcm0ucm9cL3dwLWNvbnRlbnRcL3VwbG9hZHNcLzIwMjRcLzAxXC81LTEuanBnIiwic2xpZGVzaG93IjoiZDVlYjRmYiJ9\" href='https:\/\/fashionuniform.ro\/wp-content\/uploads\/2024\/01\/5-1.jpg'><img decoding=\"async\" width=\"682\" height=\"1024\" src=\"https:\/\/fashionuniform.ro\/wp-content\/uploads\/2024\/01\/5-1-682x1024.jpg\" class=\"attachment-large size-large\" alt=\"\" srcset=\"https:\/\/fashionuniform.ro\/wp-content\/uploads\/2024\/01\/5-1-682x1024.jpg 682w, https:\/\/fashionuniform.ro\/wp-content\/uploads\/2024\/01\/5-1-200x300.jpg 200w, https:\/\/fashionuniform.ro\/wp-content\/uploads\/2024\/01\/5-1.jpg 699w\" sizes=\"(max-width: 682px) 100vw, 682px\" \/><\/a>\n\t\t\t<\/div><\/figure><figure class='gallery-item'>\n\t\t\t<div class='gallery-icon portrait'>\n\t\t\t\t<a data-elementor-open-lightbox=\"yes\" data-elementor-lightbox-slideshow=\"d5eb4fb\" data-elementor-lightbox-title=\"4\" data-e-action-hash=\"#elementor-action%3Aaction%3Dlightbox%26settings%3DeyJpZCI6NzAxLCJ1cmwiOiJodHRwczpcL1wvZmFzaGlvbnVuaWZvcm0ucm9cL3dwLWNvbnRlbnRcL3VwbG9hZHNcLzIwMjRcLzAxXC80LmpwZyIsInNsaWRlc2hvdyI6ImQ1ZWI0ZmIifQ%3D%3D\" href='https:\/\/fashionuniform.ro\/wp-content\/uploads\/2024\/01\/4.jpg'><img loading=\"lazy\" decoding=\"async\" width=\"682\" height=\"1024\" src=\"https:\/\/fashionuniform.ro\/wp-content\/uploads\/2024\/01\/4-682x1024.jpg\" class=\"attachment-large size-large\" alt=\"\" srcset=\"https:\/\/fashionuniform.ro\/wp-content\/uploads\/2024\/01\/4-682x1024.jpg 682w, https:\/\/fashionuniform.ro\/wp-content\/uploads\/2024\/01\/4-200x300.jpg 200w, https:\/\/fashionuniform.ro\/wp-content\/uploads\/2024\/01\/4.jpg 699w\" sizes=\"(max-width: 682px) 100vw, 682px\" \/><\/a>\n\t\t\t<\/div><\/figure><figure class='gallery-item'>\n\t\t\t<div class='gallery-icon portrait'>\n\t\t\t\t<a data-elementor-open-lightbox=\"yes\" data-elementor-lightbox-slideshow=\"d5eb4fb\" data-elementor-lightbox-title=\"3\" data-e-action-hash=\"#elementor-action%3Aaction%3Dlightbox%26settings%3DeyJpZCI6NzAwLCJ1cmwiOiJodHRwczpcL1wvZmFzaGlvbnVuaWZvcm0ucm9cL3dwLWNvbnRlbnRcL3VwbG9hZHNcLzIwMjRcLzAxXC8zLmpwZyIsInNsaWRlc2hvdyI6ImQ1ZWI0ZmIifQ%3D%3D\" href='https:\/\/fashionuniform.ro\/wp-content\/uploads\/2024\/01\/3.jpg'><img loading=\"lazy\" decoding=\"async\" width=\"682\" height=\"1024\" src=\"https:\/\/fashionuniform.ro\/wp-content\/uploads\/2024\/01\/3-682x1024.jpg\" class=\"attachment-large size-large\" alt=\"\" srcset=\"https:\/\/fashionuniform.ro\/wp-content\/uploads\/2024\/01\/3-682x1024.jpg 682w, https:\/\/fashionuniform.ro\/wp-content\/uploads\/2024\/01\/3-200x300.jpg 200w, https:\/\/fashionuniform.ro\/wp-content\/uploads\/2024\/01\/3.jpg 699w\" sizes=\"(max-width: 682px) 100vw, 682px\" \/><\/a>\n\t\t\t<\/div><\/figure><figure class='gallery-item'>\n\t\t\t<div class='gallery-icon portrait'>\n\t\t\t\t<a data-elementor-open-lightbox=\"yes\" data-elementor-lightbox-slideshow=\"d5eb4fb\" data-elementor-lightbox-title=\"2\" data-e-action-hash=\"#elementor-action%3Aaction%3Dlightbox%26settings%3DeyJpZCI6Njk5LCJ1cmwiOiJodHRwczpcL1wvZmFzaGlvbnVuaWZvcm0ucm9cL3dwLWNvbnRlbnRcL3VwbG9hZHNcLzIwMjRcLzAxXC8yLmpwZyIsInNsaWRlc2hvdyI6ImQ1ZWI0ZmIifQ%3D%3D\" href='https:\/\/fashionuniform.ro\/wp-content\/uploads\/2024\/01\/2.jpg'><img loading=\"lazy\" decoding=\"async\" width=\"682\" height=\"1024\" src=\"https:\/\/fashionuniform.ro\/wp-content\/uploads\/2024\/01\/2-682x1024.jpg\" class=\"attachment-large size-large\" alt=\"\" srcset=\"https:\/\/fashionuniform.ro\/wp-content\/uploads\/2024\/01\/2-682x1024.jpg 682w, https:\/\/fashionuniform.ro\/wp-content\/uploads\/2024\/01\/2-200x300.jpg 200w, https:\/\/fashionuniform.ro\/wp-content\/uploads\/2024\/01\/2.jpg 699w\" sizes=\"(max-width: 682px) 100vw, 682px\" \/><\/a>\n\t\t\t<\/div><\/figure><figure class='gallery-item'>\n\t\t\t<div class='gallery-icon portrait'>\n\t\t\t\t<a data-elementor-open-lightbox=\"yes\" data-elementor-lightbox-slideshow=\"d5eb4fb\" data-elementor-lightbox-title=\"Poppins (14)\" data-e-action-hash=\"#elementor-action%3Aaction%3Dlightbox%26settings%3DeyJpZCI6Nzg4LCJ1cmwiOiJodHRwczpcL1wvZmFzaGlvbnVuaWZvcm0ucm9cL3dwLWNvbnRlbnRcL3VwbG9hZHNcLzIwMjRcLzAxXC9Qb3BwaW5zLTE0LmpwZyIsInNsaWRlc2hvdyI6ImQ1ZWI0ZmIifQ%3D%3D\" href='https:\/\/fashionuniform.ro\/wp-content\/uploads\/2024\/01\/Poppins-14.jpg'><img loading=\"lazy\" decoding=\"async\" width=\"682\" height=\"1024\" src=\"https:\/\/fashionuniform.ro\/wp-content\/uploads\/2024\/01\/Poppins-14-682x1024.jpg\" class=\"attachment-large size-large\" alt=\"\" srcset=\"https:\/\/fashionuniform.ro\/wp-content\/uploads\/2024\/01\/Poppins-14-682x1024.jpg 682w, https:\/\/fashionuniform.ro\/wp-content\/uploads\/2024\/01\/Poppins-14-200x300.jpg 200w, https:\/\/fashionuniform.ro\/wp-content\/uploads\/2024\/01\/Poppins-14.jpg 699w\" sizes=\"(max-width: 682px) 100vw, 682px\" \/><\/a>\n\t\t\t<\/div><\/figure><figure class='gallery-item'>\n\t\t\t<div class='gallery-icon portrait'>\n\t\t\t\t<a data-elementor-open-lightbox=\"yes\" data-elementor-lightbox-slideshow=\"d5eb4fb\" data-elementor-lightbox-title=\"Poppins (15)\" data-e-action-hash=\"#elementor-action%3Aaction%3Dlightbox%26settings%3DeyJpZCI6Nzg5LCJ1cmwiOiJodHRwczpcL1wvZmFzaGlvbnVuaWZvcm0ucm9cL3dwLWNvbnRlbnRcL3VwbG9hZHNcLzIwMjRcLzAxXC9Qb3BwaW5zLTE1LmpwZyIsInNsaWRlc2hvdyI6ImQ1ZWI0ZmIifQ%3D%3D\" href='https:\/\/fashionuniform.ro\/wp-content\/uploads\/2024\/01\/Poppins-15.jpg'><img loading=\"lazy\" decoding=\"async\" width=\"682\" height=\"1024\" src=\"https:\/\/fashionuniform.ro\/wp-content\/uploads\/2024\/01\/Poppins-15-682x1024.jpg\" class=\"attachment-large size-large\" alt=\"\" srcset=\"https:\/\/fashionuniform.ro\/wp-content\/uploads\/2024\/01\/Poppins-15-682x1024.jpg 682w, https:\/\/fashionuniform.ro\/wp-content\/uploads\/2024\/01\/Poppins-15-200x300.jpg 200w, https:\/\/fashionuniform.ro\/wp-content\/uploads\/2024\/01\/Poppins-15.jpg 699w\" sizes=\"(max-width: 682px) 100vw, 682px\" \/><\/a>\n\t\t\t<\/div><\/figure>\n\t\t<\/div>\n\t\t<\/div>\n\t\t\t\t<\/div>\n\t\t\t\t<\/div>\n\t\t\t\t<\/div>\n\t\t<div class=\"elementor-element elementor-element-9ea4278 e-flex e-con-boxed e-con e-parent\" data-id=\"9ea4278\" data-element_type=\"container\">\n\t\t\t\t\t<div class=\"e-con-inner\">\n\t\t\t\t<div class=\"elementor-element elementor-element-725c4ff elementor-widget elementor-widget-text-editor\" data-id=\"725c4ff\" data-element_type=\"widget\" data-widget_type=\"text-editor.default\">\n\t\t\t\t<div class=\"elementor-widget-container\">\n\t\t\t<style>\/*! elementor - v3.22.0 - 26-06-2024 *\/\n.elementor-widget-text-editor.elementor-drop-cap-view-stacked .elementor-drop-cap{background-color:#69727d;color:#fff}.elementor-widget-text-editor.elementor-drop-cap-view-framed .elementor-drop-cap{color:#69727d;border:3px solid;background-color:transparent}.elementor-widget-text-editor:not(.elementor-drop-cap-view-default) .elementor-drop-cap{margin-top:8px}.elementor-widget-text-editor:not(.elementor-drop-cap-view-default) .elementor-drop-cap-letter{width:1em;height:1em}.elementor-widget-text-editor .elementor-drop-cap{float:left;text-align:center;line-height:1;font-size:50px}.elementor-widget-text-editor .elementor-drop-cap-letter{display:inline-block}<\/style>\t\t\t\t<p>\u00cen zonele industriale, pantalonii joac\u0103 un rol vital \u00een\u00a0<strong>asigurarea siguran\u021bei lucr\u0103torilor<\/strong>.\u00a0<strong>Durabili<\/strong>\u00a0\u0219i\u00a0<strong>protectori<\/strong>, ace\u0219tia protejeaz\u0103 \u00eempotriva pericolelor \u0219i ofer\u0103 un aspect profesional.<\/p><p>\u00cen \u0219coli, pantalonii contribuie la un sentiment de\u00a0<strong>uniformitate, favoriz\u00e2nd un mediu de \u00eenv\u0103\u021bare propice.<\/strong><\/p><p>\u00centre timp, \u00een fabrici, ace\u0219tia servesc at\u00e2t\u00a0<strong>siguran\u021bei<\/strong>, c\u00e2t \u0219i\u00a0<strong>eficien\u021bei<\/strong>,\u00a0<strong>sprijinind lucr\u0103torii \u00een sarcinile lor<\/strong>, men\u021bin\u00e2nd \u00een acela\u0219i timp o estetic\u0103 coerent\u0103 a locului de munc\u0103.<\/p>\t\t\t\t\t\t<\/div>\n\t\t\t\t<\/div>\n\t\t\t\t\t<\/div>\n\t\t\t\t<\/div>\n\t\t<div class=\"elementor-element elementor-element-2fcad70 e-flex e-con-boxed e-con e-parent\" data-id=\"2fcad70\" data-element_type=\"container\">\n\t\t\t\t\t<div class=\"e-con-inner\">\n\t\t\t\t<div class=\"elementor-element elementor-element-3b002a3 elementor-align-center elementor-widget elementor-widget-button\" data-id=\"3b002a3\" data-element_type=\"widget\" data-widget_type=\"button.default\">\n\t\t\t\t<div class=\"elementor-widget-container\">\n\t\t\t\t\t<div class=\"elementor-button-wrapper\">\n\t\t\t<a class=\"elementor-button elementor-button-link elementor-size-lg\" href=\"https:\/\/fashionuniform.ro\/?page_id=20\">\n\t\t\t\t\t\t<span class=\"elementor-button-content-wrapper\">\n\t\t\t\t\t\t<span class=\"elementor-button-icon\">\n\t\t\t\t<svg aria-hidden=\"true\" class=\"e-font-icon-svg e-fas-phone\" viewBox=\"0 0 512 512\" xmlns=\"http:\/\/www.w3.org\/2000\/svg\"><path d=\"M493.4 24.6l-104-24c-11.3-2.6-22.9 3.3-27.5 13.9l-48 112c-4.2 9.8-1.4 21.3 6.9 28l60.6 49.6c-36 76.7-98.9 140.5-177.2 177.2l-49.6-60.6c-6.8-8.3-18.2-11.1-28-6.9l-112 48C3.9 366.5-2 378.1.6 389.4l24 104C27.1 504.2 36.7 512 48 512c256.1 0 464-207.5 464-464 0-11.2-7.7-20.9-18.6-23.4z\"><\/path><\/svg>\t\t\t<\/span>\n\t\t\t\t\t\t\t\t\t<span class=\"elementor-button-text\">Suna\u021bi acum<\/span>\n\t\t\t\t\t<\/span>\n\t\t\t\t\t<\/a>\n\t\t<\/div>\n\t\t\t\t<\/div>\n\t\t\t\t<\/div>\n\t\t\t\t\t<\/div>\n\t\t\t\t<\/div>\n\t\t\t\t<\/div>\n\t\t","protected":false},"excerpt":{"rendered":"<p>Pantoloni-Scurt \u00cen zonele industriale, pantalonii joac\u0103 un rol vital \u00een\u00a0asigurarea siguran\u021bei lucr\u0103torilor.\u00a0Durabili\u00a0\u0219i\u00a0protectori, ace\u0219tia protejeaz\u0103 \u00eempotriva pericolelor \u0219i ofer\u0103 un aspect profesional. \u00cen \u0219coli, pantalonii contribuie la un sentiment de\u00a0uniformitate, favoriz\u00e2nd un mediu de \u00eenv\u0103\u021bare propice. \u00centre timp, \u00een fabrici, ace\u0219tia servesc at\u00e2t\u00a0siguran\u021bei, c\u00e2t \u0219i\u00a0eficien\u021bei,\u00a0sprijinind lucr\u0103torii \u00een sarcinile lor, men\u021bin\u00e2nd \u00een acela\u0219i timp o estetic\u0103 coerent\u0103 [&hellip;]<\/p>\n","protected":false},"author":1,"featured_media":0,"parent":0,"menu_order":0,"comment_status":"closed","ping_status":"closed","template":"","meta":{"footnotes":""},"class_list":["post-573","page","type-page","status-publish","hentry"],"_links":{"self":[{"href":"https:\/\/fashionuniform.ro\/index.php?rest_route=\/wp\/v2\/pages\/573","targetHints":{"allow":["GET"]}}],"collection":[{"href":"https:\/\/fashionuniform.ro\/index.php?rest_route=\/wp\/v2\/pages"}],"about":[{"href":"https:\/\/fashionuniform.ro\/index.php?rest_route=\/wp\/v2\/types\/page"}],"author":[{"embeddable":true,"href":"https:\/\/fashionuniform.ro\/index.php?rest_route=\/wp\/v2\/users\/1"}],"replies":[{"embeddable":true,"href":"https:\/\/fashionuniform.ro\/index.php?rest_route=%2Fwp%2Fv2%2Fcomments&post=573"}],"version-history":[{"count":28,"href":"https:\/\/fashionuniform.ro\/index.php?rest_route=\/wp\/v2\/pages\/573\/revisions"}],"predecessor-version":[{"id":858,"href":"https:\/\/fashionuniform.ro\/index.php?rest_route=\/wp\/v2\/pages\/573\/revisions\/858"}],"wp:attachment":[{"href":"https:\/\/fashionuniform.ro\/index.php?rest_route=%2Fwp%2Fv2%2Fmedia&parent=573"}],"curies":[{"name":"wp","href":"https:\/\/api.w.org\/{rel}","templated":true}]}}