{"id":577,"date":"2024-01-20T08:47:46","date_gmt":"2024-01-20T08:47:46","guid":{"rendered":"https:\/\/fashionuniform.ro\/?page_id=577"},"modified":"2024-01-21T09:43:52","modified_gmt":"2024-01-21T09:43:52","slug":"veste","status":"publish","type":"page","link":"https:\/\/fashionuniform.ro\/?page_id=577","title":{"rendered":"Veste"},"content":{"rendered":"\t\t<div data-elementor-type=\"wp-page\" data-elementor-id=\"577\" class=\"elementor elementor-577\">\n\t\t\t\t<div class=\"elementor-element elementor-element-c5c27d9 e-flex e-con-boxed e-con e-parent\" data-id=\"c5c27d9\" data-element_type=\"container\">\n\t\t\t\t\t<div class=\"e-con-inner\">\n\t\t\t\t<div class=\"elementor-element elementor-element-fd6faa6 elementor-widget elementor-widget-heading\" data-id=\"fd6faa6\" data-element_type=\"widget\" data-widget_type=\"heading.default\">\n\t\t\t\t<div class=\"elementor-widget-container\">\n\t\t\t<style>\/*! elementor - v3.22.0 - 26-06-2024 *\/\n.elementor-heading-title{padding:0;margin:0;line-height:1}.elementor-widget-heading .elementor-heading-title[class*=elementor-size-]>a{color:inherit;font-size:inherit;line-height:inherit}.elementor-widget-heading .elementor-heading-title.elementor-size-small{font-size:15px}.elementor-widget-heading .elementor-heading-title.elementor-size-medium{font-size:19px}.elementor-widget-heading .elementor-heading-title.elementor-size-large{font-size:29px}.elementor-widget-heading .elementor-heading-title.elementor-size-xl{font-size:39px}.elementor-widget-heading .elementor-heading-title.elementor-size-xxl{font-size:59px}<\/style><h2 class=\"elementor-heading-title elementor-size-default\">Veste<\/h2>\t\t<\/div>\n\t\t\t\t<\/div>\n\t\t\t\t<div class=\"elementor-element elementor-element-4ca9a76 elementor-widget elementor-widget-image-gallery\" data-id=\"4ca9a76\" data-element_type=\"widget\" data-widget_type=\"image-gallery.default\">\n\t\t\t\t<div class=\"elementor-widget-container\">\n\t\t\t<style>\/*! elementor - v3.22.0 - 26-06-2024 *\/\n.elementor-image-gallery .gallery-item{display:inline-block;text-align:center;vertical-align:top;width:100%;max-width:100%;margin:0 auto}.elementor-image-gallery .gallery-item img{margin:0 auto}.elementor-image-gallery .gallery-item .gallery-caption{margin:0}.elementor-image-gallery figure img{display:block}.elementor-image-gallery figure figcaption{width:100%}.gallery-spacing-custom .elementor-image-gallery .gallery-icon{padding:0}@media (min-width:768px){.elementor-image-gallery .gallery-columns-2 .gallery-item{max-width:50%}.elementor-image-gallery .gallery-columns-3 .gallery-item{max-width:33.33%}.elementor-image-gallery .gallery-columns-4 .gallery-item{max-width:25%}.elementor-image-gallery .gallery-columns-5 .gallery-item{max-width:20%}.elementor-image-gallery .gallery-columns-6 .gallery-item{max-width:16.666%}.elementor-image-gallery .gallery-columns-7 .gallery-item{max-width:14.28%}.elementor-image-gallery .gallery-columns-8 .gallery-item{max-width:12.5%}.elementor-image-gallery .gallery-columns-9 .gallery-item{max-width:11.11%}.elementor-image-gallery .gallery-columns-10 .gallery-item{max-width:10%}}@media (min-width:480px) and (max-width:767px){.elementor-image-gallery .gallery.gallery-columns-2 .gallery-item,.elementor-image-gallery .gallery.gallery-columns-3 .gallery-item,.elementor-image-gallery .gallery.gallery-columns-4 .gallery-item,.elementor-image-gallery .gallery.gallery-columns-5 .gallery-item,.elementor-image-gallery .gallery.gallery-columns-6 .gallery-item,.elementor-image-gallery .gallery.gallery-columns-7 .gallery-item,.elementor-image-gallery .gallery.gallery-columns-8 .gallery-item,.elementor-image-gallery .gallery.gallery-columns-9 .gallery-item,.elementor-image-gallery .gallery.gallery-columns-10 .gallery-item{max-width:50%}}@media (max-width:479px){.elementor-image-gallery .gallery.gallery-columns-2 .gallery-item,.elementor-image-gallery .gallery.gallery-columns-3 .gallery-item,.elementor-image-gallery .gallery.gallery-columns-4 .gallery-item,.elementor-image-gallery .gallery.gallery-columns-5 .gallery-item,.elementor-image-gallery .gallery.gallery-columns-6 .gallery-item,.elementor-image-gallery .gallery.gallery-columns-7 .gallery-item,.elementor-image-gallery .gallery.gallery-columns-8 .gallery-item,.elementor-image-gallery .gallery.gallery-columns-9 .gallery-item,.elementor-image-gallery .gallery.gallery-columns-10 .gallery-item{max-width:100%}}<\/style>\t\t<div class=\"elementor-image-gallery\">\n\t\t\t<div id='gallery-1' class='gallery galleryid-577 gallery-columns-3 gallery-size-large'><figure class='gallery-item'>\n\t\t\t<div class='gallery-icon portrait'>\n\t\t\t\t<a data-elementor-open-lightbox=\"yes\" data-elementor-lightbox-slideshow=\"4ca9a76\" data-elementor-lightbox-title=\"9\" data-e-action-hash=\"#elementor-action%3Aaction%3Dlightbox%26settings%3DeyJpZCI6NjgxLCJ1cmwiOiJodHRwczpcL1wvZmFzaGlvbnVuaWZvcm0ucm9cL3dwLWNvbnRlbnRcL3VwbG9hZHNcLzIwMjRcLzAxXC85LTEuanBnIiwic2xpZGVzaG93IjoiNGNhOWE3NiJ9\" href='https:\/\/fashionuniform.ro\/wp-content\/uploads\/2024\/01\/9-1.jpg'><img fetchpriority=\"high\" decoding=\"async\" width=\"682\" height=\"1024\" src=\"https:\/\/fashionuniform.ro\/wp-content\/uploads\/2024\/01\/9-1-682x1024.jpg\" class=\"attachment-large size-large\" alt=\"\" srcset=\"https:\/\/fashionuniform.ro\/wp-content\/uploads\/2024\/01\/9-1-682x1024.jpg 682w, https:\/\/fashionuniform.ro\/wp-content\/uploads\/2024\/01\/9-1-200x300.jpg 200w, https:\/\/fashionuniform.ro\/wp-content\/uploads\/2024\/01\/9-1.jpg 699w\" sizes=\"(max-width: 682px) 100vw, 682px\" \/><\/a>\n\t\t\t<\/div><\/figure><figure class='gallery-item'>\n\t\t\t<div class='gallery-icon portrait'>\n\t\t\t\t<a data-elementor-open-lightbox=\"yes\" data-elementor-lightbox-slideshow=\"4ca9a76\" data-elementor-lightbox-title=\"10\" data-e-action-hash=\"#elementor-action%3Aaction%3Dlightbox%26settings%3DeyJpZCI6NjgyLCJ1cmwiOiJodHRwczpcL1wvZmFzaGlvbnVuaWZvcm0ucm9cL3dwLWNvbnRlbnRcL3VwbG9hZHNcLzIwMjRcLzAxXC8xMC5qcGciLCJzbGlkZXNob3ciOiI0Y2E5YTc2In0%3D\" href='https:\/\/fashionuniform.ro\/wp-content\/uploads\/2024\/01\/10.jpg'><img decoding=\"async\" width=\"682\" height=\"1024\" src=\"https:\/\/fashionuniform.ro\/wp-content\/uploads\/2024\/01\/10-682x1024.jpg\" class=\"attachment-large size-large\" alt=\"\" srcset=\"https:\/\/fashionuniform.ro\/wp-content\/uploads\/2024\/01\/10-682x1024.jpg 682w, https:\/\/fashionuniform.ro\/wp-content\/uploads\/2024\/01\/10-200x300.jpg 200w, https:\/\/fashionuniform.ro\/wp-content\/uploads\/2024\/01\/10.jpg 699w\" sizes=\"(max-width: 682px) 100vw, 682px\" \/><\/a>\n\t\t\t<\/div><\/figure><figure class='gallery-item'>\n\t\t\t<div class='gallery-icon portrait'>\n\t\t\t\t<a data-elementor-open-lightbox=\"yes\" data-elementor-lightbox-slideshow=\"4ca9a76\" data-elementor-lightbox-title=\"Poppins (2)\" data-e-action-hash=\"#elementor-action%3Aaction%3Dlightbox%26settings%3DeyJpZCI6Nzk2LCJ1cmwiOiJodHRwczpcL1wvZmFzaGlvbnVuaWZvcm0ucm9cL3dwLWNvbnRlbnRcL3VwbG9hZHNcLzIwMjRcLzAxXC9Qb3BwaW5zLTIuanBnIiwic2xpZGVzaG93IjoiNGNhOWE3NiJ9\" href='https:\/\/fashionuniform.ro\/wp-content\/uploads\/2024\/01\/Poppins-2.jpg'><img decoding=\"async\" width=\"682\" height=\"1024\" src=\"https:\/\/fashionuniform.ro\/wp-content\/uploads\/2024\/01\/Poppins-2-682x1024.jpg\" class=\"attachment-large size-large\" alt=\"\" srcset=\"https:\/\/fashionuniform.ro\/wp-content\/uploads\/2024\/01\/Poppins-2-682x1024.jpg 682w, https:\/\/fashionuniform.ro\/wp-content\/uploads\/2024\/01\/Poppins-2-200x300.jpg 200w, https:\/\/fashionuniform.ro\/wp-content\/uploads\/2024\/01\/Poppins-2.jpg 699w\" sizes=\"(max-width: 682px) 100vw, 682px\" \/><\/a>\n\t\t\t<\/div><\/figure><figure class='gallery-item'>\n\t\t\t<div class='gallery-icon portrait'>\n\t\t\t\t<a data-elementor-open-lightbox=\"yes\" data-elementor-lightbox-slideshow=\"4ca9a76\" data-elementor-lightbox-title=\"Poppins (18)\" data-e-action-hash=\"#elementor-action%3Aaction%3Dlightbox%26settings%3DeyJpZCI6Nzk5LCJ1cmwiOiJodHRwczpcL1wvZmFzaGlvbnVuaWZvcm0ucm9cL3dwLWNvbnRlbnRcL3VwbG9hZHNcLzIwMjRcLzAxXC9Qb3BwaW5zLTE4LmpwZyIsInNsaWRlc2hvdyI6IjRjYTlhNzYifQ%3D%3D\" href='https:\/\/fashionuniform.ro\/wp-content\/uploads\/2024\/01\/Poppins-18.jpg'><img loading=\"lazy\" decoding=\"async\" width=\"682\" height=\"1024\" src=\"https:\/\/fashionuniform.ro\/wp-content\/uploads\/2024\/01\/Poppins-18-682x1024.jpg\" class=\"attachment-large size-large\" alt=\"\" srcset=\"https:\/\/fashionuniform.ro\/wp-content\/uploads\/2024\/01\/Poppins-18-682x1024.jpg 682w, https:\/\/fashionuniform.ro\/wp-content\/uploads\/2024\/01\/Poppins-18-200x300.jpg 200w, https:\/\/fashionuniform.ro\/wp-content\/uploads\/2024\/01\/Poppins-18.jpg 699w\" sizes=\"(max-width: 682px) 100vw, 682px\" \/><\/a>\n\t\t\t<\/div><\/figure><figure class='gallery-item'>\n\t\t\t<div class='gallery-icon portrait'>\n\t\t\t\t<a data-elementor-open-lightbox=\"yes\" data-elementor-lightbox-slideshow=\"4ca9a76\" data-elementor-lightbox-title=\"Poppins (19)\" data-e-action-hash=\"#elementor-action%3Aaction%3Dlightbox%26settings%3DeyJpZCI6ODAwLCJ1cmwiOiJodHRwczpcL1wvZmFzaGlvbnVuaWZvcm0ucm9cL3dwLWNvbnRlbnRcL3VwbG9hZHNcLzIwMjRcLzAxXC9Qb3BwaW5zLTE5LmpwZyIsInNsaWRlc2hvdyI6IjRjYTlhNzYifQ%3D%3D\" href='https:\/\/fashionuniform.ro\/wp-content\/uploads\/2024\/01\/Poppins-19.jpg'><img loading=\"lazy\" decoding=\"async\" width=\"682\" height=\"1024\" src=\"https:\/\/fashionuniform.ro\/wp-content\/uploads\/2024\/01\/Poppins-19-682x1024.jpg\" class=\"attachment-large size-large\" alt=\"\" srcset=\"https:\/\/fashionuniform.ro\/wp-content\/uploads\/2024\/01\/Poppins-19-682x1024.jpg 682w, https:\/\/fashionuniform.ro\/wp-content\/uploads\/2024\/01\/Poppins-19-200x300.jpg 200w, https:\/\/fashionuniform.ro\/wp-content\/uploads\/2024\/01\/Poppins-19.jpg 699w\" sizes=\"(max-width: 682px) 100vw, 682px\" \/><\/a>\n\t\t\t<\/div><\/figure><figure class='gallery-item'>\n\t\t\t<div class='gallery-icon portrait'>\n\t\t\t\t<a data-elementor-open-lightbox=\"yes\" data-elementor-lightbox-slideshow=\"4ca9a76\" data-elementor-lightbox-title=\"11\" data-e-action-hash=\"#elementor-action%3Aaction%3Dlightbox%26settings%3DeyJpZCI6NjgzLCJ1cmwiOiJodHRwczpcL1wvZmFzaGlvbnVuaWZvcm0ucm9cL3dwLWNvbnRlbnRcL3VwbG9hZHNcLzIwMjRcLzAxXC8xMS5qcGciLCJzbGlkZXNob3ciOiI0Y2E5YTc2In0%3D\" href='https:\/\/fashionuniform.ro\/wp-content\/uploads\/2024\/01\/11.jpg'><img loading=\"lazy\" decoding=\"async\" width=\"682\" height=\"1024\" src=\"https:\/\/fashionuniform.ro\/wp-content\/uploads\/2024\/01\/11-682x1024.jpg\" class=\"attachment-large size-large\" alt=\"\" srcset=\"https:\/\/fashionuniform.ro\/wp-content\/uploads\/2024\/01\/11-682x1024.jpg 682w, https:\/\/fashionuniform.ro\/wp-content\/uploads\/2024\/01\/11-200x300.jpg 200w, https:\/\/fashionuniform.ro\/wp-content\/uploads\/2024\/01\/11.jpg 699w\" sizes=\"(max-width: 682px) 100vw, 682px\" \/><\/a>\n\t\t\t<\/div><\/figure><figure class='gallery-item'>\n\t\t\t<div class='gallery-icon portrait'>\n\t\t\t\t<a data-elementor-open-lightbox=\"yes\" data-elementor-lightbox-slideshow=\"4ca9a76\" data-elementor-lightbox-title=\"12\" data-e-action-hash=\"#elementor-action%3Aaction%3Dlightbox%26settings%3DeyJpZCI6Njg0LCJ1cmwiOiJodHRwczpcL1wvZmFzaGlvbnVuaWZvcm0ucm9cL3dwLWNvbnRlbnRcL3VwbG9hZHNcLzIwMjRcLzAxXC8xMi5qcGciLCJzbGlkZXNob3ciOiI0Y2E5YTc2In0%3D\" href='https:\/\/fashionuniform.ro\/wp-content\/uploads\/2024\/01\/12.jpg'><img loading=\"lazy\" decoding=\"async\" width=\"682\" height=\"1024\" src=\"https:\/\/fashionuniform.ro\/wp-content\/uploads\/2024\/01\/12-682x1024.jpg\" class=\"attachment-large size-large\" alt=\"\" srcset=\"https:\/\/fashionuniform.ro\/wp-content\/uploads\/2024\/01\/12-682x1024.jpg 682w, https:\/\/fashionuniform.ro\/wp-content\/uploads\/2024\/01\/12-200x300.jpg 200w, https:\/\/fashionuniform.ro\/wp-content\/uploads\/2024\/01\/12.jpg 699w\" sizes=\"(max-width: 682px) 100vw, 682px\" \/><\/a>\n\t\t\t<\/div><\/figure><figure class='gallery-item'>\n\t\t\t<div class='gallery-icon portrait'>\n\t\t\t\t<a data-elementor-open-lightbox=\"yes\" data-elementor-lightbox-slideshow=\"4ca9a76\" data-elementor-lightbox-title=\"Poppins (12)\" data-e-action-hash=\"#elementor-action%3Aaction%3Dlightbox%26settings%3DeyJpZCI6Nzk3LCJ1cmwiOiJodHRwczpcL1wvZmFzaGlvbnVuaWZvcm0ucm9cL3dwLWNvbnRlbnRcL3VwbG9hZHNcLzIwMjRcLzAxXC9Qb3BwaW5zLTEyLmpwZyIsInNsaWRlc2hvdyI6IjRjYTlhNzYifQ%3D%3D\" href='https:\/\/fashionuniform.ro\/wp-content\/uploads\/2024\/01\/Poppins-12.jpg'><img loading=\"lazy\" decoding=\"async\" width=\"682\" height=\"1024\" src=\"https:\/\/fashionuniform.ro\/wp-content\/uploads\/2024\/01\/Poppins-12-682x1024.jpg\" class=\"attachment-large size-large\" alt=\"\" srcset=\"https:\/\/fashionuniform.ro\/wp-content\/uploads\/2024\/01\/Poppins-12-682x1024.jpg 682w, https:\/\/fashionuniform.ro\/wp-content\/uploads\/2024\/01\/Poppins-12-200x300.jpg 200w, https:\/\/fashionuniform.ro\/wp-content\/uploads\/2024\/01\/Poppins-12.jpg 699w\" sizes=\"(max-width: 682px) 100vw, 682px\" \/><\/a>\n\t\t\t<\/div><\/figure><figure class='gallery-item'>\n\t\t\t<div class='gallery-icon portrait'>\n\t\t\t\t<a data-elementor-open-lightbox=\"yes\" data-elementor-lightbox-slideshow=\"4ca9a76\" data-elementor-lightbox-title=\"Poppins (13)\" data-e-action-hash=\"#elementor-action%3Aaction%3Dlightbox%26settings%3DeyJpZCI6Nzk4LCJ1cmwiOiJodHRwczpcL1wvZmFzaGlvbnVuaWZvcm0ucm9cL3dwLWNvbnRlbnRcL3VwbG9hZHNcLzIwMjRcLzAxXC9Qb3BwaW5zLTEzLmpwZyIsInNsaWRlc2hvdyI6IjRjYTlhNzYifQ%3D%3D\" href='https:\/\/fashionuniform.ro\/wp-content\/uploads\/2024\/01\/Poppins-13.jpg'><img loading=\"lazy\" decoding=\"async\" width=\"682\" height=\"1024\" src=\"https:\/\/fashionuniform.ro\/wp-content\/uploads\/2024\/01\/Poppins-13-682x1024.jpg\" class=\"attachment-large size-large\" alt=\"\" srcset=\"https:\/\/fashionuniform.ro\/wp-content\/uploads\/2024\/01\/Poppins-13-682x1024.jpg 682w, https:\/\/fashionuniform.ro\/wp-content\/uploads\/2024\/01\/Poppins-13-200x300.jpg 200w, https:\/\/fashionuniform.ro\/wp-content\/uploads\/2024\/01\/Poppins-13.jpg 699w\" sizes=\"(max-width: 682px) 100vw, 682px\" \/><\/a>\n\t\t\t<\/div><\/figure><figure class='gallery-item'>\n\t\t\t<div class='gallery-icon portrait'>\n\t\t\t\t<a data-elementor-open-lightbox=\"yes\" data-elementor-lightbox-slideshow=\"4ca9a76\" data-elementor-lightbox-title=\"13\" data-e-action-hash=\"#elementor-action%3Aaction%3Dlightbox%26settings%3DeyJpZCI6Njg1LCJ1cmwiOiJodHRwczpcL1wvZmFzaGlvbnVuaWZvcm0ucm9cL3dwLWNvbnRlbnRcL3VwbG9hZHNcLzIwMjRcLzAxXC8xMy5qcGciLCJzbGlkZXNob3ciOiI0Y2E5YTc2In0%3D\" href='https:\/\/fashionuniform.ro\/wp-content\/uploads\/2024\/01\/13.jpg'><img loading=\"lazy\" decoding=\"async\" width=\"682\" height=\"1024\" src=\"https:\/\/fashionuniform.ro\/wp-content\/uploads\/2024\/01\/13-682x1024.jpg\" class=\"attachment-large size-large\" alt=\"\" srcset=\"https:\/\/fashionuniform.ro\/wp-content\/uploads\/2024\/01\/13-682x1024.jpg 682w, https:\/\/fashionuniform.ro\/wp-content\/uploads\/2024\/01\/13-200x300.jpg 200w, https:\/\/fashionuniform.ro\/wp-content\/uploads\/2024\/01\/13.jpg 699w\" sizes=\"(max-width: 682px) 100vw, 682px\" \/><\/a>\n\t\t\t<\/div><\/figure><figure class='gallery-item'>\n\t\t\t<div class='gallery-icon portrait'>\n\t\t\t\t<a data-elementor-open-lightbox=\"yes\" data-elementor-lightbox-slideshow=\"4ca9a76\" data-elementor-lightbox-title=\"14\" data-e-action-hash=\"#elementor-action%3Aaction%3Dlightbox%26settings%3DeyJpZCI6Njg2LCJ1cmwiOiJodHRwczpcL1wvZmFzaGlvbnVuaWZvcm0ucm9cL3dwLWNvbnRlbnRcL3VwbG9hZHNcLzIwMjRcLzAxXC8xNC5qcGciLCJzbGlkZXNob3ciOiI0Y2E5YTc2In0%3D\" href='https:\/\/fashionuniform.ro\/wp-content\/uploads\/2024\/01\/14.jpg'><img loading=\"lazy\" decoding=\"async\" width=\"682\" height=\"1024\" src=\"https:\/\/fashionuniform.ro\/wp-content\/uploads\/2024\/01\/14-682x1024.jpg\" class=\"attachment-large size-large\" alt=\"\" srcset=\"https:\/\/fashionuniform.ro\/wp-content\/uploads\/2024\/01\/14-682x1024.jpg 682w, https:\/\/fashionuniform.ro\/wp-content\/uploads\/2024\/01\/14-200x300.jpg 200w, https:\/\/fashionuniform.ro\/wp-content\/uploads\/2024\/01\/14.jpg 699w\" sizes=\"(max-width: 682px) 100vw, 682px\" \/><\/a>\n\t\t\t<\/div><\/figure><figure class='gallery-item'>\n\t\t\t<div class='gallery-icon portrait'>\n\t\t\t\t<a data-elementor-open-lightbox=\"yes\" data-elementor-lightbox-slideshow=\"4ca9a76\" data-elementor-lightbox-title=\"15\" data-e-action-hash=\"#elementor-action%3Aaction%3Dlightbox%26settings%3DeyJpZCI6Njg3LCJ1cmwiOiJodHRwczpcL1wvZmFzaGlvbnVuaWZvcm0ucm9cL3dwLWNvbnRlbnRcL3VwbG9hZHNcLzIwMjRcLzAxXC8xNS5qcGciLCJzbGlkZXNob3ciOiI0Y2E5YTc2In0%3D\" href='https:\/\/fashionuniform.ro\/wp-content\/uploads\/2024\/01\/15.jpg'><img loading=\"lazy\" decoding=\"async\" width=\"682\" height=\"1024\" src=\"https:\/\/fashionuniform.ro\/wp-content\/uploads\/2024\/01\/15-682x1024.jpg\" class=\"attachment-large size-large\" alt=\"\" srcset=\"https:\/\/fashionuniform.ro\/wp-content\/uploads\/2024\/01\/15-682x1024.jpg 682w, https:\/\/fashionuniform.ro\/wp-content\/uploads\/2024\/01\/15-200x300.jpg 200w, https:\/\/fashionuniform.ro\/wp-content\/uploads\/2024\/01\/15.jpg 699w\" sizes=\"(max-width: 682px) 100vw, 682px\" \/><\/a>\n\t\t\t<\/div><\/figure><figure class='gallery-item'>\n\t\t\t<div class='gallery-icon portrait'>\n\t\t\t\t<a data-elementor-open-lightbox=\"yes\" data-elementor-lightbox-slideshow=\"4ca9a76\" data-elementor-lightbox-title=\"16\" data-e-action-hash=\"#elementor-action%3Aaction%3Dlightbox%26settings%3DeyJpZCI6Njg4LCJ1cmwiOiJodHRwczpcL1wvZmFzaGlvbnVuaWZvcm0ucm9cL3dwLWNvbnRlbnRcL3VwbG9hZHNcLzIwMjRcLzAxXC8xNi5qcGciLCJzbGlkZXNob3ciOiI0Y2E5YTc2In0%3D\" href='https:\/\/fashionuniform.ro\/wp-content\/uploads\/2024\/01\/16.jpg'><img loading=\"lazy\" decoding=\"async\" width=\"682\" height=\"1024\" src=\"https:\/\/fashionuniform.ro\/wp-content\/uploads\/2024\/01\/16-682x1024.jpg\" class=\"attachment-large size-large\" alt=\"\" srcset=\"https:\/\/fashionuniform.ro\/wp-content\/uploads\/2024\/01\/16-682x1024.jpg 682w, https:\/\/fashionuniform.ro\/wp-content\/uploads\/2024\/01\/16-200x300.jpg 200w, https:\/\/fashionuniform.ro\/wp-content\/uploads\/2024\/01\/16.jpg 699w\" sizes=\"(max-width: 682px) 100vw, 682px\" \/><\/a>\n\t\t\t<\/div><\/figure>\n\t\t<\/div>\n\t\t<\/div>\n\t\t\t\t<\/div>\n\t\t\t\t<\/div>\n\t\t\t\t\t<\/div>\n\t\t\t\t<\/div>\n\t\t<div class=\"elementor-element elementor-element-dcf6a67 e-flex e-con-boxed e-con e-parent\" data-id=\"dcf6a67\" data-element_type=\"container\">\n\t\t\t\t\t<div class=\"e-con-inner\">\n\t\t\t\t<div class=\"elementor-element elementor-element-1a954a4 elementor-widget elementor-widget-text-editor\" data-id=\"1a954a4\" data-element_type=\"widget\" data-widget_type=\"text-editor.default\">\n\t\t\t\t<div class=\"elementor-widget-container\">\n\t\t\t<style>\/*! elementor - v3.22.0 - 26-06-2024 *\/\n.elementor-widget-text-editor.elementor-drop-cap-view-stacked .elementor-drop-cap{background-color:#69727d;color:#fff}.elementor-widget-text-editor.elementor-drop-cap-view-framed .elementor-drop-cap{color:#69727d;border:3px solid;background-color:transparent}.elementor-widget-text-editor:not(.elementor-drop-cap-view-default) .elementor-drop-cap{margin-top:8px}.elementor-widget-text-editor:not(.elementor-drop-cap-view-default) .elementor-drop-cap-letter{width:1em;height:1em}.elementor-widget-text-editor .elementor-drop-cap{float:left;text-align:center;line-height:1;font-size:50px}.elementor-widget-text-editor .elementor-drop-cap-letter{display:inline-block}<\/style>\t\t\t\t<p>\u00cen zonele industriale, vestele joac\u0103 un rol <strong>esen\u021bial \u00een asigurarea vizibilit\u0103\u021bii<\/strong> \u0219i <strong>siguran\u021bei<\/strong> lucr\u0103torilor. Vestele de \u00eenalt\u0103 vizibilitate sporesc gradul de con\u0219tientizare la fa\u021ba locului, <strong>reduc\u00e2nd riscul de accidente. <\/strong><\/p><p>\u00cen \u0219coli, vestele contribuie la crearea unor <strong>cadre organizate<\/strong> \u0219i <strong>identificabile<\/strong> \u00een timpul evenimentelor sau <strong>excursiilor, permi\u021b\u00e2nd o supraveghere eficient\u0103. <\/strong><\/p><p>\u00cen fabrici, vestele sunt adesea folosite pentru a <strong>distinge rolurile, promov\u00e2nd ordinea<\/strong> \u0219i <strong>eficien\u021ba<\/strong> \u00een produc\u021bie. Natura versatil\u0103 a vestelor le face <strong>esen\u021biale \u00een diverse medii<\/strong>, aliniindu-se la siguran\u021b\u0103, organizare \u0219i func\u021bionalitate.<\/p>\t\t\t\t\t\t<\/div>\n\t\t\t\t<\/div>\n\t\t\t\t\t<\/div>\n\t\t\t\t<\/div>\n\t\t<div class=\"elementor-element elementor-element-aae0ed3 e-flex e-con-boxed e-con e-parent\" data-id=\"aae0ed3\" data-element_type=\"container\">\n\t\t\t\t\t<div class=\"e-con-inner\">\n\t\t\t\t<div class=\"elementor-element elementor-element-bac6a3d elementor-align-center elementor-widget elementor-widget-button\" data-id=\"bac6a3d\" data-element_type=\"widget\" data-widget_type=\"button.default\">\n\t\t\t\t<div class=\"elementor-widget-container\">\n\t\t\t\t\t<div class=\"elementor-button-wrapper\">\n\t\t\t<a class=\"elementor-button elementor-button-link elementor-size-lg\" href=\"https:\/\/fashionuniform.ro\/?page_id=20\">\n\t\t\t\t\t\t<span class=\"elementor-button-content-wrapper\">\n\t\t\t\t\t\t<span class=\"elementor-button-icon\">\n\t\t\t\t<svg aria-hidden=\"true\" class=\"e-font-icon-svg e-fas-phone\" viewBox=\"0 0 512 512\" xmlns=\"http:\/\/www.w3.org\/2000\/svg\"><path d=\"M493.4 24.6l-104-24c-11.3-2.6-22.9 3.3-27.5 13.9l-48 112c-4.2 9.8-1.4 21.3 6.9 28l60.6 49.6c-36 76.7-98.9 140.5-177.2 177.2l-49.6-60.6c-6.8-8.3-18.2-11.1-28-6.9l-112 48C3.9 366.5-2 378.1.6 389.4l24 104C27.1 504.2 36.7 512 48 512c256.1 0 464-207.5 464-464 0-11.2-7.7-20.9-18.6-23.4z\"><\/path><\/svg>\t\t\t<\/span>\n\t\t\t\t\t\t\t\t\t<span class=\"elementor-button-text\">Suna\u021bi acum<\/span>\n\t\t\t\t\t<\/span>\n\t\t\t\t\t<\/a>\n\t\t<\/div>\n\t\t\t\t<\/div>\n\t\t\t\t<\/div>\n\t\t\t\t\t<\/div>\n\t\t\t\t<\/div>\n\t\t\t\t<\/div>\n\t\t","protected":false},"excerpt":{"rendered":"<p>Veste \u00cen zonele industriale, vestele joac\u0103 un rol esen\u021bial \u00een asigurarea vizibilit\u0103\u021bii \u0219i siguran\u021bei lucr\u0103torilor. Vestele de \u00eenalt\u0103 vizibilitate sporesc gradul de con\u0219tientizare la fa\u021ba locului, reduc\u00e2nd riscul de accidente. \u00cen \u0219coli, vestele contribuie la crearea unor cadre organizate \u0219i identificabile \u00een timpul evenimentelor sau excursiilor, permi\u021b\u00e2nd o supraveghere eficient\u0103. \u00cen fabrici, vestele sunt adesea [&hellip;]<\/p>\n","protected":false},"author":1,"featured_media":0,"parent":0,"menu_order":0,"comment_status":"closed","ping_status":"closed","template":"","meta":{"footnotes":""},"class_list":["post-577","page","type-page","status-publish","hentry"],"_links":{"self":[{"href":"https:\/\/fashionuniform.ro\/index.php?rest_route=\/wp\/v2\/pages\/577","targetHints":{"allow":["GET"]}}],"collection":[{"href":"https:\/\/fashionuniform.ro\/index.php?rest_route=\/wp\/v2\/pages"}],"about":[{"href":"https:\/\/fashionuniform.ro\/index.php?rest_route=\/wp\/v2\/types\/page"}],"author":[{"embeddable":true,"href":"https:\/\/fashionuniform.ro\/index.php?rest_route=\/wp\/v2\/users\/1"}],"replies":[{"embeddable":true,"href":"https:\/\/fashionuniform.ro\/index.php?rest_route=%2Fwp%2Fv2%2Fcomments&post=577"}],"version-history":[{"count":25,"href":"https:\/\/fashionuniform.ro\/index.php?rest_route=\/wp\/v2\/pages\/577\/revisions"}],"predecessor-version":[{"id":855,"href":"https:\/\/fashionuniform.ro\/index.php?rest_route=\/wp\/v2\/pages\/577\/revisions\/855"}],"wp:attachment":[{"href":"https:\/\/fashionuniform.ro\/index.php?rest_route=%2Fwp%2Fv2%2Fmedia&parent=577"}],"curies":[{"name":"wp","href":"https:\/\/api.w.org\/{rel}","templated":true}]}}