{"id":579,"date":"2024-01-20T09:00:30","date_gmt":"2024-01-20T09:00:30","guid":{"rendered":"https:\/\/fashionuniform.ro\/?page_id=579"},"modified":"2024-01-21T09:39:54","modified_gmt":"2024-01-21T09:39:54","slug":"tricou-sweatshirt","status":"publish","type":"page","link":"https:\/\/fashionuniform.ro\/?page_id=579","title":{"rendered":"Tricou-Sweatshirt"},"content":{"rendered":"\t\t<div data-elementor-type=\"wp-page\" data-elementor-id=\"579\" class=\"elementor elementor-579\">\n\t\t\t\t<div class=\"elementor-element elementor-element-919ec96 e-flex e-con-boxed e-con e-parent\" data-id=\"919ec96\" data-element_type=\"container\">\n\t\t\t\t\t<div class=\"e-con-inner\">\n\t\t\t\t<div class=\"elementor-element elementor-element-6f4911c elementor-widget elementor-widget-heading\" data-id=\"6f4911c\" data-element_type=\"widget\" data-widget_type=\"heading.default\">\n\t\t\t\t<div class=\"elementor-widget-container\">\n\t\t\t<style>\/*! elementor - v3.22.0 - 26-06-2024 *\/\n.elementor-heading-title{padding:0;margin:0;line-height:1}.elementor-widget-heading .elementor-heading-title[class*=elementor-size-]>a{color:inherit;font-size:inherit;line-height:inherit}.elementor-widget-heading .elementor-heading-title.elementor-size-small{font-size:15px}.elementor-widget-heading .elementor-heading-title.elementor-size-medium{font-size:19px}.elementor-widget-heading .elementor-heading-title.elementor-size-large{font-size:29px}.elementor-widget-heading .elementor-heading-title.elementor-size-xl{font-size:39px}.elementor-widget-heading .elementor-heading-title.elementor-size-xxl{font-size:59px}<\/style><h2 class=\"elementor-heading-title elementor-size-default\">Tricou-Sweatshirt<\/h2>\t\t<\/div>\n\t\t\t\t<\/div>\n\t\t\t\t\t<\/div>\n\t\t\t\t<\/div>\n\t\t<div class=\"elementor-element elementor-element-c7a94f2 e-flex e-con-boxed e-con e-parent\" data-id=\"c7a94f2\" data-element_type=\"container\">\n\t\t\t\t\t<div class=\"e-con-inner\">\n\t\t\t\t<div class=\"elementor-element elementor-element-498a272 elementor-widget elementor-widget-image-gallery\" data-id=\"498a272\" data-element_type=\"widget\" data-widget_type=\"image-gallery.default\">\n\t\t\t\t<div class=\"elementor-widget-container\">\n\t\t\t<style>\/*! elementor - v3.22.0 - 26-06-2024 *\/\n.elementor-image-gallery .gallery-item{display:inline-block;text-align:center;vertical-align:top;width:100%;max-width:100%;margin:0 auto}.elementor-image-gallery .gallery-item img{margin:0 auto}.elementor-image-gallery .gallery-item .gallery-caption{margin:0}.elementor-image-gallery figure img{display:block}.elementor-image-gallery figure figcaption{width:100%}.gallery-spacing-custom .elementor-image-gallery .gallery-icon{padding:0}@media (min-width:768px){.elementor-image-gallery .gallery-columns-2 .gallery-item{max-width:50%}.elementor-image-gallery .gallery-columns-3 .gallery-item{max-width:33.33%}.elementor-image-gallery .gallery-columns-4 .gallery-item{max-width:25%}.elementor-image-gallery .gallery-columns-5 .gallery-item{max-width:20%}.elementor-image-gallery .gallery-columns-6 .gallery-item{max-width:16.666%}.elementor-image-gallery .gallery-columns-7 .gallery-item{max-width:14.28%}.elementor-image-gallery .gallery-columns-8 .gallery-item{max-width:12.5%}.elementor-image-gallery .gallery-columns-9 .gallery-item{max-width:11.11%}.elementor-image-gallery .gallery-columns-10 .gallery-item{max-width:10%}}@media (min-width:480px) and (max-width:767px){.elementor-image-gallery .gallery.gallery-columns-2 .gallery-item,.elementor-image-gallery .gallery.gallery-columns-3 .gallery-item,.elementor-image-gallery .gallery.gallery-columns-4 .gallery-item,.elementor-image-gallery .gallery.gallery-columns-5 .gallery-item,.elementor-image-gallery .gallery.gallery-columns-6 .gallery-item,.elementor-image-gallery .gallery.gallery-columns-7 .gallery-item,.elementor-image-gallery .gallery.gallery-columns-8 .gallery-item,.elementor-image-gallery .gallery.gallery-columns-9 .gallery-item,.elementor-image-gallery .gallery.gallery-columns-10 .gallery-item{max-width:50%}}@media (max-width:479px){.elementor-image-gallery .gallery.gallery-columns-2 .gallery-item,.elementor-image-gallery .gallery.gallery-columns-3 .gallery-item,.elementor-image-gallery .gallery.gallery-columns-4 .gallery-item,.elementor-image-gallery .gallery.gallery-columns-5 .gallery-item,.elementor-image-gallery .gallery.gallery-columns-6 .gallery-item,.elementor-image-gallery .gallery.gallery-columns-7 .gallery-item,.elementor-image-gallery .gallery.gallery-columns-8 .gallery-item,.elementor-image-gallery .gallery.gallery-columns-9 .gallery-item,.elementor-image-gallery .gallery.gallery-columns-10 .gallery-item{max-width:100%}}<\/style>\t\t<div class=\"elementor-image-gallery\">\n\t\t\t<div id='gallery-1' class='gallery galleryid-579 gallery-columns-3 gallery-size-large'><figure class='gallery-item'>\n\t\t\t<div class='gallery-icon portrait'>\n\t\t\t\t<a data-elementor-open-lightbox=\"yes\" data-elementor-lightbox-slideshow=\"498a272\" data-elementor-lightbox-title=\"Poppins (3)\" data-e-action-hash=\"#elementor-action%3Aaction%3Dlightbox%26settings%3DeyJpZCI6ODA2LCJ1cmwiOiJodHRwczpcL1wvZmFzaGlvbnVuaWZvcm0ucm9cL3dwLWNvbnRlbnRcL3VwbG9hZHNcLzIwMjRcLzAxXC9Qb3BwaW5zLTMuanBnIiwic2xpZGVzaG93IjoiNDk4YTI3MiJ9\" href='https:\/\/fashionuniform.ro\/wp-content\/uploads\/2024\/01\/Poppins-3.jpg'><img fetchpriority=\"high\" decoding=\"async\" width=\"682\" height=\"1024\" src=\"https:\/\/fashionuniform.ro\/wp-content\/uploads\/2024\/01\/Poppins-3-682x1024.jpg\" class=\"attachment-large size-large\" alt=\"\" srcset=\"https:\/\/fashionuniform.ro\/wp-content\/uploads\/2024\/01\/Poppins-3-682x1024.jpg 682w, https:\/\/fashionuniform.ro\/wp-content\/uploads\/2024\/01\/Poppins-3-200x300.jpg 200w, https:\/\/fashionuniform.ro\/wp-content\/uploads\/2024\/01\/Poppins-3.jpg 699w\" sizes=\"(max-width: 682px) 100vw, 682px\" \/><\/a>\n\t\t\t<\/div><\/figure><figure class='gallery-item'>\n\t\t\t<div class='gallery-icon landscape'>\n\t\t\t\t<a data-elementor-open-lightbox=\"yes\" data-elementor-lightbox-slideshow=\"498a272\" data-elementor-lightbox-title=\"SCHOOL 1 (1)\" data-e-action-hash=\"#elementor-action%3Aaction%3Dlightbox%26settings%3DeyJpZCI6NDY2LCJ1cmwiOiJodHRwczpcL1wvZmFzaGlvbnVuaWZvcm0ucm9cL3dwLWNvbnRlbnRcL3VwbG9hZHNcLzIwMjRcLzAxXC9TQ0hPT0wtMS0xLmpwZyIsInNsaWRlc2hvdyI6IjQ5OGEyNzIifQ%3D%3D\" href='https:\/\/fashionuniform.ro\/wp-content\/uploads\/2024\/01\/SCHOOL-1-1.jpg'><img decoding=\"async\" width=\"626\" height=\"417\" src=\"https:\/\/fashionuniform.ro\/wp-content\/uploads\/2024\/01\/SCHOOL-1-1.jpg\" class=\"attachment-large size-large\" alt=\"\" srcset=\"https:\/\/fashionuniform.ro\/wp-content\/uploads\/2024\/01\/SCHOOL-1-1.jpg 626w, https:\/\/fashionuniform.ro\/wp-content\/uploads\/2024\/01\/SCHOOL-1-1-300x200.jpg 300w\" sizes=\"(max-width: 626px) 100vw, 626px\" \/><\/a>\n\t\t\t<\/div><\/figure><figure class='gallery-item'>\n\t\t\t<div class='gallery-icon landscape'>\n\t\t\t\t<a data-elementor-open-lightbox=\"yes\" data-elementor-lightbox-slideshow=\"498a272\" data-elementor-lightbox-title=\"SCHOOL 1 (3)\" data-e-action-hash=\"#elementor-action%3Aaction%3Dlightbox%26settings%3DeyJpZCI6NDY0LCJ1cmwiOiJodHRwczpcL1wvZmFzaGlvbnVuaWZvcm0ucm9cL3dwLWNvbnRlbnRcL3VwbG9hZHNcLzIwMjRcLzAxXC9TQ0hPT0wtMS0zLmpwZyIsInNsaWRlc2hvdyI6IjQ5OGEyNzIifQ%3D%3D\" href='https:\/\/fashionuniform.ro\/wp-content\/uploads\/2024\/01\/SCHOOL-1-3.jpg'><img decoding=\"async\" width=\"626\" height=\"417\" src=\"https:\/\/fashionuniform.ro\/wp-content\/uploads\/2024\/01\/SCHOOL-1-3.jpg\" class=\"attachment-large size-large\" alt=\"\" srcset=\"https:\/\/fashionuniform.ro\/wp-content\/uploads\/2024\/01\/SCHOOL-1-3.jpg 626w, https:\/\/fashionuniform.ro\/wp-content\/uploads\/2024\/01\/SCHOOL-1-3-300x200.jpg 300w\" sizes=\"(max-width: 626px) 100vw, 626px\" \/><\/a>\n\t\t\t<\/div><\/figure><figure class='gallery-item'>\n\t\t\t<div class='gallery-icon portrait'>\n\t\t\t\t<a data-elementor-open-lightbox=\"yes\" data-elementor-lightbox-slideshow=\"498a272\" data-elementor-lightbox-title=\"Poppins (4)\" data-e-action-hash=\"#elementor-action%3Aaction%3Dlightbox%26settings%3DeyJpZCI6ODA3LCJ1cmwiOiJodHRwczpcL1wvZmFzaGlvbnVuaWZvcm0ucm9cL3dwLWNvbnRlbnRcL3VwbG9hZHNcLzIwMjRcLzAxXC9Qb3BwaW5zLTQuanBnIiwic2xpZGVzaG93IjoiNDk4YTI3MiJ9\" href='https:\/\/fashionuniform.ro\/wp-content\/uploads\/2024\/01\/Poppins-4.jpg'><img loading=\"lazy\" decoding=\"async\" width=\"682\" height=\"1024\" src=\"https:\/\/fashionuniform.ro\/wp-content\/uploads\/2024\/01\/Poppins-4-682x1024.jpg\" class=\"attachment-large size-large\" alt=\"\" srcset=\"https:\/\/fashionuniform.ro\/wp-content\/uploads\/2024\/01\/Poppins-4-682x1024.jpg 682w, https:\/\/fashionuniform.ro\/wp-content\/uploads\/2024\/01\/Poppins-4-200x300.jpg 200w, https:\/\/fashionuniform.ro\/wp-content\/uploads\/2024\/01\/Poppins-4.jpg 699w\" sizes=\"(max-width: 682px) 100vw, 682px\" \/><\/a>\n\t\t\t<\/div><\/figure><figure class='gallery-item'>\n\t\t\t<div class='gallery-icon landscape'>\n\t\t\t\t<a data-elementor-open-lightbox=\"yes\" data-elementor-lightbox-slideshow=\"498a272\" data-elementor-lightbox-title=\"M10\" data-e-action-hash=\"#elementor-action%3Aaction%3Dlightbox%26settings%3DeyJpZCI6ODA1LCJ1cmwiOiJodHRwczpcL1wvZmFzaGlvbnVuaWZvcm0ucm9cL3dwLWNvbnRlbnRcL3VwbG9hZHNcLzIwMjRcLzAxXC9NMTAtMS5qcGciLCJzbGlkZXNob3ciOiI0OThhMjcyIn0%3D\" href='https:\/\/fashionuniform.ro\/wp-content\/uploads\/2024\/01\/M10-1.jpg'><img loading=\"lazy\" decoding=\"async\" width=\"626\" height=\"417\" src=\"https:\/\/fashionuniform.ro\/wp-content\/uploads\/2024\/01\/M10-1.jpg\" class=\"attachment-large size-large\" alt=\"\" srcset=\"https:\/\/fashionuniform.ro\/wp-content\/uploads\/2024\/01\/M10-1.jpg 626w, https:\/\/fashionuniform.ro\/wp-content\/uploads\/2024\/01\/M10-1-300x200.jpg 300w\" sizes=\"(max-width: 626px) 100vw, 626px\" \/><\/a>\n\t\t\t<\/div><\/figure><figure class='gallery-item'>\n\t\t\t<div class='gallery-icon landscape'>\n\t\t\t\t<a data-elementor-open-lightbox=\"yes\" data-elementor-lightbox-slideshow=\"498a272\" data-elementor-lightbox-title=\"R4\" data-e-action-hash=\"#elementor-action%3Aaction%3Dlightbox%26settings%3DeyJpZCI6MTkyLCJ1cmwiOiJodHRwczpcL1wvZmFzaGlvbnVuaWZvcm0ucm9cL3dwLWNvbnRlbnRcL3VwbG9hZHNcLzIwMjRcLzAxXC9SNC5qcGciLCJzbGlkZXNob3ciOiI0OThhMjcyIn0%3D\" href='https:\/\/fashionuniform.ro\/wp-content\/uploads\/2024\/01\/R4.jpg'><img loading=\"lazy\" decoding=\"async\" width=\"626\" height=\"417\" src=\"https:\/\/fashionuniform.ro\/wp-content\/uploads\/2024\/01\/R4.jpg\" class=\"attachment-large size-large\" alt=\"\" srcset=\"https:\/\/fashionuniform.ro\/wp-content\/uploads\/2024\/01\/R4.jpg 626w, https:\/\/fashionuniform.ro\/wp-content\/uploads\/2024\/01\/R4-300x200.jpg 300w\" sizes=\"(max-width: 626px) 100vw, 626px\" \/><\/a>\n\t\t\t<\/div><\/figure><figure class='gallery-item'>\n\t\t\t<div class='gallery-icon landscape'>\n\t\t\t\t<a data-elementor-open-lightbox=\"yes\" data-elementor-lightbox-slideshow=\"498a272\" data-elementor-lightbox-title=\"R BA\u015eLIK\" data-e-action-hash=\"#elementor-action%3Aaction%3Dlightbox%26settings%3DeyJpZCI6MTg5LCJ1cmwiOiJodHRwczpcL1wvZmFzaGlvbnVuaWZvcm0ucm9cL3dwLWNvbnRlbnRcL3VwbG9hZHNcLzIwMjRcLzAxXC9SLUJBU0xJSy5qcGciLCJzbGlkZXNob3ciOiI0OThhMjcyIn0%3D\" href='https:\/\/fashionuniform.ro\/wp-content\/uploads\/2024\/01\/R-BASLIK.jpg'><img loading=\"lazy\" decoding=\"async\" width=\"626\" height=\"417\" src=\"https:\/\/fashionuniform.ro\/wp-content\/uploads\/2024\/01\/R-BASLIK.jpg\" class=\"attachment-large size-large\" alt=\"\" srcset=\"https:\/\/fashionuniform.ro\/wp-content\/uploads\/2024\/01\/R-BASLIK.jpg 626w, https:\/\/fashionuniform.ro\/wp-content\/uploads\/2024\/01\/R-BASLIK-300x200.jpg 300w\" sizes=\"(max-width: 626px) 100vw, 626px\" \/><\/a>\n\t\t\t<\/div><\/figure><figure class='gallery-item'>\n\t\t\t<div class='gallery-icon landscape'>\n\t\t\t\t<a data-elementor-open-lightbox=\"yes\" data-elementor-lightbox-slideshow=\"498a272\" data-elementor-lightbox-title=\"R1\" data-e-action-hash=\"#elementor-action%3Aaction%3Dlightbox%26settings%3DeyJpZCI6MTkwLCJ1cmwiOiJodHRwczpcL1wvZmFzaGlvbnVuaWZvcm0ucm9cL3dwLWNvbnRlbnRcL3VwbG9hZHNcLzIwMjRcLzAxXC9SMS5qcGciLCJzbGlkZXNob3ciOiI0OThhMjcyIn0%3D\" href='https:\/\/fashionuniform.ro\/wp-content\/uploads\/2024\/01\/R1.jpg'><img loading=\"lazy\" decoding=\"async\" width=\"626\" height=\"417\" src=\"https:\/\/fashionuniform.ro\/wp-content\/uploads\/2024\/01\/R1.jpg\" class=\"attachment-large size-large\" alt=\"\" srcset=\"https:\/\/fashionuniform.ro\/wp-content\/uploads\/2024\/01\/R1.jpg 626w, https:\/\/fashionuniform.ro\/wp-content\/uploads\/2024\/01\/R1-300x200.jpg 300w\" sizes=\"(max-width: 626px) 100vw, 626px\" \/><\/a>\n\t\t\t<\/div><\/figure><figure class='gallery-item'>\n\t\t\t<div class='gallery-icon landscape'>\n\t\t\t\t<a data-elementor-open-lightbox=\"yes\" data-elementor-lightbox-slideshow=\"498a272\" data-elementor-lightbox-title=\"M4 (1)\" data-e-action-hash=\"#elementor-action%3Aaction%3Dlightbox%26settings%3DeyJpZCI6ODA0LCJ1cmwiOiJodHRwczpcL1wvZmFzaGlvbnVuaWZvcm0ucm9cL3dwLWNvbnRlbnRcL3VwbG9hZHNcLzIwMjRcLzAxXC9NNC0xLTEuanBnIiwic2xpZGVzaG93IjoiNDk4YTI3MiJ9\" href='https:\/\/fashionuniform.ro\/wp-content\/uploads\/2024\/01\/M4-1-1.jpg'><img loading=\"lazy\" decoding=\"async\" width=\"626\" height=\"417\" src=\"https:\/\/fashionuniform.ro\/wp-content\/uploads\/2024\/01\/M4-1-1.jpg\" class=\"attachment-large size-large\" alt=\"\" srcset=\"https:\/\/fashionuniform.ro\/wp-content\/uploads\/2024\/01\/M4-1-1.jpg 626w, https:\/\/fashionuniform.ro\/wp-content\/uploads\/2024\/01\/M4-1-1-300x200.jpg 300w\" sizes=\"(max-width: 626px) 100vw, 626px\" \/><\/a>\n\t\t\t<\/div><\/figure>\n\t\t<\/div>\n\t\t<\/div>\n\t\t\t\t<\/div>\n\t\t\t\t<\/div>\n\t\t\t\t<div class=\"elementor-element elementor-element-94652dc elementor-widget elementor-widget-text-editor\" data-id=\"94652dc\" data-element_type=\"widget\" data-widget_type=\"text-editor.default\">\n\t\t\t\t<div class=\"elementor-widget-container\">\n\t\t\t<style>\/*! elementor - v3.22.0 - 26-06-2024 *\/\n.elementor-widget-text-editor.elementor-drop-cap-view-stacked .elementor-drop-cap{background-color:#69727d;color:#fff}.elementor-widget-text-editor.elementor-drop-cap-view-framed .elementor-drop-cap{color:#69727d;border:3px solid;background-color:transparent}.elementor-widget-text-editor:not(.elementor-drop-cap-view-default) .elementor-drop-cap{margin-top:8px}.elementor-widget-text-editor:not(.elementor-drop-cap-view-default) .elementor-drop-cap-letter{width:1em;height:1em}.elementor-widget-text-editor .elementor-drop-cap{float:left;text-align:center;line-height:1;font-size:50px}.elementor-widget-text-editor .elementor-drop-cap-letter{display:inline-block}<\/style>\t\t\t\t<p>\u00cen<b> zonele industriale<\/b>, tricourile \u0219i hanoracele ofer\u0103 confort \u0219i flexibilitate pentru muncitorii angaja\u021bi \u00een sarcini solicitante din punct de vedere fizic. Materialele respirabile sporesc u\u0219urin\u021ba de mi\u0219care, men\u021bin\u00e2nd \u00een acela\u0219i timp un aspect profesional.&nbsp;<\/p>\n<p>\u00cen<b> \u0219coli,<\/b> aceste articole de \u00eembr\u0103c\u0103minte contribuie la un sentiment de unitate, prezent\u00e2nd adesea logo-uri \u0219colare sau afilieri la echipe.&nbsp;<\/p>\n<p><span style=\"color: var( --e-global-color-text ); font-style: var( --e-global-typography-text-font-style ); letter-spacing: 0px; text-transform: var( --e-global-typography-text-text-transform ); text-align: var(--text-align); background-color: var( --e-global-color-c696dce );\">\u00cen plus,<b> \u00een fabrici,<\/b> tricourile \u0219i hanoracele servesc ca \u00eembr\u0103c\u0103minte de lucru practic\u0103, oferind angaja\u021bilor confort \u0219i protec\u021bie, promov\u00e2nd astfel un mediu propice pentru productivitate \u0219i bun\u0103stare \u00een fabric\u0103.<\/span><\/p>\t\t\t\t\t\t<\/div>\n\t\t\t\t<\/div>\n\t\t\t\t\t<\/div>\n\t\t\t\t<\/div>\n\t\t<div class=\"elementor-element elementor-element-04199d7 e-flex e-con-boxed e-con e-parent\" data-id=\"04199d7\" data-element_type=\"container\">\n\t\t\t\t\t<div class=\"e-con-inner\">\n\t\t\t\t<div class=\"elementor-element elementor-element-60461e7 elementor-align-center elementor-widget elementor-widget-button\" data-id=\"60461e7\" data-element_type=\"widget\" data-widget_type=\"button.default\">\n\t\t\t\t<div class=\"elementor-widget-container\">\n\t\t\t\t\t<div class=\"elementor-button-wrapper\">\n\t\t\t<a class=\"elementor-button elementor-button-link elementor-size-lg\" href=\"https:\/\/fashionuniform.ro\/?page_id=20\">\n\t\t\t\t\t\t<span class=\"elementor-button-content-wrapper\">\n\t\t\t\t\t\t<span class=\"elementor-button-icon\">\n\t\t\t\t<svg aria-hidden=\"true\" class=\"e-font-icon-svg e-fas-phone\" viewBox=\"0 0 512 512\" xmlns=\"http:\/\/www.w3.org\/2000\/svg\"><path d=\"M493.4 24.6l-104-24c-11.3-2.6-22.9 3.3-27.5 13.9l-48 112c-4.2 9.8-1.4 21.3 6.9 28l60.6 49.6c-36 76.7-98.9 140.5-177.2 177.2l-49.6-60.6c-6.8-8.3-18.2-11.1-28-6.9l-112 48C3.9 366.5-2 378.1.6 389.4l24 104C27.1 504.2 36.7 512 48 512c256.1 0 464-207.5 464-464 0-11.2-7.7-20.9-18.6-23.4z\"><\/path><\/svg>\t\t\t<\/span>\n\t\t\t\t\t\t\t\t\t<span class=\"elementor-button-text\">Suna\u021bi acum<\/span>\n\t\t\t\t\t<\/span>\n\t\t\t\t\t<\/a>\n\t\t<\/div>\n\t\t\t\t<\/div>\n\t\t\t\t<\/div>\n\t\t\t\t\t<\/div>\n\t\t\t\t<\/div>\n\t\t\t\t<\/div>\n\t\t","protected":false},"excerpt":{"rendered":"<p>Tricou-Sweatshirt \u00cen zonele industriale, tricourile \u0219i hanoracele ofer\u0103 confort \u0219i flexibilitate pentru muncitorii angaja\u021bi \u00een sarcini solicitante din punct de vedere fizic. Materialele respirabile sporesc u\u0219urin\u021ba de mi\u0219care, men\u021bin\u00e2nd \u00een acela\u0219i timp un aspect profesional.&nbsp; \u00cen \u0219coli, aceste articole de \u00eembr\u0103c\u0103minte contribuie la un sentiment de unitate, prezent\u00e2nd adesea logo-uri \u0219colare sau afilieri la echipe.&nbsp; [&hellip;]<\/p>\n","protected":false},"author":1,"featured_media":0,"parent":0,"menu_order":0,"comment_status":"closed","ping_status":"closed","template":"","meta":{"footnotes":""},"class_list":["post-579","page","type-page","status-publish","hentry"],"_links":{"self":[{"href":"https:\/\/fashionuniform.ro\/index.php?rest_route=\/wp\/v2\/pages\/579","targetHints":{"allow":["GET"]}}],"collection":[{"href":"https:\/\/fashionuniform.ro\/index.php?rest_route=\/wp\/v2\/pages"}],"about":[{"href":"https:\/\/fashionuniform.ro\/index.php?rest_route=\/wp\/v2\/types\/page"}],"author":[{"embeddable":true,"href":"https:\/\/fashionuniform.ro\/index.php?rest_route=\/wp\/v2\/users\/1"}],"replies":[{"embeddable":true,"href":"https:\/\/fashionuniform.ro\/index.php?rest_route=%2Fwp%2Fv2%2Fcomments&post=579"}],"version-history":[{"count":19,"href":"https:\/\/fashionuniform.ro\/index.php?rest_route=\/wp\/v2\/pages\/579\/revisions"}],"predecessor-version":[{"id":846,"href":"https:\/\/fashionuniform.ro\/index.php?rest_route=\/wp\/v2\/pages\/579\/revisions\/846"}],"wp:attachment":[{"href":"https:\/\/fashionuniform.ro\/index.php?rest_route=%2Fwp%2Fv2%2Fmedia&parent=579"}],"curies":[{"name":"wp","href":"https:\/\/api.w.org\/{rel}","templated":true}]}}