{"id":584,"date":"2024-01-20T09:07:02","date_gmt":"2024-01-20T09:07:02","guid":{"rendered":"https:\/\/fashionuniform.ro\/?page_id=584"},"modified":"2024-01-21T09:47:28","modified_gmt":"2024-01-21T09:47:28","slug":"echipamente","status":"publish","type":"page","link":"https:\/\/fashionuniform.ro\/?page_id=584","title":{"rendered":"Echipamente"},"content":{"rendered":"\t\t<div data-elementor-type=\"wp-page\" data-elementor-id=\"584\" class=\"elementor elementor-584\">\n\t\t\t\t<div class=\"elementor-element elementor-element-c1e550d e-flex e-con-boxed e-con e-parent\" data-id=\"c1e550d\" data-element_type=\"container\">\n\t\t\t\t\t<div class=\"e-con-inner\">\n\t\t\t\t<div class=\"elementor-element elementor-element-78c0900 elementor-widget elementor-widget-heading\" data-id=\"78c0900\" data-element_type=\"widget\" data-widget_type=\"heading.default\">\n\t\t\t\t<div class=\"elementor-widget-container\">\n\t\t\t<style>\/*! elementor - v3.22.0 - 26-06-2024 *\/\n.elementor-heading-title{padding:0;margin:0;line-height:1}.elementor-widget-heading .elementor-heading-title[class*=elementor-size-]>a{color:inherit;font-size:inherit;line-height:inherit}.elementor-widget-heading .elementor-heading-title.elementor-size-small{font-size:15px}.elementor-widget-heading .elementor-heading-title.elementor-size-medium{font-size:19px}.elementor-widget-heading .elementor-heading-title.elementor-size-large{font-size:29px}.elementor-widget-heading .elementor-heading-title.elementor-size-xl{font-size:39px}.elementor-widget-heading .elementor-heading-title.elementor-size-xxl{font-size:59px}<\/style><h2 class=\"elementor-heading-title elementor-size-default\">Echipamente<\/h2>\t\t<\/div>\n\t\t\t\t<\/div>\n\t\t\t\t\t<\/div>\n\t\t\t\t<\/div>\n\t\t<div class=\"elementor-element elementor-element-4362920 e-flex e-con-boxed e-con e-parent\" data-id=\"4362920\" data-element_type=\"container\">\n\t\t\t\t\t<div class=\"e-con-inner\">\n\t\t\t\t<div class=\"elementor-element elementor-element-b895ed3 elementor-widget elementor-widget-image-gallery\" data-id=\"b895ed3\" data-element_type=\"widget\" data-widget_type=\"image-gallery.default\">\n\t\t\t\t<div class=\"elementor-widget-container\">\n\t\t\t<style>\/*! elementor - v3.22.0 - 26-06-2024 *\/\n.elementor-image-gallery .gallery-item{display:inline-block;text-align:center;vertical-align:top;width:100%;max-width:100%;margin:0 auto}.elementor-image-gallery .gallery-item img{margin:0 auto}.elementor-image-gallery .gallery-item .gallery-caption{margin:0}.elementor-image-gallery figure img{display:block}.elementor-image-gallery figure figcaption{width:100%}.gallery-spacing-custom .elementor-image-gallery .gallery-icon{padding:0}@media (min-width:768px){.elementor-image-gallery .gallery-columns-2 .gallery-item{max-width:50%}.elementor-image-gallery .gallery-columns-3 .gallery-item{max-width:33.33%}.elementor-image-gallery .gallery-columns-4 .gallery-item{max-width:25%}.elementor-image-gallery .gallery-columns-5 .gallery-item{max-width:20%}.elementor-image-gallery .gallery-columns-6 .gallery-item{max-width:16.666%}.elementor-image-gallery .gallery-columns-7 .gallery-item{max-width:14.28%}.elementor-image-gallery .gallery-columns-8 .gallery-item{max-width:12.5%}.elementor-image-gallery .gallery-columns-9 .gallery-item{max-width:11.11%}.elementor-image-gallery .gallery-columns-10 .gallery-item{max-width:10%}}@media (min-width:480px) and (max-width:767px){.elementor-image-gallery .gallery.gallery-columns-2 .gallery-item,.elementor-image-gallery .gallery.gallery-columns-3 .gallery-item,.elementor-image-gallery .gallery.gallery-columns-4 .gallery-item,.elementor-image-gallery .gallery.gallery-columns-5 .gallery-item,.elementor-image-gallery .gallery.gallery-columns-6 .gallery-item,.elementor-image-gallery .gallery.gallery-columns-7 .gallery-item,.elementor-image-gallery .gallery.gallery-columns-8 .gallery-item,.elementor-image-gallery .gallery.gallery-columns-9 .gallery-item,.elementor-image-gallery .gallery.gallery-columns-10 .gallery-item{max-width:50%}}@media (max-width:479px){.elementor-image-gallery .gallery.gallery-columns-2 .gallery-item,.elementor-image-gallery .gallery.gallery-columns-3 .gallery-item,.elementor-image-gallery .gallery.gallery-columns-4 .gallery-item,.elementor-image-gallery .gallery.gallery-columns-5 .gallery-item,.elementor-image-gallery .gallery.gallery-columns-6 .gallery-item,.elementor-image-gallery .gallery.gallery-columns-7 .gallery-item,.elementor-image-gallery .gallery.gallery-columns-8 .gallery-item,.elementor-image-gallery .gallery.gallery-columns-9 .gallery-item,.elementor-image-gallery .gallery.gallery-columns-10 .gallery-item{max-width:100%}}<\/style>\t\t<div class=\"elementor-image-gallery\">\n\t\t\t<div id='gallery-1' class='gallery galleryid-584 gallery-columns-3 gallery-size-thumbnail'><figure class='gallery-item'>\n\t\t\t<div class='gallery-icon portrait'>\n\t\t\t\t<a data-elementor-open-lightbox=\"yes\" data-elementor-lightbox-slideshow=\"b895ed3\" data-elementor-lightbox-title=\"b8\" data-e-action-hash=\"#elementor-action%3Aaction%3Dlightbox%26settings%3DeyJpZCI6NzYwLCJ1cmwiOiJodHRwczpcL1wvZmFzaGlvbnVuaWZvcm0ucm9cL3dwLWNvbnRlbnRcL3VwbG9hZHNcLzIwMjRcLzAxXC9iOC5qcGciLCJzbGlkZXNob3ciOiJiODk1ZWQzIn0%3D\" href='https:\/\/fashionuniform.ro\/wp-content\/uploads\/2024\/01\/b8.jpg'><img decoding=\"async\" width=\"150\" height=\"150\" src=\"https:\/\/fashionuniform.ro\/wp-content\/uploads\/2024\/01\/b8-150x150.jpg\" class=\"attachment-thumbnail size-thumbnail\" alt=\"\" \/><\/a>\n\t\t\t<\/div><\/figure><figure class='gallery-item'>\n\t\t\t<div class='gallery-icon landscape'>\n\t\t\t\t<a data-elementor-open-lightbox=\"yes\" data-elementor-lightbox-slideshow=\"b895ed3\" data-elementor-lightbox-title=\"b5\" data-e-action-hash=\"#elementor-action%3Aaction%3Dlightbox%26settings%3DeyJpZCI6NzYzLCJ1cmwiOiJodHRwczpcL1wvZmFzaGlvbnVuaWZvcm0ucm9cL3dwLWNvbnRlbnRcL3VwbG9hZHNcLzIwMjRcLzAxXC9iNS0xLmpwZyIsInNsaWRlc2hvdyI6ImI4OTVlZDMifQ%3D%3D\" href='https:\/\/fashionuniform.ro\/wp-content\/uploads\/2024\/01\/b5-1.jpg'><img decoding=\"async\" width=\"150\" height=\"150\" src=\"https:\/\/fashionuniform.ro\/wp-content\/uploads\/2024\/01\/b5-1-150x150.jpg\" class=\"attachment-thumbnail size-thumbnail\" alt=\"\" srcset=\"https:\/\/fashionuniform.ro\/wp-content\/uploads\/2024\/01\/b5-1-150x150.jpg 150w, https:\/\/fashionuniform.ro\/wp-content\/uploads\/2024\/01\/b5-1-300x300.jpg 300w, https:\/\/fashionuniform.ro\/wp-content\/uploads\/2024\/01\/b5-1.jpg 500w\" sizes=\"(max-width: 150px) 100vw, 150px\" \/><\/a>\n\t\t\t<\/div><\/figure><figure class='gallery-item'>\n\t\t\t<div class='gallery-icon landscape'>\n\t\t\t\t<a data-elementor-open-lightbox=\"yes\" data-elementor-lightbox-slideshow=\"b895ed3\" data-elementor-lightbox-title=\"b1\" data-e-action-hash=\"#elementor-action%3Aaction%3Dlightbox%26settings%3DeyJpZCI6NzY2LCJ1cmwiOiJodHRwczpcL1wvZmFzaGlvbnVuaWZvcm0ucm9cL3dwLWNvbnRlbnRcL3VwbG9hZHNcLzIwMjRcLzAxXC9iMS0xLmpwZyIsInNsaWRlc2hvdyI6ImI4OTVlZDMifQ%3D%3D\" href='https:\/\/fashionuniform.ro\/wp-content\/uploads\/2024\/01\/b1-1.jpg'><img decoding=\"async\" width=\"150\" height=\"150\" src=\"https:\/\/fashionuniform.ro\/wp-content\/uploads\/2024\/01\/b1-1-150x150.jpg\" class=\"attachment-thumbnail size-thumbnail\" alt=\"\" srcset=\"https:\/\/fashionuniform.ro\/wp-content\/uploads\/2024\/01\/b1-1-150x150.jpg 150w, https:\/\/fashionuniform.ro\/wp-content\/uploads\/2024\/01\/b1-1-300x300.jpg 300w, https:\/\/fashionuniform.ro\/wp-content\/uploads\/2024\/01\/b1-1.jpg 500w\" sizes=\"(max-width: 150px) 100vw, 150px\" \/><\/a>\n\t\t\t<\/div><\/figure><figure class='gallery-item'>\n\t\t\t<div class='gallery-icon landscape'>\n\t\t\t\t<a data-elementor-open-lightbox=\"yes\" data-elementor-lightbox-slideshow=\"b895ed3\" data-elementor-lightbox-title=\"b6\" data-e-action-hash=\"#elementor-action%3Aaction%3Dlightbox%26settings%3DeyJpZCI6NzYyLCJ1cmwiOiJodHRwczpcL1wvZmFzaGlvbnVuaWZvcm0ucm9cL3dwLWNvbnRlbnRcL3VwbG9hZHNcLzIwMjRcLzAxXC9iNi0xLmpwZyIsInNsaWRlc2hvdyI6ImI4OTVlZDMifQ%3D%3D\" href='https:\/\/fashionuniform.ro\/wp-content\/uploads\/2024\/01\/b6-1.jpg'><img loading=\"lazy\" decoding=\"async\" width=\"150\" height=\"150\" src=\"https:\/\/fashionuniform.ro\/wp-content\/uploads\/2024\/01\/b6-1-150x150.jpg\" class=\"attachment-thumbnail size-thumbnail\" alt=\"\" srcset=\"https:\/\/fashionuniform.ro\/wp-content\/uploads\/2024\/01\/b6-1-150x150.jpg 150w, https:\/\/fashionuniform.ro\/wp-content\/uploads\/2024\/01\/b6-1-300x300.jpg 300w, https:\/\/fashionuniform.ro\/wp-content\/uploads\/2024\/01\/b6-1.jpg 500w\" sizes=\"(max-width: 150px) 100vw, 150px\" \/><\/a>\n\t\t\t<\/div><\/figure><figure class='gallery-item'>\n\t\t\t<div class='gallery-icon landscape'>\n\t\t\t\t<a data-elementor-open-lightbox=\"yes\" data-elementor-lightbox-slideshow=\"b895ed3\" data-elementor-lightbox-title=\"b7\" data-e-action-hash=\"#elementor-action%3Aaction%3Dlightbox%26settings%3DeyJpZCI6NzYxLCJ1cmwiOiJodHRwczpcL1wvZmFzaGlvbnVuaWZvcm0ucm9cL3dwLWNvbnRlbnRcL3VwbG9hZHNcLzIwMjRcLzAxXC9iNy0xLmpwZyIsInNsaWRlc2hvdyI6ImI4OTVlZDMifQ%3D%3D\" href='https:\/\/fashionuniform.ro\/wp-content\/uploads\/2024\/01\/b7-1.jpg'><img loading=\"lazy\" decoding=\"async\" width=\"150\" height=\"150\" src=\"https:\/\/fashionuniform.ro\/wp-content\/uploads\/2024\/01\/b7-1-150x150.jpg\" class=\"attachment-thumbnail size-thumbnail\" alt=\"\" srcset=\"https:\/\/fashionuniform.ro\/wp-content\/uploads\/2024\/01\/b7-1-150x150.jpg 150w, https:\/\/fashionuniform.ro\/wp-content\/uploads\/2024\/01\/b7-1-300x300.jpg 300w, https:\/\/fashionuniform.ro\/wp-content\/uploads\/2024\/01\/b7-1.jpg 500w\" sizes=\"(max-width: 150px) 100vw, 150px\" \/><\/a>\n\t\t\t<\/div><\/figure><figure class='gallery-item'>\n\t\t\t<div class='gallery-icon landscape'>\n\t\t\t\t<a data-elementor-open-lightbox=\"yes\" data-elementor-lightbox-slideshow=\"b895ed3\" data-elementor-lightbox-title=\"b3\" data-e-action-hash=\"#elementor-action%3Aaction%3Dlightbox%26settings%3DeyJpZCI6NzY0LCJ1cmwiOiJodHRwczpcL1wvZmFzaGlvbnVuaWZvcm0ucm9cL3dwLWNvbnRlbnRcL3VwbG9hZHNcLzIwMjRcLzAxXC9iMy0xLmpwZyIsInNsaWRlc2hvdyI6ImI4OTVlZDMifQ%3D%3D\" href='https:\/\/fashionuniform.ro\/wp-content\/uploads\/2024\/01\/b3-1.jpg'><img loading=\"lazy\" decoding=\"async\" width=\"150\" height=\"150\" src=\"https:\/\/fashionuniform.ro\/wp-content\/uploads\/2024\/01\/b3-1-150x150.jpg\" class=\"attachment-thumbnail size-thumbnail\" alt=\"\" srcset=\"https:\/\/fashionuniform.ro\/wp-content\/uploads\/2024\/01\/b3-1-150x150.jpg 150w, https:\/\/fashionuniform.ro\/wp-content\/uploads\/2024\/01\/b3-1-300x300.jpg 300w, https:\/\/fashionuniform.ro\/wp-content\/uploads\/2024\/01\/b3-1-1024x1024.jpg 1024w, https:\/\/fashionuniform.ro\/wp-content\/uploads\/2024\/01\/b3-1-768x768.jpg 768w, https:\/\/fashionuniform.ro\/wp-content\/uploads\/2024\/01\/b3-1.jpg 1500w\" sizes=\"(max-width: 150px) 100vw, 150px\" \/><\/a>\n\t\t\t<\/div><\/figure><figure class='gallery-item'>\n\t\t\t<div class='gallery-icon landscape'>\n\t\t\t\t<a data-elementor-open-lightbox=\"yes\" data-elementor-lightbox-slideshow=\"b895ed3\" data-elementor-lightbox-title=\"b2\" data-e-action-hash=\"#elementor-action%3Aaction%3Dlightbox%26settings%3DeyJpZCI6NzY1LCJ1cmwiOiJodHRwczpcL1wvZmFzaGlvbnVuaWZvcm0ucm9cL3dwLWNvbnRlbnRcL3VwbG9hZHNcLzIwMjRcLzAxXC9iMi0xLmpwZyIsInNsaWRlc2hvdyI6ImI4OTVlZDMifQ%3D%3D\" href='https:\/\/fashionuniform.ro\/wp-content\/uploads\/2024\/01\/b2-1.jpg'><img loading=\"lazy\" decoding=\"async\" width=\"150\" height=\"150\" src=\"https:\/\/fashionuniform.ro\/wp-content\/uploads\/2024\/01\/b2-1-150x150.jpg\" class=\"attachment-thumbnail size-thumbnail\" alt=\"\" srcset=\"https:\/\/fashionuniform.ro\/wp-content\/uploads\/2024\/01\/b2-1-150x150.jpg 150w, https:\/\/fashionuniform.ro\/wp-content\/uploads\/2024\/01\/b2-1-300x300.jpg 300w, https:\/\/fashionuniform.ro\/wp-content\/uploads\/2024\/01\/b2-1.jpg 500w\" sizes=\"(max-width: 150px) 100vw, 150px\" \/><\/a>\n\t\t\t<\/div><\/figure><figure class='gallery-item'>\n\t\t\t<div class='gallery-icon landscape'>\n\t\t\t\t<a data-elementor-open-lightbox=\"yes\" data-elementor-lightbox-slideshow=\"b895ed3\" data-elementor-lightbox-title=\"m2\" data-e-action-hash=\"#elementor-action%3Aaction%3Dlightbox%26settings%3DeyJpZCI6NzY3LCJ1cmwiOiJodHRwczpcL1wvZmFzaGlvbnVuaWZvcm0ucm9cL3dwLWNvbnRlbnRcL3VwbG9hZHNcLzIwMjRcLzAxXC9tMi0zLmpwZyIsInNsaWRlc2hvdyI6ImI4OTVlZDMifQ%3D%3D\" href='https:\/\/fashionuniform.ro\/wp-content\/uploads\/2024\/01\/m2-3.jpg'><img loading=\"lazy\" decoding=\"async\" width=\"150\" height=\"150\" src=\"https:\/\/fashionuniform.ro\/wp-content\/uploads\/2024\/01\/m2-3-150x150.jpg\" class=\"attachment-thumbnail size-thumbnail\" alt=\"\" srcset=\"https:\/\/fashionuniform.ro\/wp-content\/uploads\/2024\/01\/m2-3-150x150.jpg 150w, https:\/\/fashionuniform.ro\/wp-content\/uploads\/2024\/01\/m2-3-300x300.jpg 300w, https:\/\/fashionuniform.ro\/wp-content\/uploads\/2024\/01\/m2-3.jpg 500w\" sizes=\"(max-width: 150px) 100vw, 150px\" \/><\/a>\n\t\t\t<\/div><\/figure><figure class='gallery-item'>\n\t\t\t<div class='gallery-icon landscape'>\n\t\t\t\t<a data-elementor-open-lightbox=\"yes\" data-elementor-lightbox-slideshow=\"b895ed3\" data-elementor-lightbox-title=\"ar2\" data-e-action-hash=\"#elementor-action%3Aaction%3Dlightbox%26settings%3DeyJpZCI6NzY4LCJ1cmwiOiJodHRwczpcL1wvZmFzaGlvbnVuaWZvcm0ucm9cL3dwLWNvbnRlbnRcL3VwbG9hZHNcLzIwMjRcLzAxXC9hcjItMi5qcGciLCJzbGlkZXNob3ciOiJiODk1ZWQzIn0%3D\" href='https:\/\/fashionuniform.ro\/wp-content\/uploads\/2024\/01\/ar2-2.jpg'><img loading=\"lazy\" decoding=\"async\" width=\"150\" height=\"150\" src=\"https:\/\/fashionuniform.ro\/wp-content\/uploads\/2024\/01\/ar2-2-150x150.jpg\" class=\"attachment-thumbnail size-thumbnail\" alt=\"\" srcset=\"https:\/\/fashionuniform.ro\/wp-content\/uploads\/2024\/01\/ar2-2-150x150.jpg 150w, https:\/\/fashionuniform.ro\/wp-content\/uploads\/2024\/01\/ar2-2-300x300.jpg 300w, https:\/\/fashionuniform.ro\/wp-content\/uploads\/2024\/01\/ar2-2.jpg 500w\" sizes=\"(max-width: 150px) 100vw, 150px\" \/><\/a>\n\t\t\t<\/div><\/figure>\n\t\t<\/div>\n\t\t<\/div>\n\t\t\t\t<\/div>\n\t\t\t\t<\/div>\n\t\t\t\t\t<\/div>\n\t\t\t\t<\/div>\n\t\t<div class=\"elementor-element elementor-element-6cd8970 e-flex e-con-boxed e-con e-parent\" data-id=\"6cd8970\" data-element_type=\"container\">\n\t\t\t\t\t<div class=\"e-con-inner\">\n\t\t\t\t<div class=\"elementor-element elementor-element-d6317f6 elementor-widget elementor-widget-text-editor\" data-id=\"d6317f6\" data-element_type=\"widget\" data-widget_type=\"text-editor.default\">\n\t\t\t\t<div class=\"elementor-widget-container\">\n\t\t\t<style>\/*! elementor - v3.22.0 - 26-06-2024 *\/\n.elementor-widget-text-editor.elementor-drop-cap-view-stacked .elementor-drop-cap{background-color:#69727d;color:#fff}.elementor-widget-text-editor.elementor-drop-cap-view-framed .elementor-drop-cap{color:#69727d;border:3px solid;background-color:transparent}.elementor-widget-text-editor:not(.elementor-drop-cap-view-default) .elementor-drop-cap{margin-top:8px}.elementor-widget-text-editor:not(.elementor-drop-cap-view-default) .elementor-drop-cap-letter{width:1em;height:1em}.elementor-widget-text-editor .elementor-drop-cap{float:left;text-align:center;line-height:1;font-size:50px}.elementor-widget-text-editor .elementor-drop-cap-letter{display:inline-block}<\/style>\t\t\t\t<p>\u00cen zonele industriale, importan\u021ba unui echipament adecvat este esen\u021bial\u0103 pentru eficien\u021ba opera\u021bional\u0103 \u0219i siguran\u021ba lucr\u0103torilor. Utilajele \u0219i instrumentele specializate eficientizeaz\u0103 procesele, <strong>asigur\u00e2nd precizie \u0219i productivitate, minimiz\u00e2nd \u00een acela\u0219i timp riscurile.<\/strong><\/p><p>\u00cen spitale, o gam\u0103 larg\u0103 de echipamente medicale este esen\u021bial\u0103 pentru diagnosticarea \u0219i tratarea pacien\u021bilor, permi\u021b\u00e2nd profesioni\u0219tilor din domeniul s\u0103n\u0103t\u0103\u021bii s\u0103 ofere o \u00eengrijire optim\u0103.<\/p><p>\u00cen fabrici, echipamentul potrivit faciliteaz\u0103 produc\u021bia \u00een mas\u0103 \u0219i controlul calit\u0103\u021bii, contribuind la succesul general al proceselor de fabrica\u021bie.<strong> Utilizarea strategic\u0103 a echipamentelor face parte integrant\u0103 din func\u021bionalitatea \u0219i succesul diverselor industrii.<\/strong><\/p>\t\t\t\t\t\t<\/div>\n\t\t\t\t<\/div>\n\t\t\t\t\t<\/div>\n\t\t\t\t<\/div>\n\t\t<div class=\"elementor-element elementor-element-a826f55 e-flex e-con-boxed e-con e-parent\" data-id=\"a826f55\" data-element_type=\"container\">\n\t\t\t\t\t<div class=\"e-con-inner\">\n\t\t\t\t<div class=\"elementor-element elementor-element-1416fab elementor-align-center elementor-widget elementor-widget-button\" data-id=\"1416fab\" data-element_type=\"widget\" data-widget_type=\"button.default\">\n\t\t\t\t<div class=\"elementor-widget-container\">\n\t\t\t\t\t<div class=\"elementor-button-wrapper\">\n\t\t\t<a class=\"elementor-button elementor-button-link elementor-size-lg\" href=\"https:\/\/fashionuniform.ro\/?page_id=20\">\n\t\t\t\t\t\t<span class=\"elementor-button-content-wrapper\">\n\t\t\t\t\t\t<span class=\"elementor-button-icon\">\n\t\t\t\t<svg aria-hidden=\"true\" class=\"e-font-icon-svg e-fas-phone\" viewBox=\"0 0 512 512\" xmlns=\"http:\/\/www.w3.org\/2000\/svg\"><path d=\"M493.4 24.6l-104-24c-11.3-2.6-22.9 3.3-27.5 13.9l-48 112c-4.2 9.8-1.4 21.3 6.9 28l60.6 49.6c-36 76.7-98.9 140.5-177.2 177.2l-49.6-60.6c-6.8-8.3-18.2-11.1-28-6.9l-112 48C3.9 366.5-2 378.1.6 389.4l24 104C27.1 504.2 36.7 512 48 512c256.1 0 464-207.5 464-464 0-11.2-7.7-20.9-18.6-23.4z\"><\/path><\/svg>\t\t\t<\/span>\n\t\t\t\t\t\t\t\t\t<span class=\"elementor-button-text\">Suna\u021bi acum<\/span>\n\t\t\t\t\t<\/span>\n\t\t\t\t\t<\/a>\n\t\t<\/div>\n\t\t\t\t<\/div>\n\t\t\t\t<\/div>\n\t\t\t\t\t<\/div>\n\t\t\t\t<\/div>\n\t\t\t\t<\/div>\n\t\t","protected":false},"excerpt":{"rendered":"<p>Echipamente \u00cen zonele industriale, importan\u021ba unui echipament adecvat este esen\u021bial\u0103 pentru eficien\u021ba opera\u021bional\u0103 \u0219i siguran\u021ba lucr\u0103torilor. Utilajele \u0219i instrumentele specializate eficientizeaz\u0103 procesele, asigur\u00e2nd precizie \u0219i productivitate, minimiz\u00e2nd \u00een acela\u0219i timp riscurile. \u00cen spitale, o gam\u0103 larg\u0103 de echipamente medicale este esen\u021bial\u0103 pentru diagnosticarea \u0219i tratarea pacien\u021bilor, permi\u021b\u00e2nd profesioni\u0219tilor din domeniul s\u0103n\u0103t\u0103\u021bii s\u0103 ofere o \u00eengrijire [&hellip;]<\/p>\n","protected":false},"author":1,"featured_media":0,"parent":0,"menu_order":0,"comment_status":"closed","ping_status":"closed","template":"","meta":{"footnotes":""},"class_list":["post-584","page","type-page","status-publish","hentry"],"_links":{"self":[{"href":"https:\/\/fashionuniform.ro\/index.php?rest_route=\/wp\/v2\/pages\/584","targetHints":{"allow":["GET"]}}],"collection":[{"href":"https:\/\/fashionuniform.ro\/index.php?rest_route=\/wp\/v2\/pages"}],"about":[{"href":"https:\/\/fashionuniform.ro\/index.php?rest_route=\/wp\/v2\/types\/page"}],"author":[{"embeddable":true,"href":"https:\/\/fashionuniform.ro\/index.php?rest_route=\/wp\/v2\/users\/1"}],"replies":[{"embeddable":true,"href":"https:\/\/fashionuniform.ro\/index.php?rest_route=%2Fwp%2Fv2%2Fcomments&post=584"}],"version-history":[{"count":10,"href":"https:\/\/fashionuniform.ro\/index.php?rest_route=\/wp\/v2\/pages\/584\/revisions"}],"predecessor-version":[{"id":864,"href":"https:\/\/fashionuniform.ro\/index.php?rest_route=\/wp\/v2\/pages\/584\/revisions\/864"}],"wp:attachment":[{"href":"https:\/\/fashionuniform.ro\/index.php?rest_route=%2Fwp%2Fv2%2Fmedia&parent=584"}],"curies":[{"name":"wp","href":"https:\/\/api.w.org\/{rel}","templated":true}]}}