{"id":866,"date":"2024-02-25T18:44:13","date_gmt":"2024-02-25T18:44:13","guid":{"rendered":"https:\/\/fashionuniform.ro\/?page_id=866"},"modified":"2024-02-25T18:50:10","modified_gmt":"2024-02-25T18:50:10","slug":"medical","status":"publish","type":"page","link":"https:\/\/fashionuniform.ro\/?page_id=866","title":{"rendered":"Medical"},"content":{"rendered":"\t\t<div data-elementor-type=\"wp-page\" data-elementor-id=\"866\" class=\"elementor elementor-866\">\n\t\t\t\t<div class=\"elementor-element elementor-element-588aa0f e-flex e-con-boxed e-con e-parent\" data-id=\"588aa0f\" data-element_type=\"container\">\n\t\t\t\t\t<div class=\"e-con-inner\">\n\t\t\t\t<div class=\"elementor-element elementor-element-2838aad elementor-widget elementor-widget-heading\" data-id=\"2838aad\" data-element_type=\"widget\" data-widget_type=\"heading.default\">\n\t\t\t\t<div class=\"elementor-widget-container\">\n\t\t\t<style>\/*! elementor - v3.22.0 - 26-06-2024 *\/\n.elementor-heading-title{padding:0;margin:0;line-height:1}.elementor-widget-heading .elementor-heading-title[class*=elementor-size-]>a{color:inherit;font-size:inherit;line-height:inherit}.elementor-widget-heading .elementor-heading-title.elementor-size-small{font-size:15px}.elementor-widget-heading .elementor-heading-title.elementor-size-medium{font-size:19px}.elementor-widget-heading .elementor-heading-title.elementor-size-large{font-size:29px}.elementor-widget-heading .elementor-heading-title.elementor-size-xl{font-size:39px}.elementor-widget-heading .elementor-heading-title.elementor-size-xxl{font-size:59px}<\/style><h2 class=\"elementor-heading-title elementor-size-default\">Medical Uniform<\/h2>\t\t<\/div>\n\t\t\t\t<\/div>\n\t\t\t\t\t<\/div>\n\t\t\t\t<\/div>\n\t\t<div class=\"elementor-element elementor-element-438132f e-flex e-con-boxed e-con e-parent\" data-id=\"438132f\" data-element_type=\"container\">\n\t\t\t\t\t<div class=\"e-con-inner\">\n\t\t\t\t<div class=\"elementor-element elementor-element-8ce7847 elementor-widget elementor-widget-image-gallery\" data-id=\"8ce7847\" data-element_type=\"widget\" data-widget_type=\"image-gallery.default\">\n\t\t\t\t<div class=\"elementor-widget-container\">\n\t\t\t<style>\/*! elementor - v3.22.0 - 26-06-2024 *\/\n.elementor-image-gallery .gallery-item{display:inline-block;text-align:center;vertical-align:top;width:100%;max-width:100%;margin:0 auto}.elementor-image-gallery .gallery-item img{margin:0 auto}.elementor-image-gallery .gallery-item .gallery-caption{margin:0}.elementor-image-gallery figure img{display:block}.elementor-image-gallery figure figcaption{width:100%}.gallery-spacing-custom .elementor-image-gallery .gallery-icon{padding:0}@media (min-width:768px){.elementor-image-gallery .gallery-columns-2 .gallery-item{max-width:50%}.elementor-image-gallery .gallery-columns-3 .gallery-item{max-width:33.33%}.elementor-image-gallery .gallery-columns-4 .gallery-item{max-width:25%}.elementor-image-gallery .gallery-columns-5 .gallery-item{max-width:20%}.elementor-image-gallery .gallery-columns-6 .gallery-item{max-width:16.666%}.elementor-image-gallery .gallery-columns-7 .gallery-item{max-width:14.28%}.elementor-image-gallery .gallery-columns-8 .gallery-item{max-width:12.5%}.elementor-image-gallery .gallery-columns-9 .gallery-item{max-width:11.11%}.elementor-image-gallery .gallery-columns-10 .gallery-item{max-width:10%}}@media (min-width:480px) and (max-width:767px){.elementor-image-gallery .gallery.gallery-columns-2 .gallery-item,.elementor-image-gallery .gallery.gallery-columns-3 .gallery-item,.elementor-image-gallery .gallery.gallery-columns-4 .gallery-item,.elementor-image-gallery .gallery.gallery-columns-5 .gallery-item,.elementor-image-gallery .gallery.gallery-columns-6 .gallery-item,.elementor-image-gallery .gallery.gallery-columns-7 .gallery-item,.elementor-image-gallery .gallery.gallery-columns-8 .gallery-item,.elementor-image-gallery .gallery.gallery-columns-9 .gallery-item,.elementor-image-gallery .gallery.gallery-columns-10 .gallery-item{max-width:50%}}@media (max-width:479px){.elementor-image-gallery .gallery.gallery-columns-2 .gallery-item,.elementor-image-gallery .gallery.gallery-columns-3 .gallery-item,.elementor-image-gallery .gallery.gallery-columns-4 .gallery-item,.elementor-image-gallery .gallery.gallery-columns-5 .gallery-item,.elementor-image-gallery .gallery.gallery-columns-6 .gallery-item,.elementor-image-gallery .gallery.gallery-columns-7 .gallery-item,.elementor-image-gallery .gallery.gallery-columns-8 .gallery-item,.elementor-image-gallery .gallery.gallery-columns-9 .gallery-item,.elementor-image-gallery .gallery.gallery-columns-10 .gallery-item{max-width:100%}}<\/style>\t\t<div class=\"elementor-image-gallery\">\n\t\t\t<div id='gallery-1' class='gallery galleryid-866 gallery-columns-3 gallery-size-large'><figure class='gallery-item'>\n\t\t\t<div class='gallery-icon portrait'>\n\t\t\t\t<a data-elementor-open-lightbox=\"yes\" data-elementor-lightbox-slideshow=\"8ce7847\" data-elementor-lightbox-title=\"poppins11\" data-e-action-hash=\"#elementor-action%3Aaction%3Dlightbox%26settings%3DeyJpZCI6ODY4LCJ1cmwiOiJodHRwczpcL1wvZmFzaGlvbnVuaWZvcm0ucm9cL3dwLWNvbnRlbnRcL3VwbG9hZHNcLzIwMjRcLzAyXC9iai5qcGciLCJzbGlkZXNob3ciOiI4Y2U3ODQ3In0%3D\" href='https:\/\/fashionuniform.ro\/wp-content\/uploads\/2024\/02\/bj.jpg'><img fetchpriority=\"high\" decoding=\"async\" width=\"682\" height=\"1024\" src=\"https:\/\/fashionuniform.ro\/wp-content\/uploads\/2024\/02\/bj-682x1024.jpg\" class=\"attachment-large size-large\" alt=\"\" srcset=\"https:\/\/fashionuniform.ro\/wp-content\/uploads\/2024\/02\/bj-682x1024.jpg 682w, https:\/\/fashionuniform.ro\/wp-content\/uploads\/2024\/02\/bj-200x300.jpg 200w, https:\/\/fashionuniform.ro\/wp-content\/uploads\/2024\/02\/bj.jpg 699w\" sizes=\"(max-width: 682px) 100vw, 682px\" \/><\/a>\n\t\t\t<\/div><\/figure><figure class='gallery-item'>\n\t\t\t<div class='gallery-icon portrait'>\n\t\t\t\t<a data-elementor-open-lightbox=\"yes\" data-elementor-lightbox-slideshow=\"8ce7847\" data-elementor-lightbox-title=\"Poppins (1)\" data-e-action-hash=\"#elementor-action%3Aaction%3Dlightbox%26settings%3DeyJpZCI6ODY5LCJ1cmwiOiJodHRwczpcL1wvZmFzaGlvbnVuaWZvcm0ucm9cL3dwLWNvbnRlbnRcL3VwbG9hZHNcLzIwMjRcLzAyXC9Qb3BwaW5zLTEuanBnIiwic2xpZGVzaG93IjoiOGNlNzg0NyJ9\" href='https:\/\/fashionuniform.ro\/wp-content\/uploads\/2024\/02\/Poppins-1.jpg'><img decoding=\"async\" width=\"682\" height=\"1024\" src=\"https:\/\/fashionuniform.ro\/wp-content\/uploads\/2024\/02\/Poppins-1-682x1024.jpg\" class=\"attachment-large size-large\" alt=\"\" srcset=\"https:\/\/fashionuniform.ro\/wp-content\/uploads\/2024\/02\/Poppins-1-682x1024.jpg 682w, https:\/\/fashionuniform.ro\/wp-content\/uploads\/2024\/02\/Poppins-1-200x300.jpg 200w, https:\/\/fashionuniform.ro\/wp-content\/uploads\/2024\/02\/Poppins-1.jpg 699w\" sizes=\"(max-width: 682px) 100vw, 682px\" \/><\/a>\n\t\t\t<\/div><\/figure><figure class='gallery-item'>\n\t\t\t<div class='gallery-icon portrait'>\n\t\t\t\t<a data-elementor-open-lightbox=\"yes\" data-elementor-lightbox-slideshow=\"8ce7847\" data-elementor-lightbox-title=\"Poppins (2)\" data-e-action-hash=\"#elementor-action%3Aaction%3Dlightbox%26settings%3DeyJpZCI6ODcwLCJ1cmwiOiJodHRwczpcL1wvZmFzaGlvbnVuaWZvcm0ucm9cL3dwLWNvbnRlbnRcL3VwbG9hZHNcLzIwMjRcLzAyXC9Qb3BwaW5zLTIuanBnIiwic2xpZGVzaG93IjoiOGNlNzg0NyJ9\" href='https:\/\/fashionuniform.ro\/wp-content\/uploads\/2024\/02\/Poppins-2.jpg'><img decoding=\"async\" width=\"682\" height=\"1024\" src=\"https:\/\/fashionuniform.ro\/wp-content\/uploads\/2024\/02\/Poppins-2-682x1024.jpg\" class=\"attachment-large size-large\" alt=\"\" srcset=\"https:\/\/fashionuniform.ro\/wp-content\/uploads\/2024\/02\/Poppins-2-682x1024.jpg 682w, https:\/\/fashionuniform.ro\/wp-content\/uploads\/2024\/02\/Poppins-2-200x300.jpg 200w, https:\/\/fashionuniform.ro\/wp-content\/uploads\/2024\/02\/Poppins-2.jpg 699w\" sizes=\"(max-width: 682px) 100vw, 682px\" \/><\/a>\n\t\t\t<\/div><\/figure><figure class='gallery-item'>\n\t\t\t<div class='gallery-icon portrait'>\n\t\t\t\t<a data-elementor-open-lightbox=\"yes\" data-elementor-lightbox-slideshow=\"8ce7847\" data-elementor-lightbox-title=\"Poppins (3)\" data-e-action-hash=\"#elementor-action%3Aaction%3Dlightbox%26settings%3DeyJpZCI6ODcxLCJ1cmwiOiJodHRwczpcL1wvZmFzaGlvbnVuaWZvcm0ucm9cL3dwLWNvbnRlbnRcL3VwbG9hZHNcLzIwMjRcLzAyXC9Qb3BwaW5zLTMuanBnIiwic2xpZGVzaG93IjoiOGNlNzg0NyJ9\" href='https:\/\/fashionuniform.ro\/wp-content\/uploads\/2024\/02\/Poppins-3.jpg'><img loading=\"lazy\" decoding=\"async\" width=\"682\" height=\"1024\" src=\"https:\/\/fashionuniform.ro\/wp-content\/uploads\/2024\/02\/Poppins-3-682x1024.jpg\" class=\"attachment-large size-large\" alt=\"\" srcset=\"https:\/\/fashionuniform.ro\/wp-content\/uploads\/2024\/02\/Poppins-3-682x1024.jpg 682w, https:\/\/fashionuniform.ro\/wp-content\/uploads\/2024\/02\/Poppins-3-200x300.jpg 200w, https:\/\/fashionuniform.ro\/wp-content\/uploads\/2024\/02\/Poppins-3.jpg 699w\" sizes=\"(max-width: 682px) 100vw, 682px\" \/><\/a>\n\t\t\t<\/div><\/figure><figure class='gallery-item'>\n\t\t\t<div class='gallery-icon portrait'>\n\t\t\t\t<a data-elementor-open-lightbox=\"yes\" data-elementor-lightbox-slideshow=\"8ce7847\" data-elementor-lightbox-title=\"Poppins (4)\" data-e-action-hash=\"#elementor-action%3Aaction%3Dlightbox%26settings%3DeyJpZCI6ODcyLCJ1cmwiOiJodHRwczpcL1wvZmFzaGlvbnVuaWZvcm0ucm9cL3dwLWNvbnRlbnRcL3VwbG9hZHNcLzIwMjRcLzAyXC9Qb3BwaW5zLTQuanBnIiwic2xpZGVzaG93IjoiOGNlNzg0NyJ9\" href='https:\/\/fashionuniform.ro\/wp-content\/uploads\/2024\/02\/Poppins-4.jpg'><img loading=\"lazy\" decoding=\"async\" width=\"682\" height=\"1024\" src=\"https:\/\/fashionuniform.ro\/wp-content\/uploads\/2024\/02\/Poppins-4-682x1024.jpg\" class=\"attachment-large size-large\" alt=\"\" srcset=\"https:\/\/fashionuniform.ro\/wp-content\/uploads\/2024\/02\/Poppins-4-682x1024.jpg 682w, https:\/\/fashionuniform.ro\/wp-content\/uploads\/2024\/02\/Poppins-4-200x300.jpg 200w, https:\/\/fashionuniform.ro\/wp-content\/uploads\/2024\/02\/Poppins-4.jpg 699w\" sizes=\"(max-width: 682px) 100vw, 682px\" \/><\/a>\n\t\t\t<\/div><\/figure><figure class='gallery-item'>\n\t\t\t<div class='gallery-icon portrait'>\n\t\t\t\t<a data-elementor-open-lightbox=\"yes\" data-elementor-lightbox-slideshow=\"8ce7847\" data-elementor-lightbox-title=\"Poppins (5)\" data-e-action-hash=\"#elementor-action%3Aaction%3Dlightbox%26settings%3DeyJpZCI6ODczLCJ1cmwiOiJodHRwczpcL1wvZmFzaGlvbnVuaWZvcm0ucm9cL3dwLWNvbnRlbnRcL3VwbG9hZHNcLzIwMjRcLzAyXC9Qb3BwaW5zLTUuanBnIiwic2xpZGVzaG93IjoiOGNlNzg0NyJ9\" href='https:\/\/fashionuniform.ro\/wp-content\/uploads\/2024\/02\/Poppins-5.jpg'><img loading=\"lazy\" decoding=\"async\" width=\"682\" height=\"1024\" src=\"https:\/\/fashionuniform.ro\/wp-content\/uploads\/2024\/02\/Poppins-5-682x1024.jpg\" class=\"attachment-large size-large\" alt=\"\" srcset=\"https:\/\/fashionuniform.ro\/wp-content\/uploads\/2024\/02\/Poppins-5-682x1024.jpg 682w, https:\/\/fashionuniform.ro\/wp-content\/uploads\/2024\/02\/Poppins-5-200x300.jpg 200w, https:\/\/fashionuniform.ro\/wp-content\/uploads\/2024\/02\/Poppins-5.jpg 699w\" sizes=\"(max-width: 682px) 100vw, 682px\" \/><\/a>\n\t\t\t<\/div><\/figure><figure class='gallery-item'>\n\t\t\t<div class='gallery-icon portrait'>\n\t\t\t\t<a data-elementor-open-lightbox=\"yes\" data-elementor-lightbox-slideshow=\"8ce7847\" data-elementor-lightbox-title=\"Poppins (6)\" data-e-action-hash=\"#elementor-action%3Aaction%3Dlightbox%26settings%3DeyJpZCI6ODc0LCJ1cmwiOiJodHRwczpcL1wvZmFzaGlvbnVuaWZvcm0ucm9cL3dwLWNvbnRlbnRcL3VwbG9hZHNcLzIwMjRcLzAyXC9Qb3BwaW5zLTYuanBnIiwic2xpZGVzaG93IjoiOGNlNzg0NyJ9\" href='https:\/\/fashionuniform.ro\/wp-content\/uploads\/2024\/02\/Poppins-6.jpg'><img loading=\"lazy\" decoding=\"async\" width=\"682\" height=\"1024\" src=\"https:\/\/fashionuniform.ro\/wp-content\/uploads\/2024\/02\/Poppins-6-682x1024.jpg\" class=\"attachment-large size-large\" alt=\"\" srcset=\"https:\/\/fashionuniform.ro\/wp-content\/uploads\/2024\/02\/Poppins-6-682x1024.jpg 682w, https:\/\/fashionuniform.ro\/wp-content\/uploads\/2024\/02\/Poppins-6-200x300.jpg 200w, https:\/\/fashionuniform.ro\/wp-content\/uploads\/2024\/02\/Poppins-6.jpg 699w\" sizes=\"(max-width: 682px) 100vw, 682px\" \/><\/a>\n\t\t\t<\/div><\/figure><figure class='gallery-item'>\n\t\t\t<div class='gallery-icon portrait'>\n\t\t\t\t<a data-elementor-open-lightbox=\"yes\" data-elementor-lightbox-slideshow=\"8ce7847\" data-elementor-lightbox-title=\"Poppins\" data-e-action-hash=\"#elementor-action%3Aaction%3Dlightbox%26settings%3DeyJpZCI6ODc1LCJ1cmwiOiJodHRwczpcL1wvZmFzaGlvbnVuaWZvcm0ucm9cL3dwLWNvbnRlbnRcL3VwbG9hZHNcLzIwMjRcLzAyXC9Qb3BwaW5zLmpwZyIsInNsaWRlc2hvdyI6IjhjZTc4NDcifQ%3D%3D\" href='https:\/\/fashionuniform.ro\/wp-content\/uploads\/2024\/02\/Poppins.jpg'><img loading=\"lazy\" decoding=\"async\" width=\"682\" height=\"1024\" src=\"https:\/\/fashionuniform.ro\/wp-content\/uploads\/2024\/02\/Poppins-682x1024.jpg\" class=\"attachment-large size-large\" alt=\"\" srcset=\"https:\/\/fashionuniform.ro\/wp-content\/uploads\/2024\/02\/Poppins-682x1024.jpg 682w, https:\/\/fashionuniform.ro\/wp-content\/uploads\/2024\/02\/Poppins-200x300.jpg 200w, https:\/\/fashionuniform.ro\/wp-content\/uploads\/2024\/02\/Poppins.jpg 699w\" sizes=\"(max-width: 682px) 100vw, 682px\" \/><\/a>\n\t\t\t<\/div><\/figure><figure class='gallery-item'>\n\t\t\t<div class='gallery-icon portrait'>\n\t\t\t\t<a data-elementor-open-lightbox=\"yes\" data-elementor-lightbox-slideshow=\"8ce7847\" data-elementor-lightbox-title=\"Poppinsjhj (2)\" data-e-action-hash=\"#elementor-action%3Aaction%3Dlightbox%26settings%3DeyJpZCI6ODc2LCJ1cmwiOiJodHRwczpcL1wvZmFzaGlvbnVuaWZvcm0ucm9cL3dwLWNvbnRlbnRcL3VwbG9hZHNcLzIwMjRcLzAyXC9Qb3BwaW5zamhqLTIuanBnIiwic2xpZGVzaG93IjoiOGNlNzg0NyJ9\" href='https:\/\/fashionuniform.ro\/wp-content\/uploads\/2024\/02\/Poppinsjhj-2.jpg'><img loading=\"lazy\" decoding=\"async\" width=\"682\" height=\"1024\" src=\"https:\/\/fashionuniform.ro\/wp-content\/uploads\/2024\/02\/Poppinsjhj-2-682x1024.jpg\" class=\"attachment-large size-large\" alt=\"\" srcset=\"https:\/\/fashionuniform.ro\/wp-content\/uploads\/2024\/02\/Poppinsjhj-2-682x1024.jpg 682w, https:\/\/fashionuniform.ro\/wp-content\/uploads\/2024\/02\/Poppinsjhj-2-200x300.jpg 200w, https:\/\/fashionuniform.ro\/wp-content\/uploads\/2024\/02\/Poppinsjhj-2.jpg 699w\" sizes=\"(max-width: 682px) 100vw, 682px\" \/><\/a>\n\t\t\t<\/div><\/figure>\n\t\t<\/div>\n\t\t<\/div>\n\t\t\t\t<\/div>\n\t\t\t\t<\/div>\n\t\t\t\t<div class=\"elementor-element elementor-element-95c8c3d elementor-widget elementor-widget-text-editor\" data-id=\"95c8c3d\" data-element_type=\"widget\" data-widget_type=\"text-editor.default\">\n\t\t\t\t<div class=\"elementor-widget-container\">\n\t\t\t<style>\/*! elementor - v3.22.0 - 26-06-2024 *\/\n.elementor-widget-text-editor.elementor-drop-cap-view-stacked .elementor-drop-cap{background-color:#69727d;color:#fff}.elementor-widget-text-editor.elementor-drop-cap-view-framed .elementor-drop-cap{color:#69727d;border:3px solid;background-color:transparent}.elementor-widget-text-editor:not(.elementor-drop-cap-view-default) .elementor-drop-cap{margin-top:8px}.elementor-widget-text-editor:not(.elementor-drop-cap-view-default) .elementor-drop-cap-letter{width:1em;height:1em}.elementor-widget-text-editor .elementor-drop-cap{float:left;text-align:center;line-height:1;font-size:50px}.elementor-widget-text-editor .elementor-drop-cap-letter{display:inline-block}<\/style>\t\t\t\t<p>\u00cen lumea rapid\u0103 a asisten\u021bei medicale, \u00een care precizia \u0219i aten\u021bia la detalii sunt primordiale, importan\u021ba uniformelor standardizate nu poate fi supraestimat\u0103.\u00a0<strong>Uniformele noastre sunt concepute cu meticulozitate nu numai pentru a respecta liniile directoare din industrie, ci \u0219i pentru a \u00eembun\u0103t\u0103\u021bi performan\u021ba general\u0103 \u0219i bun\u0103starea personalului medical.<\/strong>\u00a0Calitatea materialelor pe care le folosim asigur\u0103 confortul \u0219i respirabilitatea, esen\u021biale pentru acele ture lungi \u0219i solicitante.\u00a0<strong>Uniformele noastre sunt croite pentru a rezista rigorilor mediului medical, p\u0103str\u00e2ndu-\u0219i integritatea sp\u0103lare dup\u0103 sp\u0103lare. Investind \u00een uniformele noastre, institu\u021biile medicale pot crea un mediu de lucru profesionist \u0219i organizat, care favorizeaz\u0103 \u00eencrederea \u0219i credibilitatea \u00een r\u00e2ndul pacien\u021bilor, permi\u021b\u00e2nd \u00een acela\u0219i timp cadrelor medicale s\u0103 se concentreze pe ceea ce fac cel mai bine \u2013 furnizarea de \u00eengrijiri excep\u021bionale.<\/strong><\/p>\t\t\t\t\t\t<\/div>\n\t\t\t\t<\/div>\n\t\t\t\t\t<\/div>\n\t\t\t\t<\/div>\n\t\t<div class=\"elementor-element elementor-element-93aac67 e-flex e-con-boxed e-con e-parent\" data-id=\"93aac67\" data-element_type=\"container\">\n\t\t\t\t\t<div class=\"e-con-inner\">\n\t\t\t\t<div class=\"elementor-element elementor-element-9b1e8ed elementor-button-info elementor-align-center elementor-widget elementor-widget-button\" data-id=\"9b1e8ed\" data-element_type=\"widget\" data-widget_type=\"button.default\">\n\t\t\t\t<div class=\"elementor-widget-container\">\n\t\t\t\t\t<div class=\"elementor-button-wrapper\">\n\t\t\t<a class=\"elementor-button elementor-button-link elementor-size-lg\" href=\"https:\/\/fashionuniform.ro\/?page_id=20\">\n\t\t\t\t\t\t<span class=\"elementor-button-content-wrapper\">\n\t\t\t\t\t\t<span class=\"elementor-button-icon\">\n\t\t\t\t<svg aria-hidden=\"true\" class=\"e-font-icon-svg e-fas-phone\" viewBox=\"0 0 512 512\" xmlns=\"http:\/\/www.w3.org\/2000\/svg\"><path d=\"M493.4 24.6l-104-24c-11.3-2.6-22.9 3.3-27.5 13.9l-48 112c-4.2 9.8-1.4 21.3 6.9 28l60.6 49.6c-36 76.7-98.9 140.5-177.2 177.2l-49.6-60.6c-6.8-8.3-18.2-11.1-28-6.9l-112 48C3.9 366.5-2 378.1.6 389.4l24 104C27.1 504.2 36.7 512 48 512c256.1 0 464-207.5 464-464 0-11.2-7.7-20.9-18.6-23.4z\"><\/path><\/svg>\t\t\t<\/span>\n\t\t\t\t\t\t\t\t\t<span class=\"elementor-button-text\">Suna\u021bi acum<\/span>\n\t\t\t\t\t<\/span>\n\t\t\t\t\t<\/a>\n\t\t<\/div>\n\t\t\t\t<\/div>\n\t\t\t\t<\/div>\n\t\t\t\t\t<\/div>\n\t\t\t\t<\/div>\n\t\t\t\t<\/div>\n\t\t","protected":false},"excerpt":{"rendered":"<p>Medical Uniform \u00cen lumea rapid\u0103 a asisten\u021bei medicale, \u00een care precizia \u0219i aten\u021bia la detalii sunt primordiale, importan\u021ba uniformelor standardizate nu poate fi supraestimat\u0103.\u00a0Uniformele noastre sunt concepute cu meticulozitate nu numai pentru a respecta liniile directoare din industrie, ci \u0219i pentru a \u00eembun\u0103t\u0103\u021bi performan\u021ba general\u0103 \u0219i bun\u0103starea personalului medical.\u00a0Calitatea materialelor pe care le folosim asigur\u0103 [&hellip;]<\/p>\n","protected":false},"author":1,"featured_media":0,"parent":0,"menu_order":0,"comment_status":"closed","ping_status":"closed","template":"","meta":{"footnotes":""},"class_list":["post-866","page","type-page","status-publish","hentry"],"_links":{"self":[{"href":"https:\/\/fashionuniform.ro\/index.php?rest_route=\/wp\/v2\/pages\/866","targetHints":{"allow":["GET"]}}],"collection":[{"href":"https:\/\/fashionuniform.ro\/index.php?rest_route=\/wp\/v2\/pages"}],"about":[{"href":"https:\/\/fashionuniform.ro\/index.php?rest_route=\/wp\/v2\/types\/page"}],"author":[{"embeddable":true,"href":"https:\/\/fashionuniform.ro\/index.php?rest_route=\/wp\/v2\/users\/1"}],"replies":[{"embeddable":true,"href":"https:\/\/fashionuniform.ro\/index.php?rest_route=%2Fwp%2Fv2%2Fcomments&post=866"}],"version-history":[{"count":4,"href":"https:\/\/fashionuniform.ro\/index.php?rest_route=\/wp\/v2\/pages\/866\/revisions"}],"predecessor-version":[{"id":880,"href":"https:\/\/fashionuniform.ro\/index.php?rest_route=\/wp\/v2\/pages\/866\/revisions\/880"}],"wp:attachment":[{"href":"https:\/\/fashionuniform.ro\/index.php?rest_route=%2Fwp%2Fv2%2Fmedia&parent=866"}],"curies":[{"name":"wp","href":"https:\/\/api.w.org\/{rel}","templated":true}]}}